{"id":10924,"date":"2021-09-29T16:03:53","date_gmt":"2021-09-29T13:03:53","guid":{"rendered":"http:\/\/shortsea.org.tr\/?page_id=10924"},"modified":"2021-09-29T16:03:55","modified_gmt":"2021-09-29T13:03:55","slug":"eylul-2021-ab-bulteni","status":"publish","type":"page","link":"http:\/\/shortsea.org.tr\/en\/eylul-2021-ab-bulteni\/","title":{"rendered":"Eyl\u00fcl 2021 AB B\u00fclteni"},"content":{"rendered":"<section  id=\"section-69fde02d76a02\" class=\"fw-main-row   auto\"  style=\"  \"  >\r\n    <div >\r\n        <div class=\"fw-container sections\">\r\n            <div class=\"fw-row\">\n\t\r\n\r\n\r\n<div id=\"column-69fde02d771cc\" class=\"none  fw-col-md-12      wow\" data-wow-offset=\"120\" data-wow-duration=\"1.5s\" style=\"  \">\r\n        <div class=\"fw-main-row\"  style=\"\">\r\n        <div class=\"fw-col-inner\">\r\n            <div class=\"fw-divider-space\" style=\"margin-bottom:200px;\" ><\/div>\r\n<div class=\"fw-heading head_title fw-heading-h4 fw-heading-center   wow fadeIn\" data-wow-offset=\"120\" data-wow-duration=\"1.5s\">\r\n        <div class=\"\"><h4 class='fw-special-title'  style='color: '><span>SEPTEMBER 2020 EUROPEAN UNION BULLETIN <\/span><\/h4><\/div>\r\n\r\n    \r\n\r\n    \r\n            <div class=\"separator_wrap\"> <div class=\"separator\"><\/div><\/div>\r\n        \r\n\r\n<\/div><p>News compiled from various sources on current developments in the maritime industry in Europe is presented below for informational purposes.<\/p><p><strong><u>1- EU maritime transport: first environmental impact report acknowledges good progress towards sustainability and confirms that more effort is needed to prepare for rising demand<\/u><\/strong><\/p><p>Maritime transport plays and will continue to play an essential role in global and European trade and economy. In recent years, the maritime sector has taken significant measures to alleviate its environmental impacts. Ahead of a projected increase in global shipping volumes, a new report reveals for the first time the full extent of the impact of the EU maritime transport sector on the environment and identifies challenges to achieving sustainability.<\/p><p>With 77 % of European external trade and 35 % of all trade by value between EU Member States moved by sea, maritime transport is a key part of the international supply chain. Despite a drop in shipping activity in 2020 due to the effects of the COVID-19 pandemic, the sector is expected to grow strongly over the coming decades, fuelled by rising demand for primary resources and container shipping<\/p><p>Against this background, the European Maritime Transport Environment Report, launched today by the European Environment Agency and the European Maritime Safety Agency, marks the first comprehensive health-check of the sector. The report shows that ships produce 13.5 % of all greenhouse gas emissions from transport in the EU, behind emissions from road transport (71 %) and aviation (14.4 %). Sulphur dioxide (SO2) emissions from ships calling in European ports amounted to approximately 1.63 million tonnes in 2019, a figure which is expected to fall further over the coming decades due to stricter environmental rules and measures.<\/p><p>Maritime transport is estimated to have contributed to the fact that underwater noise levels in EU waters have more than doubled between 2014 and 2019 and has been responsible for half of all non-indigenous species introduced into European seas since 1949. However, even though the volume of oil transported by sea has been steadily increasing, only eight accidental medium to large oil tanker spills out of a worldwide total of 62 occurred in EU waters over the past decade.<\/p><p>The joint report assesses the current state of emerging maritime transport sustainability solutions, including alternative fuels, batteries and onshore power supply, and provides a comprehensive picture of their uptake in the EU. It also outlines future challenges posed by climate change for the industry, including the potential impact of rising sea levels on ports. <em>\u201cOur Sustainable and Smart Mobility Strategy makes clear that all transport modes need to become more sustainable, smarter and more resilient \u2014  including shipping. Although maritime transport has improved its environmental footprint in past years, it still faces big challenges when it comes to decarbonising and reducing pollution. Based on all the latest evidence, our policies aim to help the sector confront these challenges, by making the most of innovative solutions and digital technologies. This way, maritime transport can keep growing and delivering on our citizens\u2019 daily needs, in harmony with the environment, all the while maintaining its competitiveness and continuing to create quality jobs,\u201d said Adina V\u0103lean, EU Commissioner for Transport.<\/em><\/p><p>\u201cThis joint report gives us an excellent overview of the present and future challenges related to maritime transport. The message is clear: maritime transport is expected to increase in the coming years and unless we act now, the sector will produce more and more greenhouse gas emissions, air pollutants and underwater noise. <em>A smooth but rapid transition of the sector is crucial to meet the objectives of the European Green Deal and move towards carbon neutrality. This will also create new economic opportunities for the European transport industry as part of the necessary transition to a sustainable blue economy. The challenge is immense, but we have the technologies, the resources and the will to tackle it,\u201d said Virginijus Sinkevi\u010dius, European Commissioner for Environment, Oceans and Fisheries.<\/em><\/p><p>\u201cInnovation-driven sustainability is an opportunity for shipping to complete a transformation on the same scale as the replacement of sails by steam. This new maritime revolution will depend on ships developed through advanced technology and digital solutions, but also on a multi-layered, fully inclusive process at national, European and international level that encompasses safety, security and social aspects as well as environmental ones. But crucial too is shipping\u2019s role as a link in a transnational logistics chain. This means that every part of that chain \u2014  from ports to the shipbuilding sector, from shippers to the private and public financial sectors \u2014  must be included in our drive towards sustainability,\u201d said Maja Markov\u010di\u0107 Kostelac, EMSA\u2019s Executive Director.<\/p><p>2019 y\u0131l\u0131nda Avrupa limanlar\u0131na u\u011frak yapan gemilerden kaynaklanan k\u00fck\u00fcrt oksit emisyonlar\u0131 yakla\u015f\u0131k 1.63 milyon ton olarak \u00f6l\u00e7\u00fclm\u00fc\u015f olup, k\u00fcresel k\u00fck\u00fcrt oksit emisyonlar\u0131n\u0131n yakla\u015f\u0131k %16\u2019s\u0131n\u0131n ise uluslararas\u0131 deniz ta\u015f\u0131mac\u0131l\u0131\u011f\u0131 faaliyetlerinden kaynakland\u0131\u011f\u0131 belirtilmi\u015ftir.<\/p><p>\u201cWhile Europe\u2019s maritime transport sector plays a vital role for our economic well-being, this report clearly shows that maritime transport in Europe and the entire international shipping community have an urgent responsibility to step up their efforts to reduce this sector\u2019s environmental footprint. While steps have been taken already based on European and international policies, much more is needed for a fundamental shift towards a sustainable maritime transport sector that contributes to secure the future well-being and survival of our most sensitive ecosystems and coastal areas, and the well-being of Europeans,\u201d said Hans Bruyninckx, EEA Executive Director.<\/p><p>Key impacts on the environment\n\u2022\tGreenhouse gas emissions: in total, ships calling at EU and European Economic Area ports generated 140 million tonnes of CO2 emissions in 2018 (approximately 18 % of all CO2 emissions generated by maritime transport worldwide that year).\n\u2022\tAir pollution: In 2019, sulphur dioxide (SO2) emissions from ships calling in European ports amounted to around 1.63 million tonnes, approximately 16 % of the global SO2 emissions from international shipping.\n\u2022\tUnderwater noise: Ships create noise which can affect marine species in different ways. It is estimated that between 2014 and 2019, the total accumulated underwater radiated noise energy more than doubled in EU waters. Container ships, passenger ships and tankers generate the highest noise energy emissions from propeller use.<\/p><p>\u2022\tNon-indigenous species: Overall, since 1949, the maritime transport sector has accounted for the largest proportion of non-indigenous species introduced into seas around the EU \u2014 close to 50 % of all species, with the largest number found in the Mediterranean. A total of 51 species are all classified as high impact, meaning that they can affect ecosystems and native species. The report also notes the limited data available in assessing the full impact on habitats and species.\n\u2022\tOil pollution: out of a total of 18 large accidental oil spills in the word since 2010, only three were located in the EU (17 %); better monitoring, enforcement and awareness is helping to reduce oil pollution events even though the amount of oil transported by sea has been steadily growing for the past 30 years.<\/p><p>Navigating towards sustainability\nEU maritime transport faces a crucial decade to transition to a more economically, socially and environmentally sustainable sector.\nAlready, most ships calling in the EU have reduced their speed by up to 20 % compared to 2008, thereby also reducing emissions, according to the report.<\/p><p>In addition, non-traditional fuels and energy sources, such as biofuels, batteries, hydrogen or ammonia, are emerging as possible alternatives for shipping, with the potential to decarbonise the sector and lead to zero emissions. Onshore power supply (where ships shut down their engines and connect to a power source on land while berthed at port) can also provide a clean source of energy in maritime and inland navigation ports. (EMSA)<\/p><p><strong><u>2- International Chamber of Shipping sets out plans for global carbon levy to expedite industry decarbonisation<\/u><\/strong><\/p><p>The global trade association for ship operators, the International Chamber of Shipping, (ICS) has put forward a comprehensive proposal for a global levy on carbon emissions from ships, in what would be a first for any industrial sector.<\/p><p>ICS, which represents the world\u2019s national shipowner associations and more than 80% of the merchant fleet, presented a submission to the UN on Friday, calling for an internationally accepted market-based measure to accelerate the uptake and deployment of zero-carbon fuels.<\/p><p>According to papers handed to the International Maritime Organisation (IMO), the UN\u2019s regulatory body on shipping, the levy would be based on mandatory contributions by ships trading globally, exceeding 5,000 gross tonnage, for each tonne of CO2 emitted. The money would go into an \u2018IMO Climate Fund\u2019 which, as well as closing the price gap between zero-carbon and conventional fuels, would be used to deploy the bunkering infrastructure required in ports throughout the world to supply fuels such as hydrogen and ammonia, ensuring consistency in the industry\u2019s green transition for both developed and developing economies.<\/p><p>Shipping is responsible for approximately 2% of global carbon emissions and the IMO has recognised the need for urgent action to decarbonise. The industry is desperate to see zero-carbon ships brought to the water by shipyards by 2030. However, at current rates of production, zero-carbon fuels are not commercially available at the scale needed for the global fleet. The carbon levy is intended to expedite the creation of a market that makes zero emission shipping viable.<\/p><p class=\" translation-block\">ICS Genel Sekreteri Guy Platten konuyla ilgili olarak \u015fu \u015fekilde bir a\u00e7\u0131klama yapm\u0131\u015ft\u0131r: <em>\u201cDeniz ta\u015f\u0131mac\u0131l\u0131\u011f\u0131n\u0131n ihtiyac\u0131 olan \u015fey s\u0131f\u0131r karbonlu yak\u0131tlar ile alternatif yak\u0131tlar aras\u0131ndaki fiyat fark\u0131n\u0131 d\u00fc\u015f\u00fcrecek k\u00fcresel \u00e7apta piyasa bazl\u0131 bir \u00f6nlem olu\u015fturulmas\u0131d\u0131r.<\/em> <em>E\u011fer h\u00fck\u00fcmetler s\u00f6yledikleri gibi deniz ta\u015f\u0131mac\u0131l\u0131\u011f\u0131n\u0131n karbonsuzla\u015ft\u0131r\u0131lmas\u0131 konusunda devaml\u0131 olarak \u00f6nc\u00fcl\u00fck yapmaya devam edecek ise s\u00f6z konusu \u00f6nlemlerin h\u0131zl\u0131 bir \u015fekilde geli\u015ftirilmesi \u00e7ok \u00f6nemlidir. Teknolojideki yeniliklerin s\u0131f\u0131r emisyonlu deniz ta\u015f\u0131mac\u0131l\u0131\u011f\u0131na ge\u00e7i\u015f s\u00fcrecini kolayla\u015ft\u0131raca\u011f\u0131 kesin fakat gerekli altyap\u0131n\u0131n kurulmas\u0131 da dahil olmak \u00fczere bu s\u00fcrece haz\u0131r olmam\u0131z i\u00e7in hala b\u00fcy\u00fck ad\u0131mlar atmam\u0131z gerekiyor. G\u00fcvenlik sorunlar\u0131 olmaks\u0131z\u0131n makul fiyatlar ile sunulacak s\u0131f\u0131r emisyonlu gemileri 2030 y\u0131l\u0131na kadar suya indirmemiz gerekiyor. E\u011fer IMO \u00f6nergemizi desteklerse bu durumu de\u011fi\u015ftirebilir ve teknolojileri ekonomik bir \u015fekilde e\u015fit olarak kullanabiliriz.\u201d<\/em><\/p><p>Guy Platten, secretary general of ICS, commented: \u201cWhat shipping needs is a truly global market-based measure like this that will reduce the price gap between zero-carbon fuels and conventional fuels.\n\u201cThe rapid development of such a mechanism is now a vital necessity if governments are to match actions with rhetoric and demonstrate continued leadership for the decarbonisation of shipping.\n\u201cThere\u2019s no question that improvements in technology can enable the transition to zero-emission shipping. However, huge leaps must still be taken if we\u2019re to achieve the readiness levels needed for deployment at scale. This includes building the necessary infrastructure to support such as transition.\n\u201cWe need to be able to put zero emission ships in the water by 2030 without challenging price and safety issues. If the IMO lends it\u2019s backing to our proposal, then we may yet be able to change this and deploy technologies economically and equitably.\u201d\nICS believes that a mandatory global levy based MBM is strongly preferable over any unilateral, regional application of MBMs to international shipping, such as that proposed by the European Commission which wishes to extend the EU Emissions Trading System to international shipping. A piecemeal approach to MBMs, (the EU ETS will only apply to about 7.5% of global shipping emissions), will ultimately fail to reduce global emissions from international shipping to the extent required by the Paris Agreement, whilst significantly complicating the conduct of maritime trade.\nThe levy based MBM, which is co-sponsored by the trade association for bulk carrier operators, INTERCARGO, comes in addition to an industry and government proposed $5bn R&amp;D fund. The R&amp;D fund, of a mandatory $2 levy per tonne on marine fuel, would be used entirely to fund the research and development of alternative zero-carbon fuels and propulsion systems. ICS has called for this fund to be approved at an upcoming pivotal meeting of the IMO in November this year.\nPlatten concluded: \u201cThe World Bank and numerous studies have concluded that the most appropriate global MBM for reducing carbon emissions from shipping is a levy-based system.\n\u201cAdopting our proposal for a levy-based system, will avoid the volatility that exists under emissions trading systems, such as the EU ETS \u2013 which in the case of shipping, seem to be more about generating revenue for governments from non-EU shipping, than helping shipping to decarbonise.\n\u201cA levy based system can give the industry price certainty, and more stability for making investment decisions in zero \u2013carbon ships and developing emissions saving technology.\u201d (Source: ICS)<\/p><p><strong><u>3- UK pressures IMO to target net-zero for shipping industry by 2050<\/u><\/strong><\/p><p>Releasing its call for action at the start of London International Shipping Week (LISW), the UK government and the UK Chamber of Shipping said they want the International Maritime Organization to double its existing target. The United Nations' body is currently aiming to require the global shipping industry to cut its emissions by 50% compared to 2008 levels.<\/p><p>Birle\u015fik Krall\u0131k Deniz Ticaret Odas\u0131, Birle\u015fik Krall\u0131k taraf\u0131ndan g\u00fcncel olarak yay\u0131mlanan ve ilk defa deniz ta\u015f\u0131mac\u0131l\u0131\u011f\u0131 sekt\u00f6r\u00fcn\u00fc kapsayan Alt\u0131nc\u0131 Karbon B\u00fct\u00e7esine (Sixth Carbon Budget) ve deniz ta\u015f\u0131mac\u0131l\u0131\u011f\u0131n\u0131n 2050 y\u0131l\u0131na kadar tamamen karbonsuzla\u015ft\u0131r\u0131lmas\u0131 konusunda Ta\u015f\u0131mac\u0131l\u0131\u011f\u0131n Karbonsuzla\u015ft\u0131r\u0131lmas\u0131 Plan\u0131\u2019na (Transport Decarbonisation Plan) vurgu yapm\u0131\u015ft\u0131r. Fakat yap\u0131lan bu \u00e7a\u011fr\u0131 hen\u00fcz uluslararas\u0131 seviyede kabul g\u00f6rmemi\u015ftir.<\/p><p>The trade association pointed out that the UK government\u2019s recently published Sixth Carbon Budget, which included shipping for the first time, and the recent Transport Decarbonisation Plan called for shipping to reach net zero by 2050. But this has not yet been agreed at an international level. <em>\u201cThe aim of cutting shipping\u2019s emissions by 50% just doesn\u2019t go far enough,\u201d Sanguinetti said. \u201cWe need to show the world we mean business and it is imperative that the IMO commits to a net-zero carbon emissions target by 2050.\u201d\nHe referenced the UN climate change conference, COP26, which the UK is hosting in Glasgow in seven weeks.<\/em><\/p><p>\u201cThe shipping industry is one of the cleanest ways of moving goods around the world,\u201d he said, with the UK Chamber of Shipping citing that the industry currently contributes around 2.4% of global greenhouse gases each year while moving about 90% of world trade. <em>But we know we need to do more to cut our emissions,\u201d Sanguinetti said. \u201cWe can\u2019t kick the can down the road anymore. We need real action at the international level, and we will work with our partners within the IMO to pursue the target of net-zero carbon emissions by 2050.\u201d<\/em><\/p><p>UK Chamber of Shipping president John Denholm said the world needs to know that shipping takes its responsibilities seriously.\n\u201cBy setting the goal of net-zero carbon emissions by 2050, people would be in no doubt about the green credentials of the shipping sector,\u201d he said.<\/p><p>UK Chamber of Shipping president John Denholm said the world needs to know that shipping takes its responsibilities seriously.\n\u201cBy setting the goal of net-zero carbon emissions by 2050, people would be in no doubt about the green credentials of the shipping sector,\u201d he said.\nUK transport minister Grant Shapps welcomed the UK Chamber of Shipping\u2019s push on emissions.\n\u201cAs a maritime nation with a rich history, and host of COP26 this year, we are proud to be at the forefront of the greener era for maritime, charting an international course for the future of clean shipping,\u201d he said.<em>Shapps described himself as \u201cincredibly excited\u201d by the changes in the sector.\nHe said the speed of progress is highlighted by the prospect of zero-emission commercial vessels in UK waters in the next few years and green English Channel crossings within a decade.\nAt a speech during LISW on Wednesday, Shapps will announce the winners of the Clean Maritime Demonstration Competition, focused on innovative green maritime solutions.\nHe is also expected to reassert the importance of building a thriving maritime sector focused on innovation, highlighting his ambition to have zero-emission vessels entering into commercial service by 2025<\/em><\/p><p class=\" translation-block\"><strong><u>4-<\/u><\/strong><u> <strong>01.01.2021-28.09.2021 tarihleri aras\u0131ndaki Paris MOU kapsam\u0131nda T\u00fcrk bayrakl\u0131 gemi tutulmalar\u0131.<\/strong><\/u><\/p><p>01.01.2021\u201328.09.2021 tarihleri aras\u0131nda Paris Memorandumu (Paris MOU) \u00fcye limanlar\u0131nda T\u00fcrk Bayrakl\u0131 gemilere y\u00f6nelik 138 denetim ger\u00e7ekle\u015ftirilmi\u015f ve s\u00f6z konusu denetimlerde 1 T\u00fcrk Bayrakl\u0131 gemi (\u0130talya\u2013Manfredonia) tutulmu\u015ftur. T\u00fcrk Bayrakl\u0131 gemi tutulmalar\u0131na ili\u015fkin detayl\u0131 bilgiler Odam\u0131z web sayfas\u0131nda;<\/p><p class=\" translation-block\">-<\/p><p><strong>Prepared and translated by Emre ERDOGAN, Foreign Affairs Unit<\/strong> Emre ERDO\u011eAN, \u0130MEAK DTO D\u0131\u015f \u0130li\u015fkiler Birimi<\/p>        <\/div>\r\n    <\/div>\r\n<\/div><\/div>\n\n        <\/div>\r\n    <\/div>\r\n<\/section>","protected":false},"excerpt":{"rendered":"<p>EYL\u00dcL 2021 AB B\u00dcLTEN\u0130 Avrupa&#8217;da denizcilik sekt\u00f6r\u00fcnde meydana gelen g\u00fcncel geli\u015fmelere ili\u015fkin \u00e7e\u015fitli kaynaklardan derlenen haberler bilgilendirme amac\u0131yla a\u015fa\u011f\u0131da sunulmaktad\u0131r.1- \u0130lk \u00e7evresel etki raporuna g\u00f6re s\u00fcrd\u00fcr\u00fclebilirli\u011fe ili\u015fkin geli\u015fme kat edilmesine ra\u011fmen artan talebe haz\u0131rlanmak i\u00e7in ..<a href=\"http:\/\/shortsea.org.tr\/en\/eylul-2021-ab-bulteni\/\" class=\"btn btn-default readmore-btn\" >Read More<\/a><\/p>","protected":false},"author":1,"featured_media":0,"parent":0,"menu_order":0,"comment_status":"closed","ping_status":"closed","template":"template\/template-homepage_multi.php","meta":{"footnotes":""},"class_list":["post-10924","page","type-page","status-publish","hentry"],"_links":{"self":[{"href":"http:\/\/shortsea.org.tr\/en\/wp-json\/wp\/v2\/pages\/10924","targetHints":{"allow":["GET"]}}],"collection":[{"href":"http:\/\/shortsea.org.tr\/en\/wp-json\/wp\/v2\/pages"}],"about":[{"href":"http:\/\/shortsea.org.tr\/en\/wp-json\/wp\/v2\/types\/page"}],"author":[{"embeddable":true,"href":"http:\/\/shortsea.org.tr\/en\/wp-json\/wp\/v2\/users\/1"}],"replies":[{"embeddable":true,"href":"http:\/\/shortsea.org.tr\/en\/wp-json\/wp\/v2\/comments?post=10924"}],"version-history":[{"count":2,"href":"http:\/\/shortsea.org.tr\/en\/wp-json\/wp\/v2\/pages\/10924\/revisions"}],"predecessor-version":[{"id":10926,"href":"http:\/\/shortsea.org.tr\/en\/wp-json\/wp\/v2\/pages\/10924\/revisions\/10926"}],"wp:attachment":[{"href":"http:\/\/shortsea.org.tr\/en\/wp-json\/wp\/v2\/media?parent=10924"}],"curies":[{"name":"wp","href":"https:\/\/api.w.org\/{rel}","templated":true}]}}