{"id":1452,"date":"2018-09-13T18:51:54","date_gmt":"2018-09-13T15:51:54","guid":{"rendered":"http:\/\/shortsea.org.tr\/?page_id=1452"},"modified":"2018-09-13T19:05:31","modified_gmt":"2018-09-13T16:05:31","slug":"kmdt-servisleri","status":"publish","type":"page","link":"http:\/\/shortsea.org.tr\/en\/kmdt-servisleri\/","title":{"rendered":"KMDT SERV\u0130SLER\u0130"},"content":{"rendered":"<section  id=\"section-69ff5266ef3e4\" class=\"fw-main-row   auto\"  style=\"  \"  >\r\n    <div >\r\n        <div class=\"fw-container sections\">\r\n            <div class=\"fw-row\">\n\t\r\n\r\n\r\n<div id=\"column-69ff5266ef786\" class=\"none  fw-col-md-12      wow\" data-wow-offset=\"120\" data-wow-duration=\"1.5s\" style=\"  \">\r\n        <div class=\"fw-main-row\"  style=\"\">\r\n        <div class=\"fw-col-inner\">\r\n            <p>KONTEYNER SERV\u00ddSLER\u00dd<\/p><p>ABAGAN T\u00ddCARET DEN\u00ddZC\u00ddL\u00ddK VE NAKL\u00ddYAT LTD.\u00deT\u00dd.<br \/>ATLANTIC CONTAINER LINE(ACS)<br \/>ADMIRAL CONTAINER LINE<br \/>AM\u00ddRAL GEM\u00dd VE DEN\u00ddZ ACENTEL\u00dd\u00d0\u00dd LTD.\u00deT\u00dd.<br \/>AMERICAN PRESIDENT LINE(APL)<br \/>ANTOINE MAKZUME INTERNATIOANAL TRANSPORT AND TRADING LTD. CO.<br \/>ARIES GLOBAL LOJ\u00ddST\u00ddK ULUSLARARASI TA\u00deIMACILIK VE DI\u00de T\u00ddCARET<br \/>ARKAS<br \/>ASGARD TA\u00deIMACILIK VE T\u00ddCARET LTD.\u00deT\u00dd.<br \/>AVE LOJ\u00ddST\u00ddK VE ULUSLARARASI NAKL\u00ddYE T\u00ddCARET LTD.\u00deT\u00dd.<br \/>BURKONT KONTEYNER LOJ\u00ddST\u00ddK DEN\u00ddZC\u00ddL\u00ddK ULUS.TA\u00de.T\u00ddC.LTD.\u00deT\u00dd.<br \/>CATON\u00dd HAVA VE DEN\u00ddZ TA\u00deIMACILIK LTD.\u00deT\u00dd.<br \/>CMA CMG Group<br \/>CHINA SHIPPING (GROUP)COMPANY<br \/>CSAV NORASIA<br \/>DARDANOS SHIPPING & TRANSPORTATIO<br \/>EFEMAY DEN\u00ddZC\u00ddL\u00ddK VE T\u00ddCARET LTD.\u00deT\u00dd.<br \/>EKSPRES ULUSLARARASI NAKL\u00ddYE DEN\u00ddZC\u00ddL\u00ddK VE LOJ\u00ddST\u00ddK H\u00ddZM.T\u00ddC.LTD.\u00deT\u00dd.<br \/>EL KENZ DEN\u00ddZC\u00ddL\u00ddK NAKL\u00ddYAT VE T\u00ddCARET LTD.\u00deT\u00dd.<br \/>ENT DEN\u00ddZC\u00ddL\u00ddK NAKL\u00ddYAT KONTEYNER H\u00ddZMETLER\u00dd VE SU \u00dcR\u00dcNLER\u00dd T\u00ddCARET LTD. \u00deT\u00dd.<br \/>ESALCO LOJ\u00ddST\u00ddK VE DI\u00de T\u00ddCARET A.\u00de.<br \/>GEMTRANS GEML\u00ddK ULA\u00deTIRMA PAZARLAMA DEN\u00ddZC\u00ddL\u00ddK VE T\u00ddCARET A.\u00de.<br \/>G\u00d6KB\u00ddL NAKL\u00ddYAT DEPOLAMA LOJ\u00ddST\u00ddK SANAY\u00dd VE DI\u00de T\u00ddCARET A.\u00de.<br \/>GTT \u00ddSTANBUL LOJ\u00ddST\u00ddK H\u00ddZMETLER\u00dd VE DI\u00de T\u00ddCARET LTD.\u00deT\u00dd.<br \/>G\u00dcVENL\u00dd LOJ\u00ddST\u00ddK VE NAKL\u00ddYE T\u00ddC.LTD.\u00deT\u00dd.<br \/>HAMBURG S\u00dcDAMERKAN\u00ddSCHE DAMPFSCH\u00ddFFFAHRTS-GESELLSCHAFT<br \/>\u00ddLKAY ULUSLARARASI TA\u00deIMACILIK DEN\u00ddZC\u00ddL\u00ddK VE KONTEYNER H\u00ddZ.T\u00ddC.A.\u00de.<br \/>\u00ddNC\u00dd LOJ\u00ddST\u00ddK DA\u00d0ITIM DEP. GEM\u00ddC\u00ddL\u00ddK ULUS.TA\u00de.T\u00ddC.A.\u00de.\u00ddST.\u00deUB.<br \/>ITALIA MARITTIMA S.P.A.<br \/>JMS ULUSLARARASI TA\u00deIMACILIK VE DI\u00de T\u00ddCARET LTD.\u00deT\u00dd.<br \/>JMS ULUSLARARASI TA\u00deIMACILIK VE DI\u00de T\u00ddCARET LTD.\u00deT\u00dd.<br \/>KA\u00de\u00ddF DEN\u00ddZC\u00ddL\u00ddK A.\u00de.<br \/>KINAY TA\u00deIMACILIK VE LOJ\u00ddST\u00ddK A.\u00de.\u00ddZM\u00ddR \u00deUBES\u00dd<br \/>KITA ULA\u00deTIRMA H\u00ddZMETLER\u00dd T\u00ddCARET A.\u00de.<br \/>KORALL ULUSLARARASI TA\u00deIMACILIK VE DI\u00de T\u00ddCARET LTD.\u00deT\u00dd.<br \/>LAM KARA HAVA VE DEN\u00ddZ TA\u00deIMACILIK A.\u00de.<br \/>L\u00ddMDEN L\u00ddMAN H\u00ddZMETLER\u00dd VE DEN\u00ddZC\u00ddL\u00ddK LTD.\u00deT\u00dd.<br \/>L\u00ddNK DEN\u00ddZC\u00ddL\u00ddK VE TA\u00deIMACILIK T\u00ddCARET LTD.\u00deT\u00dd.<br \/>LOG\u00ddSTANBUL LOJ\u00ddST\u00ddK T\u00ddCARET LTD.\u00deT\u00dd.<br \/>MARE LOJ\u00ddST\u00ddK H\u00ddZMETLER\u00dd T\u00ddC.A.\u00de.<br \/>MARTI KONTEYNER H\u00ddZMETLER\u00dd A.\u00de.<br \/>MAERSK LINE.<br \/>MEDKON HAT \u00dd\u00deLETMEC\u00ddL\u00dd\u00d0\u00dd DEN\u00ddZC\u00ddL\u00ddK VE T\u00ddCARET A.\u00de<br \/>MEDDEN DEN\u00ddZC\u00ddL\u00ddK<br \/>MES KARGO TA\u00deIMACILIK TUR\u00ddZM VE DI\u00de T\u00ddCARET LTD.\u00deT\u00dd.<br \/>MEDITERRANEAN SHIPPING COMPANY (MSC).<br \/>MEDLOG GEM\u00ddC\u00ddL\u00ddK VE T\u00ddCARET A.\u00de.<br \/>NEOMAR ULUSLARARASI TA\u00deIMACILIK VE T\u00ddCARET A.\u00de.<br \/>NMT CAPE HORN LOJ\u00ddST\u00ddK VE ULUSLARARASI TA\u00de.DI\u00de T\u00ddC.A.\u00de.<br \/>OL\u00ddMP\u00ddA LOJ\u00ddST\u00ddK H\u00ddZMETLER\u00dd LTD. \u00deT\u00dd.<br \/>OR\u00ddG\u00ddN LOJ\u00ddST\u00ddK TA\u00de.T\u00ddC.A.\u00de.<br \/>ORSHIP ULUSLARARASI TA\u00deIMACILIK H\u00ddZMETLER\u00dd VE T\u00ddCARET LTD.\u00deT\u00dd.<br \/>REKS FR\u00ddGO KONTEYNER H\u00ddZMETLER\u00dd T\u00ddC.LTD.\u00deT\u00dd.<br \/>RORO DEN\u00ddZC\u00ddL\u00ddK VE TA\u00deIMACILIK T\u00ddC. LTD. \u00deT\u00dd.<br \/>S LOJ\u00ddST\u00ddK H\u00ddZMETLER A.\u00de.<br \/>SDV-HOROZ TA\u00deIMACILIK VE T\u00ddCARET A.\u00de.<br \/>SEA WORLD DEN\u00ddZC\u00ddL\u00ddK LTD.\u00deT\u00dd.<br \/>SOL\u00ddBRA LOJ\u00ddST\u00ddK H\u00ddZMETLER\u00dd LTD.\u00deT\u00dd.<br \/>TURKON L\u00ddNE DEN\u00ddZC\u00ddL\u00ddK A.\u00de.<br \/>RO-RO SERV\u00ddSLER\u00dd<\/p><p>AVRASYA GLOBAL LOJ\u00ddST\u00ddK H\u00ddZMETLER\u00dd VE T\u00ddCARET LTD.\u00deT\u00dd.<br \/>BEKS GEM\u00dd \u00dd\u00deLETMEC\u00ddL\u00dd\u00d0\u00dd VE T\u00ddCARET A.\u00de.<br \/>BODRUM FER\u00ddBOT \u00dd\u00deLETMELER\u00dd T\u00ddC.A.\u00de.<br \/>DENSA TANKER \u00dd\u00deLETMEC\u00ddL\u00dd\u00d0\u00dd LTD.\u00deT\u00dd.<br \/>HACIBEK\u00ddRO\u00d0LU DEN\u00ddZC\u00ddL\u00ddK VE T\u00ddCARET A.\u00de.<br \/>KARADEN\u00ddZ RO RO VE KONTEYNER TA\u00deIMACILI\u00d0I A.\u00de.- Sayfa yap\u00fdm a\u00feamas\u00fdndad\u00fdr.<br \/>K\u00ddLYOS GEM\u00dd \u00dd\u00deLETMEC\u00ddL\u00dd\u00d0\u00dd VE ACENTEL\u00dd\u00d0\u00dd T\u00ddCARET LTD.\u00deT\u00dd.<br \/>MARMARA DEN\u00ddZC\u00ddL\u00ddK A.\u00de.<br \/>NAC\u00dd SEL\u00ddMO\u00d0LU DEN\u00ddZ \u00dd\u00deLETMEC\u00ddL\u00dd\u00d0\u00dd VE T\u00ddCARET A.\u00de.<br \/>TURYOL DEN\u00ddZ ULA\u00deIM H\u00ddZMETLER\u00dd SANAY\u00dd VE T\u00ddCARET A.\u00de.<br \/>ULUSOY DEN\u00ddZC\u00ddL\u00ddK A.\u00de.<br \/>U.N.RO-RO \u00dd\u00deLETMELER\u00dd A.\u00de.<br \/>UMAR DEN\u00ddZC\u00ddL\u00ddK VE T\u00ddCARET LTD.\u00deT\u00dd.<br \/>TRAMOLA GEM\u00dd \u00dd\u00deLETMEC\u00ddL\u00dd\u00d0\u00dd VE T\u00ddCARET A.\u00de.<br \/>YOLCU VE KRUVAZ\u00ddYER SERV\u00ddSLER\u00dd<\/p><p>ADATUR DEN\u00ddZ TA\u00deIMACILI\u00d0I SANAY\u00dd T\u00ddCARET LTD.\u00deT\u00dd.<br \/>AEGEAN FERRY SERVICE<br \/>ANTALYA ULA\u00deIM H\u00ddZMETLER\u00dd PETROL SAN. VE T\u00ddC. A.\u00de.<br \/>AVRASYA DEN\u00ddZ TA\u00deIMACILI\u00d0I TUR\u00ddZM H\u00ddZM.\u00ddN\u00de.SAN.VE T\u00ddC.A.\u00de.<br \/>BURSA ULA\u00deIM TOPLU TA\u00deIMA \u00dd\u00deLETMEC\u00ddL\u00dd\u00d0\u00dd TUR\u00ddZM SAN.VE T\u00ddC.A.\u00de.<br \/>GESTA\u00de DEN\u00ddZ ULA\u00deIM TUR\u00ddZM T\u00ddCARET A.\u00de.<br \/>\u00ddDO \u00ddSTANBUL DEN\u00ddZ OTOB\u00dcSLER\u00dd SANAY\u00dd VE T\u00ddC.A.\u00de<br \/>\u00ddSTANBUL \u00deEH\u00ddR HATLARI TUR\u00ddZM SANAY\u00dd VE T\u00ddC.A.\u00de.<br \/>\u00ddSTANBULLINES<br \/>MSC CRUISES<br \/>PRENS TUR<br \/>SEKAPARK TUR\u00ddZM \u00dd\u00deLETMEC\u00ddL\u00ddK VE YATIRIM A.\u00de.<br \/>TURYOL<br \/>D\u00d6KME ve KURUY\u00dcK GEM\u00ddLER\u00dd<\/p><p>ALFA KARA HAVA VE DEN\u00ddZ TA\u00deIMACILI\u00d0I LTD.\u00deT\u00dd.<br \/>ALMAR DEN\u00ddZC\u00ddL\u00ddK T\u00ddCARET LTD.\u00deT\u00dd.<br \/>AREL DEN\u00ddZC\u00ddL\u00ddK.<br \/>ARKAS LOJ\u00ddST\u00ddK A.\u00de.<br \/>ASLAN DEN\u00ddZC\u00ddL\u00ddK A.\u00de.<br \/>ASSAN LOJ\u00ddST\u00ddK ANON\u00ddM \u00de\u00ddRKET\u00dd<br \/>ASYA NAKL\u00ddYAT VE DI\u00de T\u00ddCARET A.\u00de.<br \/>BAK TRANS TA\u00deIMACILIK T\u00ddCARET A.\u00de.<br \/>\u00c7\u00ddM-NAK TA\u00deIMACILIK LTD.\u00deT\u00dd.<br \/>CONMAR DEN\u00ddZC\u00ddL\u00ddK VE LOJ\u00ddST\u00ddK A.\u00de.<br \/>CO\u00deKUN DEN\u00ddZC\u00ddL\u00ddK LOJ\u00ddST\u00ddK PETROL \u00dcR\u00dcNLER\u00dd \u00ddN\u00de.SAN.VE T\u00ddC.A.\u00de.<br \/>DEVAL DEN\u00ddZC\u00ddL\u00ddK<br \/>DO\u00d0RUYOL DEN\u00ddZ TA\u00deIMACILI\u00d0I<br \/>EFOR KARA TA\u00deIMACILI\u00d0I LTD.\u00deT\u00dd.<br \/>EREN DEN\u00ddZC\u00ddL\u00ddK VE NAKL\u00ddYAT T\u00ddC. LTD. \u00deT\u00dd.<br \/>G\u00dcLPORT L\u00ddMAN H\u00ddZMETLER\u00dd T\u00ddCARET A.\u00de.<br \/>G\u00dcM\u00dc\u00deTA\u00de DEN\u00ddZC\u00ddL\u00ddK NAKL\u00ddYAT T\u00ddCARET A.\u00de.<br \/>G\u00dcNTRANS DEN\u00ddZC\u00ddL\u00ddK SAN. VE T\u00ddC.LTD.\u00deT\u00dd.<br \/>G\u00dcNDEM DEN\u00ddZC\u00ddL\u00ddK T\u00ddCARET VE SANAY\u00dd A.\u00de.<br \/>HACI \u00ddSMA\u00ddL KAPTANO\u00d0LU GEM\u00dd \u00dd\u00deLETMEC\u00ddL\u00dd\u00d0\u00dd VE T\u00ddCARET LTD.\u00deT\u00dd.<br \/>\u00ddLHAN ULUSLARARASI TA\u00deIMACILIK VE METAL T\u00ddCARET\u00dd LTD.\u00deT\u00dd.<br \/>\u00ddSKELE DEN\u00ddZC\u00ddL\u00ddK T\u00ddCARET LTD.\u00deT\u00dd.<br \/>\u00ddSKENDERUN GEM\u00dd \u00dd\u00deLETMEC\u00ddL\u00dd\u00d0\u00dd LTD.\u00deT\u00dd.<br \/>L\u00ddMTA\u00de DEN\u00ddZC\u00ddL\u00ddK TA\u00deIMA VE \u00ddN\u00deAAT SAN. T\u00ddC.A.\u00de.<br \/>NAKLET DEN\u00ddZC\u00ddL\u00ddK VE T\u00ddCARET A.\u00de.<br \/>OMSAN DEN\u00ddZC\u00ddL\u00ddK A.\u00de.<br \/>RAYBEN DEN\u00ddZC\u00ddL\u00ddK VE T\u00ddCARET A.\u00de.<br \/>RAYKON LOJ\u00ddST\u00ddK VE DEN\u00ddZ TA\u00deIMACILI\u00d0I T\u00ddC.LTD.\u00deT\u00dd.<br \/>RUMEL\u00dd COLUMBUS DEN\u00ddZC\u00ddL\u00ddK T\u00ddCARET LTD.\u00deT\u00dd.<br \/>\u00deAH\u00ddNO\u00d0ULLARI DEN\u00ddZ KARA NAKL\u00ddYAT SAN.VE T\u00ddC.LTD.\u00deT\u00dd.<br \/>SELTA\u00de DEN\u00ddZC\u00ddL\u00ddK SANAY\u00dd VE T\u00ddCARET A.\u00de.<br \/>SEMA MAR\u00ddNE DEN\u00ddZC\u00ddL\u00ddK VE T\u00ddC. LTD. \u00deT\u00dd.<br \/>S\u00ddGMA DEN\u00ddZC\u00ddL\u00ddK KONTEYNER VE LOJ\u00ddST\u00ddK SAN.T\u00ddC.LTD.\u00deT\u00dd.<br \/>SM TA\u00deIMACILIK LTD.\u00deT\u00dd.<br \/>UN\u00dd TRANS LOJ\u00ddST\u00ddK H\u00ddZMETLER\u00dd \u00dd\u00c7 VE DI\u00de T\u00ddC.LTD.\u00deT\u00dd.<br \/>VODA GEM\u00dd \u00dd\u00deLETMEC\u00ddL\u00dd\u00d0\u00dd A.\u00de.<\/p>        <\/div>\r\n    <\/div>\r\n<\/div><\/div>\n\n        <\/div>\r\n    <\/div>\r\n<\/section>","protected":false},"excerpt":{"rendered":"<p>KONTEYNER SERV\u00ddSLER\u00ddABAGAN T\u00ddCARET DEN\u00ddZC\u00ddL\u00ddK VE NAKL\u00ddYAT LTD.\u00deT\u00dd.ATLANTIC CONTAINER LINE(ACS)ADMIRAL CONTAINER LINEAM\u00ddRAL GEM\u00dd VE DEN\u00ddZ ACENTEL\u00dd\u00d0\u00dd LTD.\u00deT\u00dd.AMERICAN PRESIDENT LINE(APL)ANTOINE MAKZUME INTERNATIOANAL TRANSPORT AND TRADING LTD. CO.ARIES GLOBAL LOJ\u00ddST\u00ddK ULUSLARARASI TA\u00deIMACILIK VE DI\u00de T\u00ddCARETARKASASGARD TA\u00deIMACILIK VE T\u00ddCARET ..<a href=\"http:\/\/shortsea.org.tr\/en\/kmdt-servisleri\/\" class=\"btn btn-default readmore-btn\" >Read More<\/a><\/p>","protected":false},"author":1,"featured_media":0,"parent":0,"menu_order":0,"comment_status":"closed","ping_status":"closed","template":"template\/template-full-width.php","meta":{"footnotes":""},"class_list":["post-1452","page","type-page","status-publish","hentry"],"_links":{"self":[{"href":"http:\/\/shortsea.org.tr\/en\/wp-json\/wp\/v2\/pages\/1452","targetHints":{"allow":["GET"]}}],"collection":[{"href":"http:\/\/shortsea.org.tr\/en\/wp-json\/wp\/v2\/pages"}],"about":[{"href":"http:\/\/shortsea.org.tr\/en\/wp-json\/wp\/v2\/types\/page"}],"author":[{"embeddable":true,"href":"http:\/\/shortsea.org.tr\/en\/wp-json\/wp\/v2\/users\/1"}],"replies":[{"embeddable":true,"href":"http:\/\/shortsea.org.tr\/en\/wp-json\/wp\/v2\/comments?post=1452"}],"version-history":[{"count":4,"href":"http:\/\/shortsea.org.tr\/en\/wp-json\/wp\/v2\/pages\/1452\/revisions"}],"predecessor-version":[{"id":1721,"href":"http:\/\/shortsea.org.tr\/en\/wp-json\/wp\/v2\/pages\/1452\/revisions\/1721"}],"wp:attachment":[{"href":"http:\/\/shortsea.org.tr\/en\/wp-json\/wp\/v2\/media?parent=1452"}],"curies":[{"name":"wp","href":"https:\/\/api.w.org\/{rel}","templated":true}]}}