{"id":1544,"date":"2018-09-09T16:55:55","date_gmt":"2018-09-09T13:55:55","guid":{"rendered":"http:\/\/shortsea.org.tr\/?page_id=1544"},"modified":"2018-09-09T17:26:47","modified_gmt":"2018-09-09T14:26:47","slug":"haber","status":"publish","type":"page","link":"http:\/\/shortsea.org.tr\/en\/haber\/","title":{"rendered":"Haber"},"content":{"rendered":"<section  id=\"section-69e0cf1326d99\" class=\"fw-main-row   auto\"  style=\"  \"  >\r\n    <div >\r\n        <div class=\"fw-container sections\">\r\n            <div class=\"fw-row\">\n\t\r\n\r\n\r\n<div id=\"column-69e0cf13270fe\" class=\"none  fw-col-md-12      wow\" data-wow-offset=\"120\" data-wow-duration=\"1.5s\" style=\"  \">\r\n        <div class=\"fw-main-row\"  style=\"\">\r\n        <div class=\"fw-col-inner\">\r\n            <div class=\"shortcode-widget-area\"><div id=\"search-2\" class=\"widget widget_search\"><form role=\"search\" method=\"get\" class=\"search-form\" action=\"http:\/\/shortsea.org.tr\/en\" data-trp-original-action=\"http:\/\/shortsea.org.tr\/en\">\n\t\t\t\t<label>\n\t\t\t\t\t<span class=\"screen-reader-text\">Search for:<\/span>\n\t\t\t\t\t<input type=\"search\" class=\"search-field\" placeholder=\"Search &hellip;\" value=\"\" name=\"s\" \/>\n\t\t\t\t<\/label>\n\t\t\t\t<input type=\"submit\" class=\"search-submit\" value=\"Search\" \/>\n\t\t\t<input type=\"hidden\" name=\"trp-form-language\" value=\"en\"\/><\/form><\/div><!-- end widget --><div id=\"recent-posts-widget-with-thumbnails-3\" class=\"widget recent-posts-widget-with-thumbnails\">\n<div id=\"rpwwt-recent-posts-widget-with-thumbnails-3\" class=\"rpwwt-widget\">\r\n<div class=\"single_sidebar\"><div class=\"sidebar_head text-center textwhite\"><h6>AGENDA<\/h6><div class=\"main-nav-border\"><\/div><\/div><\/div>\n\t<ul>\r\n\t\t<li><a href=\"http:\/\/shortsea.org.tr\/en\/blog\/2021\/06\/04\/abnin-denizcilik-sektorune-yonelik-karbon-kotalari\/\" target=\"_blank\"><img loading=\"lazy\" decoding=\"async\" width=\"150\" height=\"150\" src=\"http:\/\/shortsea.org.tr\/wp-content\/uploads\/2021\/06\/images-150x150.jpg\" class=\"attachment-thumbnail size-thumbnail wp-post-image\" alt=\"\" \/><span class=\"rpwwt-post-title\">EU's shipping carbon quotas may come into force as soon as January 2022<\/span><\/a><\/li>\r\n\t\t<li><a href=\"http:\/\/shortsea.org.tr\/en\/blog\/2020\/05\/14\/gemi_kiyi_personeli_etkilesim_rehberi\/\" target=\"_blank\"><img loading=\"lazy\" decoding=\"async\" width=\"150\" height=\"150\" src=\"http:\/\/shortsea.org.tr\/wp-content\/uploads\/2020\/05\/IMO-1-150x150.jpg\" class=\"attachment-thumbnail size-thumbnail wp-post-image\" alt=\"\" srcset=\"http:\/\/shortsea.org.tr\/wp-content\/uploads\/2020\/05\/IMO-1-150x150.jpg 150w, http:\/\/shortsea.org.tr\/wp-content\/uploads\/2020\/05\/IMO-1-480x480.jpg 480w\" sizes=\"auto, (max-width: 150px) 100vw, 150px\" \/><span class=\"rpwwt-post-title\">COVID-19 RELATED GUIDELINES FOR ENSURING A SAFE SHIPBOARD\nINTERFACE BETWEEN SHIP AND SHORE BASED PERSONNEL<\/span><\/a><\/li>\r\n\t\t<li><a href=\"http:\/\/shortsea.org.tr\/en\/blog\/2019\/11\/20\/imo-2020-icin-hazirlanan-yakit-maliyet-endeksleme-sistemi\/\" target=\"_blank\"><img loading=\"lazy\" decoding=\"async\" width=\"150\" height=\"150\" src=\"http:\/\/shortsea.org.tr\/wp-content\/uploads\/2019\/11\/image_bunkering1_1920px-150x150.jpg\" class=\"attachment-thumbnail size-thumbnail wp-post-image\" alt=\"\" \/><span class=\"rpwwt-post-title\">Fuel-Cost Indexing Mechanism Set Up for IMO 2020<\/span><\/a><\/li>\r\n\t\t<li><a href=\"http:\/\/shortsea.org.tr\/en\/blog\/2019\/04\/11\/avrupa-denizcilik-sektoru-skillsea-projesi-icin-ab-fonu-aliyor\/\" target=\"_blank\"><img loading=\"lazy\" decoding=\"async\" width=\"150\" height=\"150\" src=\"http:\/\/shortsea.org.tr\/wp-content\/uploads\/2019\/04\/tekening-II-150x150.jpg\" class=\"attachment-thumbnail size-thumbnail wp-post-image\" alt=\"\" \/><span class=\"rpwwt-post-title\">European Maritime sector granted EU funding for a \u2018SkillSea\u2019 project<\/span><\/a><\/li>\r\n\t\t<li><a href=\"http:\/\/shortsea.org.tr\/en\/blog\/2019\/01\/17\/britannia-pi-kulubu-norvec-firkateyninin-kaza-sonucu-batmasiyla-artan-tazminat-talebiyle-karsi-karsiya\/\" target=\"_blank\"><img loading=\"lazy\" decoding=\"async\" width=\"150\" height=\"150\" src=\"http:\/\/shortsea.org.tr\/wp-content\/uploads\/2019\/01\/KNM-Helge-Ingstad-150x150.jpg\" class=\"attachment-thumbnail size-thumbnail wp-post-image\" alt=\"\" \/><span class=\"rpwwt-post-title\">Norwegian warship looks likely to be declared a consructive total loss as probe to determine fault continues.<\/span><\/a><\/li>\r\n\t\t<li><a href=\"http:\/\/shortsea.org.tr\/en\/blog\/2018\/12\/14\/paris-mou-veri-erisimlerine-kesinti-getirme-konusunda-geri-adim-atabilir\/\" target=\"_blank\"><img loading=\"lazy\" decoding=\"async\" width=\"150\" height=\"150\" src=\"http:\/\/shortsea.org.tr\/wp-content\/uploads\/2018\/12\/portstatecontrol_imo-150x150.jpg\" class=\"attachment-thumbnail size-thumbnail wp-post-image\" alt=\"\" \/><span class=\"rpwwt-post-title\">Paris MOU veri eri\u015fimlerine kesinti getirme konusunda geri ad\u0131m atabilir.<\/span><\/a><\/li>\r\n\t\t<li><a href=\"http:\/\/shortsea.org.tr\/en\/blog\/2018\/12\/13\/2020-yilinda-kukurt-emisyonlarini-ortadan-kaldirmak\/\" target=\"_blank\"><img loading=\"lazy\" decoding=\"async\" width=\"150\" height=\"150\" src=\"http:\/\/shortsea.org.tr\/wp-content\/uploads\/2018\/12\/smokey-ship-licensed-150x150.jpg\" class=\"attachment-thumbnail size-thumbnail wp-post-image\" alt=\"\" \/><span class=\"rpwwt-post-title\">2020 Y\u0131l\u0131nda K\u00fck\u00fcrt Emisyonlar\u0131n\u0131n Ortadan Kald\u0131r\u0131lmas\u0131<\/span><\/a><\/li>\r\n\t\t<li><a href=\"http:\/\/shortsea.org.tr\/en\/blog\/2018\/11\/15\/maltada-turklere-ozel-serbest-bolge\/\" target=\"_blank\"><img loading=\"lazy\" decoding=\"async\" width=\"150\" height=\"150\" src=\"http:\/\/shortsea.org.tr\/wp-content\/uploads\/2019\/01\/malta-general-view-150x150.jpg\" class=\"attachment-thumbnail size-thumbnail wp-post-image\" alt=\"\" \/><span class=\"rpwwt-post-title\">Malta\u2019da T\u00fcrkler\u2019e \u00d6zel Serbest B\u00f6lge<\/span><\/a><\/li>\r\n\t\t<li><a href=\"http:\/\/shortsea.org.tr\/en\/blog\/2018\/09\/02\/prof-dr-soner-esmer-konteyner-tasimaciliginda-karlilik-nasil-arttirilir\/\" target=\"_blank\"><img loading=\"lazy\" decoding=\"async\" width=\"150\" height=\"150\" src=\"http:\/\/shortsea.org.tr\/wp-content\/uploads\/2018\/09\/5EC898D7-6337-4394-8345-3FD0FE5CB489-150x150.jpeg\" class=\"attachment-thumbnail size-thumbnail wp-post-image\" alt=\"\" \/><span class=\"rpwwt-post-title\">Prof.Dr .Soner Esmer: Konteyner ta\u015f\u0131mac\u0131l\u0131\u011f\u0131nda karl\u0131l\u0131k nas\u0131l artt\u0131r\u0131l\u0131r?<\/span><\/a><\/li>\r\n\t\t<li><a href=\"http:\/\/shortsea.org.tr\/en\/blog\/2018\/09\/02\/imo-mepc-72-deniz-tasimaciligi-icin-iklim-degisikligi-stratejisini-kabul-etti\/\" target=\"_blank\"><img loading=\"lazy\" decoding=\"async\" width=\"150\" height=\"150\" src=\"http:\/\/shortsea.org.tr\/wp-content\/uploads\/2018\/09\/2564071A-2233-4418-90B5-7D8385A9AAA2-150x150.png\" class=\"attachment-thumbnail size-thumbnail wp-post-image\" alt=\"\" \/><span class=\"rpwwt-post-title\">IMO MEPC (72) deniz ta\u015f\u0131mac\u0131l\u0131\u011f\u0131 i\u00e7in iklim de\u011fi\u015fikli\u011fi stratejisini kabul etti<\/span><\/a><\/li>\r\n\t\t<li><a href=\"http:\/\/shortsea.org.tr\/en\/blog\/2018\/06\/11\/travelled-down-the-road-and-back-come-now-were-up-in-the-big-leagues-getting-our-turn-at-bat\/\" target=\"_blank\"><img loading=\"lazy\" decoding=\"async\" width=\"150\" height=\"150\" src=\"http:\/\/shortsea.org.tr\/wp-content\/uploads\/2018\/09\/E9283A56-A3B1-4C38-83B1-E209598DAD41-150x150.jpeg\" class=\"attachment-thumbnail size-thumbnail wp-post-image\" alt=\"\" \/><span class=\"rpwwt-post-title\">Limanlarda tek pencere i\u00e7in pilot uygulama ba\u015fl\u0131yor<\/span><\/a><\/li>\r\n\t<\/ul>\r\n<\/div><!-- .rpwwt-widget -->\r\n<\/div><!-- end widget --><div id=\"archives-3\" class=\"widget widget_archive\"><div class=\"single_sidebar\"><div class=\"sidebar_head text-center textwhite\"><h6>ARCHIVE<\/h6><div class=\"main-nav-border\"><\/div><\/div><\/div>\n\t\t\t<ul>\n\t\t\t\t\t<li><a href='http:\/\/shortsea.org.tr\/en\/blog\/2021\/06'>June 2021<\/a>&nbsp;(1)<\/li>\n\t<li><a href='http:\/\/shortsea.org.tr\/en\/blog\/2020\/05'>May 2020<\/a>&nbsp;(1)<\/li>\n\t<li><a href='http:\/\/shortsea.org.tr\/en\/blog\/2019\/11'>November 2019<\/a>&nbsp;(1)<\/li>\n\t<li><a href='http:\/\/shortsea.org.tr\/en\/blog\/2019\/04'>April 2019<\/a>&nbsp;(1)<\/li>\n\t<li><a href='http:\/\/shortsea.org.tr\/en\/blog\/2019\/01'>January 2019<\/a>&nbsp;(1)<\/li>\n\t<li><a href='http:\/\/shortsea.org.tr\/en\/blog\/2018\/12'>December 2018<\/a>&nbsp;(2)<\/li>\n\t<li><a href='http:\/\/shortsea.org.tr\/en\/blog\/2018\/11'>November 2018<\/a>&nbsp;(1)<\/li>\n\t<li><a href='http:\/\/shortsea.org.tr\/en\/blog\/2018\/09'>September 2018<\/a>&nbsp;(2)<\/li>\n\t<li><a href='http:\/\/shortsea.org.tr\/en\/blog\/2018\/06'>June 2018<\/a>&nbsp;(1)<\/li>\n\t\t\t<\/ul>\n\n\t\t\t<\/div><!-- end widget --><\/div>\n        <\/div>\r\n    <\/div>\r\n<\/div><\/div>\n\n        <\/div>\r\n    <\/div>\r\n<\/section>","protected":false},"excerpt":{"rendered":"<p>Limanlardaki i\u015flemlerle ilgili verilerin bakanl\u0131klar taraf\u0131ndan ortak kullan\u0131labilmesine olanak sa\u011flayan &#8220;Liman Tek Pencere Sistemi&#8221; i\u00e7in pilot uygulama, Tekirda\u011f, Mersin ve Alia\u011fa b\u00f6lgelerinde 1 Haziran&#8217;da ba\u015flat\u0131lacak. Limanlarda hayata ge\u00e7irilecek uygulama, gemilere ait bildirimlerin tek bir sistem ..<a href=\"http:\/\/shortsea.org.tr\/en\/blog\/2018\/06\/11\/travelled-down-the-road-and-back-come-now-were-up-in-the-big-leagues-getting-our-turn-at-bat\/\" class=\"btn btn-default readmore-btn\" >Read More<\/a><\/p>","protected":false},"author":1,"featured_media":0,"parent":0,"menu_order":0,"comment_status":"closed","ping_status":"closed","template":"","meta":{"footnotes":""},"class_list":["post-1544","page","type-page","status-publish","hentry"],"_links":{"self":[{"href":"http:\/\/shortsea.org.tr\/en\/wp-json\/wp\/v2\/pages\/1544","targetHints":{"allow":["GET"]}}],"collection":[{"href":"http:\/\/shortsea.org.tr\/en\/wp-json\/wp\/v2\/pages"}],"about":[{"href":"http:\/\/shortsea.org.tr\/en\/wp-json\/wp\/v2\/types\/page"}],"author":[{"embeddable":true,"href":"http:\/\/shortsea.org.tr\/en\/wp-json\/wp\/v2\/users\/1"}],"replies":[{"embeddable":true,"href":"http:\/\/shortsea.org.tr\/en\/wp-json\/wp\/v2\/comments?post=1544"}],"version-history":[{"count":3,"href":"http:\/\/shortsea.org.tr\/en\/wp-json\/wp\/v2\/pages\/1544\/revisions"}],"predecessor-version":[{"id":1547,"href":"http:\/\/shortsea.org.tr\/en\/wp-json\/wp\/v2\/pages\/1544\/revisions\/1547"}],"wp:attachment":[{"href":"http:\/\/shortsea.org.tr\/en\/wp-json\/wp\/v2\/media?parent=1544"}],"curies":[{"name":"wp","href":"https:\/\/api.w.org\/{rel}","templated":true}]}}