{"id":1110,"date":"2018-08-29T16:27:03","date_gmt":"2018-08-29T13:27:03","guid":{"rendered":"http:\/\/shortsea.org.tr\/?page_id=1110"},"modified":"2019-01-23T16:51:13","modified_gmt":"2019-01-23T13:51:13","slug":"eylem-plani","status":"publish","type":"page","link":"http:\/\/shortsea.org.tr\/tr_tr\/eylem-plani\/","title":{"rendered":"eylem plan\u0131"},"content":{"rendered":"<section id=\"section-5c48530bd2d6e\" class=\"fw-main-row parallax-section  auto \" style=\"background:url(http:\/\/shortsea.org.tr\/wp-content\/uploads\/2016\/11\/servicepattern.png) no-repeat center top fixed;width: 100%;overflow: hidden\">\n<div>\n<div class=\"fw-container sections\">\n<div class=\"fw-row\">\n<div id=\"column-5c48530bd3454\" class=\"none  fw-col-md-12      wow \" data-wow-offset=\"120\" data-wow-duration=\"1.5s\">\n<div class=\"fw-main-row\">\n<div class=\"fw-col-inner\">\n<div class=\"fw-heading head_title fw-heading-h2 fw-heading-center   wow fadeIn\" data-wow-offset=\"120\" data-wow-duration=\"1.5s\">\n<div class=\"\">\n<h2 class='fw-special-title' style='color:'>KISA MESAFE DEN\u0130Z TA\u015eIMACILI<span>TANITIM MERKEZ\u0130<\/span> &#8211; T\u00dcRK\u0130YE EYLEM PLANI<\/h2>\n<\/div>\n<div class=\"separator_wrap\">\n<div class=\"separator\"><\/div>\n<\/div>\n<\/div>\n<p><strong>1.<\/strong> Tan\u0131t\u0131m merkezinin \u00e7al\u0131\u015fma faaliyetleri uygulama alanlar\u0131na g\u00f6re iki ana ba\u015fl\u0131k alt\u0131nda y\u00fcr\u00fct\u00fclecektir.<\/p>\n<p><strong>A-)<\/strong> Yurti\u00e7i aktiviteler<\/p>\n<p><strong>B-)<\/strong> Yurtd\u0131\u015f\u0131 aktiviteler<\/p>\n<p>Birincil Eylem Plan\u0131m\u0131z<\/p>\n<p><strong>A-)<\/strong> Yurti\u00e7i Aktiviteler<\/p>\n<p><strong>a.<\/strong> Sekt\u00f6rsel dergi, gazete, internet sayfalar\u0131 vb. yay\u0131nlarda K\u0131sa Mesafeli Denizyolu Tan\u0131t\u0131m Merkezi ve k\u0131sa mesafeli denizyolu ta\u015f\u0131mac\u0131l\u0131\u011f\u0131 hakk\u0131nda yaz\u0131, haber, ilan vb. faaliyetler ile sekt\u00f6rde tan\u0131n\u0131rl\u0131\u011f\u0131m\u0131z\u0131 sa\u011flamak.<\/p>\n<p><strong>b.<\/strong> Konteyn\u0131r, ta\u015f\u0131mac\u0131l\u0131\u011f\u0131 yapan armat\u00f6r acente temsilcileri, lojistik hizmet sa\u011flayan sekt\u00f6r\u00fcn g\u00fc\u00e7l\u00fc forwarder firmalara y\u00f6nelik, AB deki uygulamalar\u0131, K\u0131sa Mesafeli Denizyolu Tan\u0131t\u0131m\u0131 kapsam\u0131nda AB&#8217;de kurulan yeni lineer hatlar\u0131 ve K\u0131sa Mesafeli Denizyolu Tan\u0131t\u0131m Merkezi&#8217;nin sekt\u00f6re gelecekteki etkilerini g\u00f6r\u00fc\u015f\u00fcp, uygulanmas\u0131 ile birlikte K\u0131sa Mesafeli Denizyolu Ta\u015f\u0131mac\u0131l\u0131\u011f\u0131n \u00f6nemini izah etmek, bilgilendirmek. Gerekli organizasyon ve tan\u0131t\u0131mlar\u0131 ger\u00e7ekle\u015ftirmek. Orta ve uzun vadeli plan projelerimizi payla\u015f\u0131p, yorum, g\u00f6r\u00fc\u015f, \u00f6neri ve ilgilerini almak<\/p>\n<p><strong>c.<\/strong> Ro-Ro ta\u015f\u0131mac\u0131l\u0131\u011f\u0131 yapan \u015firket temsilcileri ile y\u00fcksek hacimde TIR filosuna sahip karayolu ta\u015f\u0131mac\u0131l\u0131\u011f\u0131 yapan firmalara y\u00f6nelik AB&#8217;nin karayolu ta\u015f\u0131mac\u0131l\u0131\u011f\u0131na bak\u0131\u015f ac\u0131s\u0131 kapsam\u0131nda KMDT&#8217;nin \u00f6nemini belirten bilgileri sekt\u00f6rle payla\u015fmak.<\/p>\n<p><strong>d.<\/strong> Denizcilik ve Lojistik alan\u0131nda e\u011fitim\/konferanslar organize etmek.<\/p>\n<p><strong>e.<\/strong> Fuar vb. sekt\u00f6rsel organizasyonlarda DTO stantlar\u0131n\u0131n b\u00fcnyesinde K\u0131sa Mesafeli Denizyolu Tan\u0131t\u0131m faaliyetlerinde bulunmak<\/p>\n<p><strong>f.<\/strong> \u0130lgili sekt\u00f6r ve hizmet sa\u011flay\u0131c\u0131lar\u0131n\u0131n K\u0131sa Mesafeli Denizyolu Tan\u0131t\u0131m Merkezi ve k\u0131sa mesafeli deniz yolu ta\u015f\u0131mac\u0131l\u0131\u011f\u0131 platformuna dahil ederek ta\u015f\u0131mac\u0131l\u0131k hizmeti almak isteyen firmalarla servis sa\u011flay\u0131c\u0131lar\u0131n\u0131 bulu\u015fturmak.<\/p>\n<p><strong>g.<\/strong> KMDT web sitesi \u00fczerinden denizcilik sekt\u00f6r\u00fcne y\u00f6nelik haber, proje ve \u00e7al\u0131\u015fmalar\u0131 duyurmak.<\/p>\n<p><strong>h.\u00a0<\/strong>S\u00fcre\u00e7 i\u00e7erisinde orta vadeli yurtd\u0131\u015f\u0131 eylem planlar\u0131m\u0131z b\u00fcy\u00fcme y\u00f6n\u00fcnde de\u011fi\u015fim g\u00f6stererek vizyonumuzun geni\u015flemesini \u00f6ng\u00f6rmekteyiz.<\/p>\n<p><strong>B-)<\/strong> Yurtd\u0131\u015f\u0131 Aktiviteler<\/p>\n<p><strong>a.<\/strong> Yurti\u00e7i eylem planlar\u0131m\u0131z ile paralel do\u011frultuda ger\u00e7ekle\u015ftirdi\u011fimiz toplant\u0131 ve sunumlar\u0131m\u0131z hakk\u0131nda, di\u011fer \u00fcye \u00fclkeler ve ESN bilgilendirmek, onlar\u0131n g\u00f6r\u00fc\u015f ve yorumlar\u0131n\u0131 de\u011ferlendirmek. Uzun vadeli eylem planlar\u0131m\u0131za y\u00f6n verilecek.<\/p>\n<p><strong>b.<\/strong> ESN senelik ola\u011fan toplant\u0131lar\u0131na T\u00fcrkiye K\u0131sa Mesafeli Denizyolu Ta\u015f\u0131mac\u0131l\u0131\u011f\u0131 Tan\u0131t\u0131m Merkezi olarak i\u015ftirak etmek.<\/p>\n<p><strong>c.<\/strong> Avrupa Birli\u011fi ula\u015ft\u0131rma politikalar\u0131 \u00e7er\u00e7evesindeki ortaya \u00e7\u0131kan Marco Polo2, Traceca, Beyaz Kitap, TEN-T projelerin \u00e7ok daha detayl\u0131 bir \u015fekilde irdelenip, birli\u011fin ula\u015ft\u0131rma plan ve projeleri do\u011frultusunda \u00fclkemiz i\u00e7in uygulanabilir projeleri KMDT tan\u0131t\u0131m merkezi ve, Denizcilik M\u00fcste\u015farl\u0131\u011f\u0131 \u00e7at\u0131s\u0131 alt\u0131nda g\u00f6r\u00fc\u015f ve yorumlara sunma, KMDT olarak yeni projelere mevcut bilgi ve alt yap\u0131m\u0131zla destek sa\u011flamak.<\/p>\n<p><strong>d.<\/strong> Kom\u015fu \u00fclkelerimizin tan\u0131t\u0131m merkezleri ile ola\u011fan g\u00f6r\u00fc\u015fmeler d\u0131\u015f\u0131nda, kar\u015f\u0131l\u0131kl\u0131 bilgi payla\u015f\u0131m\u0131 ve \u00fclkeler aras\u0131 ortak \u00e7al\u0131\u015fma alanlar\u0131 yaratmak ve yeni projeler olu\u015fturmak.<\/p>\n<p>K\u0131sa Mesafeli Denizyolu Tan\u0131t\u0131m Merkezi, sekt\u00f6re verece\u011fi dan\u0131\u015fmanl\u0131k hizmeti ile \u00fclkemizde denizcili\u011fin beyaz masas\u0131 haline getirmek, platformu geni\u015f alanlara yaymak.<\/p>\n<\/p><\/div><\/div>\n<\/div>\n<\/div><\/div><\/div>\n<\/section>\n<section id=\"section-5c48530bd3b95\" class=\"fw-main-row parallax-section  auto \" style=\"background:url(http:\/\/shortsea.org.tr\/wp-content\/uploads\/2018\/09\/F7BA1310-59CA-45AB-89FD-4F12B5ADB56E.jpeg) no-repeat center top fixed;width: 100%;overflow: hidden\">\n<div>\n<div class=\"fw-container sections\">\n<div class=\"fw-row\">\n<div id=\"column-5c48530bd3ec8\" class=\"none  fw-col-md-4      wow \" data-wow-offset=\"120\" data-wow-duration=\"1.5s\">\n<div class=\"fw-main-row\">\n<div class=\"fw-col-inner\">\n<div class=\"fw-single-image \">\n\t    <img decoding=\"async\" src=\"\/\/shortsea.org.tr\/wp-content\/uploads\/2018\/08\/esninfo.png\" class=\"img-responsive\" style='height: autopx' alt=\"\" \/>\n\t<\/div><\/div><\/div>\n<\/div>\n<div id=\"column-5c48530bd42aa\" class=\"none  fw-col-md-8      wow \" data-wow-offset=\"120\" data-wow-duration=\"1.5s\">\n<div class=\"fw-main-row\">\n<div class=\"fw-col-inner\">\n<p>Tan\u0131t\u0131m MerkezimizAvrupa K\u0131sa Mesafeli Denizyolu Ta\u015f\u0131mac\u0131l\u0131\u011f\u0131 A\u011f\u0131 n\u0131n bir \u00fcyesidir. Avrupa K\u0131sa Mesafeli Denizyolu Ta\u015f\u0131mac\u0131l\u0131\u011f\u0131 A\u011f\u0131 t\u00fcm Tan\u0131t\u0131m Merkezleri ile i\u015f birli\u011fi i\u00e7erisindedir. Yasal bir stat\u00fcye sahip de\u011fildir. \u00dcye olan Tan\u0131t\u0131m Merkezleri aras\u0131ndaki bir ittifakt\u0131r. ESN (European Shortsea Network) \u00fcyeli\u011fi yaln\u0131z AB \u00fclkelerine a\u00e7\u0131k bir kurulu\u015f olmamas\u0131na ra\u011fmen \u00f6ncelikli olarak Avrupa \u00fclkelerinin tan\u0131t\u0131m merkezlerini kapsamaktad\u0131r.<\/p>\n<\/p><\/div><\/div>\n<\/div>\n<\/div><\/div><\/div>\n<\/section>\n<p><!-- f59a4b19540c54d13e8168680775405a --><\/p>\n","protected":false},"excerpt":{"rendered":"<p>KISA MESAFE DEN\u0130Z TA\u015eIMACILITANITIM MERKEZ\u0130 &#8211; T\u00dcRK\u0130YE EYLEM PLANI 1. Tan\u0131t\u0131m merkezinin \u00e7al\u0131\u015fma faaliyetleri uygulama alanlar\u0131na g\u00f6re iki ana ba\u015fl\u0131k alt\u0131nda y\u00fcr\u00fct\u00fclecektir. A-) Yurti\u00e7i aktiviteler B-) Yurtd\u0131\u015f\u0131 aktiviteler Birincil Eylem Plan\u0131m\u0131z A-) Yurti\u00e7i Aktiviteler a. ..<a href=\"http:\/\/shortsea.org.tr\/tr_tr\/eylem-plani\/\" class=\"btn btn-default readmore-btn\" >Read More<\/a><\/p>\n","protected":false},"author":1,"featured_media":0,"parent":0,"menu_order":0,"comment_status":"closed","ping_status":"closed","template":"template\/template-full-width.php","meta":{"footnotes":""},"class_list":["post-1110","page","type-page","status-publish","hentry"],"_links":{"self":[{"href":"http:\/\/shortsea.org.tr\/tr_tr\/wp-json\/wp\/v2\/pages\/1110","targetHints":{"allow":["GET"]}}],"collection":[{"href":"http:\/\/shortsea.org.tr\/tr_tr\/wp-json\/wp\/v2\/pages"}],"about":[{"href":"http:\/\/shortsea.org.tr\/tr_tr\/wp-json\/wp\/v2\/types\/page"}],"author":[{"embeddable":true,"href":"http:\/\/shortsea.org.tr\/tr_tr\/wp-json\/wp\/v2\/users\/1"}],"replies":[{"embeddable":true,"href":"http:\/\/shortsea.org.tr\/tr_tr\/wp-json\/wp\/v2\/comments?post=1110"}],"version-history":[{"count":37,"href":"http:\/\/shortsea.org.tr\/tr_tr\/wp-json\/wp\/v2\/pages\/1110\/revisions"}],"predecessor-version":[{"id":2570,"href":"http:\/\/shortsea.org.tr\/tr_tr\/wp-json\/wp\/v2\/pages\/1110\/revisions\/2570"}],"wp:attachment":[{"href":"http:\/\/shortsea.org.tr\/tr_tr\/wp-json\/wp\/v2\/media?parent=1110"}],"curies":[{"name":"wp","href":"https:\/\/api.w.org\/{rel}","templated":true}]}}