{"id":1310,"date":"2018-09-02T18:59:46","date_gmt":"2018-09-02T15:59:46","guid":{"rendered":"http:\/\/shortsea.org.tr\/?page_id=1310"},"modified":"2018-09-17T15:30:32","modified_gmt":"2018-09-17T12:30:32","slug":"haber1","status":"publish","type":"page","link":"http:\/\/shortsea.org.tr\/tr_tr\/haber1\/","title":{"rendered":"haber1"},"content":{"rendered":"<section  id=\"section-69dfb52ea0b08\" class=\"fw-main-row   auto \"  style=\"  \"  >\r\n    <div >\r\n        <div class=\"fw-container sections\">\r\n            <div class=\"fw-row\">\n\t\r\n\r\n\r\n<div id=\"column-69dfb52ea0f8d\" class=\"none  fw-col-md-12      wow \" data-wow-offset=\"120\" data-wow-duration=\"1.5s\" style=\"  \">\r\n        <div class=\"fw-main-row\"  style=\"\">\r\n        <div class=\"fw-col-inner\">\r\n            \r\n<div class=\"fw-heading head_title fw-heading-h2 fw-heading-center   wow fadeIn\" data-wow-offset=\"120\" data-wow-duration=\"1.5s\">\r\n        <div class=\"\"><h2 class='fw-special-title'  style='color: '>L\u0130MANLARDA TEK PENCERE \u0130\u00c7\u0130N P\u0130LOT UYGULAMA BA\u015eLIYOR<\/h2><\/div>\r\n\r\n    \r\n\r\n    \r\n    \r\n\r\n<\/div><p>Limanlardaki i\u015flemlerle ilgili verilerin bakanl\u0131klar taraf\u0131ndan ortak kullan\u0131labilmesine olanak sa\u011flayan <b>\"Liman Tek Pencere Sistemi\" i\u00e7in pilot uygulama,<\/b> Tekirda\u011f, Mersin ve Alia\u011fa b\u00f6lgelerinde 1 Haziran'da ba\u015flat\u0131lacak.<\/p><p>Limanlarda hayata ge\u00e7irilecek uygulama, gemilere ait bildirimlerin tek bir sistem \u00fczerinden elektronik ortamda yap\u0131lmas\u0131na imkan sa\u011flayacak. Deniz ticaretinin kolayla\u015ft\u0131r\u0131lmas\u0131 ve b\u00fcrokrasinin azalt\u0131lmas\u0131 ama\u00e7lanan sistem kapsam\u0131nda, limanlardaki i\u015flemlere ili\u015fkin tek pencereden girilecek verileri, bakanl\u0131klar ortak kullanabilecek.<\/p><p>Sisteme, Ula\u015ft\u0131rma, Denizcilik ve Haberle\u015fme Bakanl\u0131\u011f\u0131 ile G\u00fcmr\u00fck ve Ticaret Bakanl\u0131\u011f\u0131n\u0131n yan\u0131 s\u0131ra \u00c7evre ve \u015eehircilik, Sa\u011fl\u0131k ve \u0130\u00e7i\u015fleri bakanl\u0131klar\u0131 da ilerleyen zamanda entegre edilecek. Bir ayl\u0131k periyotta sahada ortaya \u00e7\u0131kacak eksikliklerin giderilmesinin ard\u0131ndan sistem, 1 Temmuz Denizcilik ve Kabotaj Bayram\u0131'nda \u00fclke \u00e7ap\u0131nda hizmete sunulacak. Yerli ve milli imkanlarla geli\u015ftirilen Liman Tek Pencere Sistemi, Uluslararas\u0131 Denizcilik \u00d6rg\u00fct\u00fc taraf\u0131ndan Deniz Ticaretinin Kolayla\u015ft\u0131r\u0131lmas\u0131 Konvansiyonu ile belirlenen standartlarda ve Avrupa Birli\u011fince uygulanan direktiflerle uyumlu olacak.<\/p><p>Kurumlarca ihtiya\u00e7 duyulan bilgilerin bu sistem \u00fczerinden al\u0131nmas\u0131yla i\u015flemler kolayla\u015facak, etkin bir denetim mekanizmas\u0131 ve \u015feffafl\u0131k sa\u011flanacak. Bu sayede sekt\u00f6r\u00fcn maliyetlerinin azalt\u0131lmas\u0131 ve uluslararas\u0131 rekabet g\u00fcc\u00fcn\u00fcn art\u0131r\u0131lmas\u0131 m\u00fcmk\u00fcn hale gelecek.<\/p><p><b>Kaynak:<\/b> Vira Haber<\/p>        <\/div>\r\n    <\/div>\r\n<\/div><\/div>\n\n        <\/div>\r\n    <\/div>\r\n<\/section>\r\n\n","protected":false},"excerpt":{"rendered":"<p>L\u0130MANLARDA TEK PENCERE \u0130\u00c7\u0130N P\u0130LOT UYGULAMA BA\u015eLIYOR Limanlardaki i\u015flemlerle ilgili verilerin bakanl\u0131klar taraf\u0131ndan ortak kullan\u0131labilmesine olanak sa\u011flayan &#8220;Liman Tek Pencere Sistemi&#8221; i\u00e7in pilot uygulama, Tekirda\u011f, Mersin ve Alia\u011fa b\u00f6lgelerinde 1 Haziran&#8217;da ba\u015flat\u0131lacak.Limanlarda hayata ge\u00e7irilecek uygulama, ..<a href=\"http:\/\/shortsea.org.tr\/tr_tr\/haber1\/\" class=\"btn btn-default readmore-btn\" >Read More<\/a><\/p>\n","protected":false},"author":1,"featured_media":0,"parent":0,"menu_order":0,"comment_status":"closed","ping_status":"closed","template":"template\/template-full-width.php","meta":{"footnotes":""},"class_list":["post-1310","page","type-page","status-publish","hentry"],"_links":{"self":[{"href":"http:\/\/shortsea.org.tr\/tr_tr\/wp-json\/wp\/v2\/pages\/1310","targetHints":{"allow":["GET"]}}],"collection":[{"href":"http:\/\/shortsea.org.tr\/tr_tr\/wp-json\/wp\/v2\/pages"}],"about":[{"href":"http:\/\/shortsea.org.tr\/tr_tr\/wp-json\/wp\/v2\/types\/page"}],"author":[{"embeddable":true,"href":"http:\/\/shortsea.org.tr\/tr_tr\/wp-json\/wp\/v2\/users\/1"}],"replies":[{"embeddable":true,"href":"http:\/\/shortsea.org.tr\/tr_tr\/wp-json\/wp\/v2\/comments?post=1310"}],"version-history":[{"count":9,"href":"http:\/\/shortsea.org.tr\/tr_tr\/wp-json\/wp\/v2\/pages\/1310\/revisions"}],"predecessor-version":[{"id":1729,"href":"http:\/\/shortsea.org.tr\/tr_tr\/wp-json\/wp\/v2\/pages\/1310\/revisions\/1729"}],"wp:attachment":[{"href":"http:\/\/shortsea.org.tr\/tr_tr\/wp-json\/wp\/v2\/media?parent=1310"}],"curies":[{"name":"wp","href":"https:\/\/api.w.org\/{rel}","templated":true}]}}