{"id":1455,"date":"2018-09-08T21:06:49","date_gmt":"2018-09-08T18:06:49","guid":{"rendered":"http:\/\/shortsea.org.tr\/?page_id=1455"},"modified":"2018-09-09T12:33:44","modified_gmt":"2018-09-09T09:33:44","slug":"konteyner-tipleri","status":"publish","type":"page","link":"http:\/\/shortsea.org.tr\/tr_tr\/konteyner-tipleri\/","title":{"rendered":"KONTEYNER T\u0130PLER\u0130"},"content":{"rendered":"<section  id=\"section-69e0b30806eb5\" class=\"fw-main-row   auto \"  style=\"  \"  >\r\n    <div >\r\n        <div class=\"fw-container sections\">\r\n            <div class=\"fw-row\">\n\t\r\n\r\n\r\n<div id=\"column-69e0b3080745a\" class=\"none  fw-col-md-12      wow \" data-wow-offset=\"120\" data-wow-duration=\"1.5s\" style=\"  \">\r\n        <div class=\"fw-main-row\"  style=\"\">\r\n        <div class=\"fw-col-inner\">\r\n            \r\n<div class=\"fw-heading head_title fw-heading-h2    wow fadeIn\" data-wow-offset=\"120\" data-wow-duration=\"1.5s\">\r\n        <div class=\"fw-special-title-half\"><h2 class='fw-special-title'  style='color: '>20 FT STANDART KONTEYNER<\/h2><\/div>\r\n\r\n    \r\n\r\n    \r\n    \r\n\r\n<\/div><div class=\"fw-single-image \" >\r\n\t    <img decoding=\"async\" src=\"\/\/shortsea.org.tr\/wp-content\/uploads\/2018\/09\/1DEA9096-098F-4BE6-8F91-41C6EFC1066B.jpeg\" class=\"img-responsive\" style='height: autopx' alt=\"\"  \/>\r\n\t<\/div>    <div  class=\" fw-divider-full-width fw-line-solid fw-divider-line space-md \" style=\"width:auto%;  \" ><\/div>\r\n\r\n<div class=\"fw-heading head_title fw-heading-h2    wow fadeIn\" data-wow-offset=\"120\" data-wow-duration=\"1.5s\">\r\n        <div class=\"fw-special-title-half\"><h2 class='fw-special-title'  style='color: '>40 FT STANDART KONTEYNER<\/h2><\/div>\r\n\r\n    \r\n\r\n    \r\n    \r\n\r\n<\/div><div class=\"fw-single-image \" >\r\n\t    <img decoding=\"async\" src=\"\/\/shortsea.org.tr\/wp-content\/uploads\/2018\/09\/2B11657D-53AB-479C-93F9-9A658BC6EC50.jpeg\" class=\"img-responsive\" style='height: autopx' alt=\"\"  \/>\r\n\t<\/div>    <div  class=\" fw-divider-full-width fw-line-solid fw-divider-line space-md \" style=\"width:auto%;  \" ><\/div>\r\n\r\n<div class=\"fw-heading head_title fw-heading-h2    wow fadeIn\" data-wow-offset=\"120\" data-wow-duration=\"1.5s\">\r\n        <div class=\"fw-special-title-half\"><h2 class='fw-special-title'  style='color: '>45 FT STANDART HIGH CUBE KONTEYNER<\/h2><\/div>\r\n\r\n    \r\n\r\n    \r\n    \r\n\r\n<\/div><div class=\"fw-single-image \" >\r\n\t    <img decoding=\"async\" src=\"\/\/shortsea.org.tr\/wp-content\/uploads\/2018\/09\/3DDB9EB7-3C08-4F8C-96AB-41AC4E912746.jpeg\" class=\"img-responsive\" style='height: autopx' alt=\"\"  \/>\r\n\t<\/div>    <div  class=\" fw-divider-full-width fw-line-solid fw-divider-line space-md \" style=\"width:auto%;  \" ><\/div>\r\n\r\n<div class=\"fw-heading head_title fw-heading-h2    wow fadeIn\" data-wow-offset=\"120\" data-wow-duration=\"1.5s\">\r\n        <div class=\"fw-special-title-half\"><h2 class='fw-special-title'  style='color: '>20 FT FLAT KONTEYNER<\/h2><\/div>\r\n\r\n    \r\n\r\n    \r\n    \r\n\r\n<\/div><div class=\"fw-single-image \" >\r\n\t    <img decoding=\"async\" src=\"\/\/shortsea.org.tr\/wp-content\/uploads\/2018\/09\/2DCEAD50-C364-4806-86D9-025AC230950F.jpeg\" class=\"img-responsive\" style='height: autopx' alt=\"\"  \/>\r\n\t<\/div>    <div  class=\" fw-divider-full-width fw-line-solid fw-divider-line space-md \" style=\"width:auto%;  \" ><\/div>\r\n\r\n<div class=\"fw-heading head_title fw-heading-h2    wow fadeIn\" data-wow-offset=\"120\" data-wow-duration=\"1.5s\">\r\n        <div class=\"fw-special-title-half\"><h2 class='fw-special-title'  style='color: '>40 FT FLAT TRACK HIGH CUBE KONTEYNER<\/h2><\/div>\r\n\r\n    \r\n\r\n    \r\n    \r\n\r\n<\/div><div class=\"fw-single-image \" >\r\n\t    <img decoding=\"async\" src=\"\/\/shortsea.org.tr\/wp-content\/uploads\/2018\/09\/87CC8464-3FD0-498F-A3CA-EE7BD8BC2710.jpeg\" class=\"img-responsive\" style='height: autopx' alt=\"\"  \/>\r\n\t<\/div>    <div  class=\" fw-divider-full-width fw-line-solid fw-divider-line space-md \" style=\"width:auto%;  \" ><\/div>\r\n\r\n<div class=\"fw-heading head_title fw-heading-h2    wow fadeIn\" data-wow-offset=\"120\" data-wow-duration=\"1.5s\">\r\n        <div class=\"fw-special-title-half\"><h2 class='fw-special-title'  style='color: '>20 FT PLATFORM KONTEYNER<\/h2><\/div>\r\n\r\n    \r\n\r\n    \r\n    \r\n\r\n<\/div><div class=\"fw-single-image \" >\r\n\t    <img decoding=\"async\" src=\"\/\/shortsea.org.tr\/wp-content\/uploads\/2018\/09\/2A133EB1-8206-419A-B5D2-A80E464F00B8.jpeg\" class=\"img-responsive\" style='height: autopx' alt=\"\"  \/>\r\n\t<\/div>    <div  class=\" fw-divider-full-width fw-line-solid fw-divider-line space-md \" style=\"width:auto%;  \" ><\/div>\r\n\r\n<div class=\"fw-heading head_title fw-heading-h2    wow fadeIn\" data-wow-offset=\"120\" data-wow-duration=\"1.5s\">\r\n        <div class=\"fw-special-title-half\"><h2 class='fw-special-title'  style='color: '>40 FT PLATFORM KONTEYNER<\/h2><\/div>\r\n\r\n    \r\n\r\n    \r\n    \r\n\r\n<\/div><div class=\"fw-single-image \" >\r\n\t    <img decoding=\"async\" src=\"\/\/shortsea.org.tr\/wp-content\/uploads\/2018\/09\/DAB17714-1514-480D-AD47-FE7FEDD9471D.jpeg\" class=\"img-responsive\" style='height: autopx' alt=\"\"  \/>\r\n\t<\/div>    <div  class=\" fw-divider-full-width fw-line-solid fw-divider-line space-md \" style=\"width:auto%;  \" ><\/div>\r\n\r\n<div class=\"fw-heading head_title fw-heading-h2    wow fadeIn\" data-wow-offset=\"120\" data-wow-duration=\"1.5s\">\r\n        <div class=\"fw-special-title-half\"><h2 class='fw-special-title'  style='color: '>20 FT \u00dcST\u00dc A\u00c7IK KONTEYNER<\/h2><\/div>\r\n\r\n    \r\n\r\n    \r\n    \r\n\r\n<\/div><div class=\"fw-single-image \" >\r\n\t    <img decoding=\"async\" src=\"\/\/shortsea.org.tr\/wp-content\/uploads\/2018\/09\/65656DC8-2122-4429-8148-888FD92731B7.jpeg\" class=\"img-responsive\" style='height: autopx' alt=\"\"  \/>\r\n\t<\/div>    <div  class=\" fw-divider-full-width fw-line-solid fw-divider-line space-md \" style=\"width:auto%;  \" ><\/div>\r\n\r\n<div class=\"fw-heading head_title fw-heading-h2    wow fadeIn\" data-wow-offset=\"120\" data-wow-duration=\"1.5s\">\r\n        <div class=\"fw-special-title-half\"><h2 class='fw-special-title'  style='color: '>40 FT \u00dcST\u00dc A\u00c7IK KONTEYNER<\/h2><\/div>\r\n\r\n    \r\n\r\n    \r\n    \r\n\r\n<\/div><div class=\"fw-single-image \" >\r\n\t    <img decoding=\"async\" src=\"\/\/shortsea.org.tr\/wp-content\/uploads\/2018\/09\/0C1044EA-C836-4CA4-9CE4-44298D4FE783.jpeg\" class=\"img-responsive\" style='height: autopx' alt=\"\"  \/>\r\n\t<\/div>    <div  class=\" fw-divider-full-width fw-line-solid fw-divider-line space-md \" style=\"width:auto%;  \" ><\/div>\r\n\r\n<div class=\"fw-heading head_title fw-heading-h2    wow fadeIn\" data-wow-offset=\"120\" data-wow-duration=\"1.5s\">\r\n        <div class=\"fw-special-title-half\"><h2 class='fw-special-title'  style='color: '>20 FT SO\u011eUTUCULU KONTEYNER<\/h2><\/div>\r\n\r\n    \r\n\r\n    \r\n    \r\n\r\n<\/div><div class=\"fw-single-image \" >\r\n\t    <img decoding=\"async\" src=\"\/\/shortsea.org.tr\/wp-content\/uploads\/2018\/09\/IMG_6388.jpg\" class=\"img-responsive\" style='height: autopx' alt=\"\"  \/>\r\n\t<\/div>    <div  class=\" fw-divider-full-width fw-line-solid fw-divider-line space-md \" style=\"width:auto%;  \" ><\/div>\r\n\r\n<div class=\"fw-heading head_title fw-heading-h2    wow fadeIn\" data-wow-offset=\"120\" data-wow-duration=\"1.5s\">\r\n        <div class=\"fw-special-title-half\"><h2 class='fw-special-title'  style='color: '>40 FT SO\u011eUTUCULU KONTEYNER<\/h2><\/div>\r\n\r\n    \r\n\r\n    \r\n    \r\n\r\n<\/div><div class=\"fw-single-image \" >\r\n\t    <img decoding=\"async\" src=\"\/\/shortsea.org.tr\/wp-content\/uploads\/2018\/09\/IMG_6389.jpg\" class=\"img-responsive\" style='height: autopx' alt=\"\"  \/>\r\n\t<\/div>    <div  class=\" fw-divider-full-width fw-line-solid fw-divider-line space-md \" style=\"width:auto%;  \" ><\/div>\r\n\r\n<div class=\"fw-heading head_title fw-heading-h2    wow fadeIn\" data-wow-offset=\"120\" data-wow-duration=\"1.5s\">\r\n        <div class=\"fw-special-title-half\"><h2 class='fw-special-title'  style='color: '>TANK KONTEYNER<\/h2><\/div>\r\n\r\n    \r\n\r\n    \r\n    \r\n\r\n<\/div><div class=\"fw-single-image \" >\r\n\t    <img decoding=\"async\" src=\"\/\/shortsea.org.tr\/wp-content\/uploads\/2018\/09\/IMG_6390.jpg\" class=\"img-responsive\" style='height: autopx' alt=\"\"  \/>\r\n\t<\/div>        <\/div>\r\n    <\/div>\r\n<\/div><\/div>\n\n        <\/div>\r\n    <\/div>\r\n<\/section>\r\n\n","protected":false},"excerpt":{"rendered":"<p>20 FT STANDART KONTEYNER 40 FT STANDART KONTEYNER 45 FT STANDART HIGH CUBE KONTEYNER 20 FT FLAT KONTEYNER 40 FT FLAT TRACK HIGH CUBE KONTEYNER 20 FT PLATFORM KONTEYNER 40 FT PLATFORM KONTEYNER 20 FT ..<a href=\"http:\/\/shortsea.org.tr\/tr_tr\/konteyner-tipleri\/\" class=\"btn btn-default readmore-btn\" >Read More<\/a><\/p>\n","protected":false},"author":1,"featured_media":0,"parent":0,"menu_order":0,"comment_status":"closed","ping_status":"closed","template":"template\/template-full-width.php","meta":{"footnotes":""},"class_list":["post-1455","page","type-page","status-publish","hentry"],"_links":{"self":[{"href":"http:\/\/shortsea.org.tr\/tr_tr\/wp-json\/wp\/v2\/pages\/1455","targetHints":{"allow":["GET"]}}],"collection":[{"href":"http:\/\/shortsea.org.tr\/tr_tr\/wp-json\/wp\/v2\/pages"}],"about":[{"href":"http:\/\/shortsea.org.tr\/tr_tr\/wp-json\/wp\/v2\/types\/page"}],"author":[{"embeddable":true,"href":"http:\/\/shortsea.org.tr\/tr_tr\/wp-json\/wp\/v2\/users\/1"}],"replies":[{"embeddable":true,"href":"http:\/\/shortsea.org.tr\/tr_tr\/wp-json\/wp\/v2\/comments?post=1455"}],"version-history":[{"count":16,"href":"http:\/\/shortsea.org.tr\/tr_tr\/wp-json\/wp\/v2\/pages\/1455\/revisions"}],"predecessor-version":[{"id":1493,"href":"http:\/\/shortsea.org.tr\/tr_tr\/wp-json\/wp\/v2\/pages\/1455\/revisions\/1493"}],"wp:attachment":[{"href":"http:\/\/shortsea.org.tr\/tr_tr\/wp-json\/wp\/v2\/media?parent=1455"}],"curies":[{"name":"wp","href":"https:\/\/api.w.org\/{rel}","templated":true}]}}