{"id":1730,"date":"2018-09-17T15:36:12","date_gmt":"2018-09-17T12:36:12","guid":{"rendered":"http:\/\/shortsea.org.tr\/?page_id=1730"},"modified":"2018-09-17T15:37:39","modified_gmt":"2018-09-17T12:37:39","slug":"haber2","status":"publish","type":"page","link":"http:\/\/shortsea.org.tr\/tr_tr\/haber2\/","title":{"rendered":"haber2"},"content":{"rendered":"<section  id=\"section-69e0d2b9bbf8d\" class=\"fw-main-row   auto \"  style=\"  \"  >\r\n    <div >\r\n        <div class=\"fw-container sections\">\r\n            <div class=\"fw-row\">\n\t\r\n\r\n\r\n<div id=\"column-69e0d2b9bc41c\" class=\"none  fw-col-md-12      wow \" data-wow-offset=\"120\" data-wow-duration=\"1.5s\" style=\"  \">\r\n        <div class=\"fw-main-row\"  style=\"\">\r\n        <div class=\"fw-col-inner\">\r\n            \r\n<div class=\"fw-heading head_title fw-heading-h2 fw-heading-center   wow fadeIn\" data-wow-offset=\"120\" data-wow-duration=\"1.5s\">\r\n        <div class=\"\"><h2 class='fw-special-title'  style='color: '>IMO MEPC (72) DEN\u0130Z TA\u015eIMACILI\u011eI \u0130\u00c7\u0130N <span> \u0130KL\u0130M DE\u011e\u0130\u015e\u0130KL\u0130\u011e\u0130 <\/span> STRATEJ\u0130S\u0130N\u0130 KABUL ETT\u0130<\/h2><\/div>\r\n\r\n    \r\n\r\n    \r\n            <div class=\"separator_wrap\"> <div class=\"separator\"><\/div><\/div>\r\n        \r\n\r\n<\/div><p>9-13 Nisan 2018 tarihlerinde IMO'nun Londra'daki merkezinde toplanan IMO Deniz \u00c7evresini Koruma Komitesi (MEPC, 72), gemilerden kaynaklanan sera gaz\u0131 emisyonlar\u0131n\u0131n azalt\u0131lmas\u0131na y\u00f6nelik ilk stratejiyi kabul etti.<\/p><p>\u0130lk stratejiye g\u00f6re, y\u0131ll\u0131k sera gaz\u0131 emisyonlar\u0131n\u0131n 2050 y\u0131l\u0131nda 2008'e oranla %50 azalt\u0131lmas\u0131 ve daha uzun vadede tamamen ortadan kald\u0131r\u0131lmas\u0131 hedefleniyor.<\/p><p>Paris \u0130klim Anla\u015fmas\u0131'n\u0131n hedefleriyle paralel olarak geli\u015ftirilen ilk stratejinin 2023 y\u0131l\u0131na kadar d\u00fczenli bir \u015fekilde takip edilip g\u00fcncellenmesi planland\u0131.<\/p><p>Komite, gemilerden kaynaklanan sera gaz\u0131 emisyonlar\u0131n\u0131n azalt\u0131lmas\u0131 i\u00e7in kurulan \u00c7al\u0131\u015fma Grubu'nun 2018'in ilerleyen aylar\u0131nda d\u00f6rd\u00fcnc\u00fc kez toplanmas\u0131na karar verdi. \u00c7al\u0131\u015fma Grubu, ilk stratejinin geli\u015fimini izlemek amac\u0131yla bir eylem plan\u0131 haz\u0131rlayacak ve sera gazlar\u0131n\u0131n azalt\u0131lmas\u0131yla ilgili kaydedilen geli\u015fmeleri a\u00e7\u0131klayan bir raporu 22-26 Ekim 2018 tarihindeki MEPC 73 oturumunda sunacakt\u0131r.  <\/p><p>\u0130lk strateji kapsam\u0131nda a\u015fa\u011f\u0131daki \u00fc\u00e7 hedef belirlendi:  <\/p><p>1. Yeni yap\u0131m gemiler i\u00e7in enerji verimlili\u011fi tasar\u0131m endeksi (EEDI) gereklilikleri ve gemilerin karbon yo\u011funlu\u011fu: Bu kapsamda, her gemi tipi i\u00e7in endeksin gereklilikleri g\u00f6zden ge\u00e7irilecek ve stratejinin her ad\u0131m\u0131 i\u00e7in emisyon azalt\u0131m\u0131nda daha y\u00fcksek y\u00fczdeler planlanacakt\u0131r.  <\/p><p>2. K\u00fcresel deniz ta\u015f\u0131mac\u0131l\u0131\u011f\u0131ndan kaynaklanan karbon yo\u011funlu\u011fu: Her ta\u015f\u0131ma i\u015fi i\u00e7in CO2 emisyonlar\u0131 2008 oranlar\u0131na g\u00f6re 2030'a kadar %40; 2050'ye kadar %70 azalt\u0131lacakt\u0131r.  <\/p><p>3. K\u00fcresel denizcilikten kaynaklanan sera gaz\u0131 emisyonlar\u0131: Y\u0131ll\u0131k toplam sera gaz\u0131 emisyonlar\u0131 2008 y\u0131l\u0131yla kar\u015f\u0131la\u015ft\u0131r\u0131ld\u0131\u011f\u0131nda 2050'ye kadar %50 oran\u0131nda azalt\u0131lacak ve daha uzun vadede emisyonlar tamamen ortadan kald\u0131r\u0131lacakt\u0131r.    <\/p><p>Kaynak: IMO internet sitesi. http:\/\/www.imo.org\/en\/MediaCentre\/PressBriefings\/Pages\/06GHGinitialstrategy.aspx<\/p>        <\/div>\r\n    <\/div>\r\n<\/div><\/div>\n\n        <\/div>\r\n    <\/div>\r\n<\/section>\r\n\n","protected":false},"excerpt":{"rendered":"<p>IMO MEPC (72) DEN\u0130Z TA\u015eIMACILI\u011eI \u0130\u00c7\u0130N \u0130KL\u0130M DE\u011e\u0130\u015e\u0130KL\u0130\u011e\u0130 STRATEJ\u0130S\u0130N\u0130 KABUL ETT\u0130 9-13 Nisan 2018 tarihlerinde IMO&#8217;nun Londra&#8217;daki merkezinde toplanan IMO Deniz \u00c7evresini Koruma Komitesi (MEPC, 72), gemilerden kaynaklanan sera gaz\u0131 emisyonlar\u0131n\u0131n azalt\u0131lmas\u0131na y\u00f6nelik ilk stratejiyi ..<a href=\"http:\/\/shortsea.org.tr\/tr_tr\/haber2\/\" class=\"btn btn-default readmore-btn\" >Read More<\/a><\/p>\n","protected":false},"author":1,"featured_media":0,"parent":0,"menu_order":0,"comment_status":"closed","ping_status":"closed","template":"template\/template-full-width.php","meta":{"footnotes":""},"class_list":["post-1730","page","type-page","status-publish","hentry"],"_links":{"self":[{"href":"http:\/\/shortsea.org.tr\/tr_tr\/wp-json\/wp\/v2\/pages\/1730","targetHints":{"allow":["GET"]}}],"collection":[{"href":"http:\/\/shortsea.org.tr\/tr_tr\/wp-json\/wp\/v2\/pages"}],"about":[{"href":"http:\/\/shortsea.org.tr\/tr_tr\/wp-json\/wp\/v2\/types\/page"}],"author":[{"embeddable":true,"href":"http:\/\/shortsea.org.tr\/tr_tr\/wp-json\/wp\/v2\/users\/1"}],"replies":[{"embeddable":true,"href":"http:\/\/shortsea.org.tr\/tr_tr\/wp-json\/wp\/v2\/comments?post=1730"}],"version-history":[{"count":4,"href":"http:\/\/shortsea.org.tr\/tr_tr\/wp-json\/wp\/v2\/pages\/1730\/revisions"}],"predecessor-version":[{"id":1734,"href":"http:\/\/shortsea.org.tr\/tr_tr\/wp-json\/wp\/v2\/pages\/1730\/revisions\/1734"}],"wp:attachment":[{"href":"http:\/\/shortsea.org.tr\/tr_tr\/wp-json\/wp\/v2\/media?parent=1730"}],"curies":[{"name":"wp","href":"https:\/\/api.w.org\/{rel}","templated":true}]}}