{"id":2807,"date":"2019-03-16T20:05:58","date_gmt":"2019-03-16T17:05:58","guid":{"rendered":"http:\/\/shortsea.org.tr\/?page_id=2807"},"modified":"2025-10-24T19:06:40","modified_gmt":"2025-10-24T16:06:40","slug":"isg-uzmani-sinavlari","status":"publish","type":"page","link":"http:\/\/shortsea.org.tr\/tr_tr\/isg-uzmani-sinavlari\/","title":{"rendered":"isg uzman\u0131 s\u0131navlar\u0131"},"content":{"rendered":"<div class=\"brz-root__container brz-reset-all\">\n<section data-brz-uid=\"jewsrxveyj\" id=\"jewsrxveyj\" class=\"brz-section brz-css-wbtvj\">\n<div class=\"brz-section__content brz-section--boxed brz-css-ithmg brz-css-ykdqa\" data-brz-custom-id=\"awxqsgudol\">\n<div class=\"brz-bg\">\n<div class=\"brz-bg-color\"><\/div>\n<\/div>\n<div class=\"brz-container brz-css-ogmaw\">\n<div class=\"brz-wrapper-clone brz-css-coisx\">\n<div class=\"brz-d-xs-flex brz-flex-xs-wrap brz-css-mdcip\">\n<div class=\"brz-wrapper-clone__item\" id=\"snqcdphjtz\"><a class=\"brz-a brz-btn brz-css-triar\" href=\"http:\/\/shortsea.org.tr\/isg\" target=\"_self\" rel=\"noopener\" data-brz-link-type=\"external\" data-brz-custom-id=\"snqcdphjtz\"><span data-brz-translate-text=\"1\" class=\"brz-span brz-text__editor\">ANA SAYFA<\/span><\/a><\/div>\n<\/div>\n<\/div>\n<div class=\"brz-row__container brz-css-ygyvw\" data-brz-custom-id=\"vhwllsazje\">\n<div class=\"brz-bg\"><\/div>\n<div class=\"brz-row brz-css-hsmyn brz-css-xtabg\">\n<div class=\"brz-columns brz-css-plxdh brz-css-qgiqv\" data-brz-custom-id=\"gtyycroels\">\n<div class=\"brz-bg\"><\/div>\n<div class=\"brz-column__items brz-css-uerla brz-css-bqxww\">\n<div class=\"brz-wrapper-clone brz-css-coisx\">\n<div class=\"brz-d-xs-flex brz-flex-xs-wrap brz-css-mdcip\">\n<div class=\"brz-wrapper-clone__item\" id=\"wkkzxshdfy\">\n<div class=\"brz-icon__container\" data-brz-custom-id=\"wkkzxshdfy\"><span class=\"brz-icon brz-span brz-css-goksk brz-css-tioqq\">        <\/span><\/div>\n<\/div>\n<\/div>\n<\/div>\n<div id class=\"brz-css-xxfmw brz-wrapper\">\n<div class=\"brz-rich-text brz-rich-text__custom brz-css-whzkw\" data-brz-custom-id=\"qksctsahni\">\n<div data-brz-translate-text=\"1\">\n<p class=\"brz-text-lg-center brz-tp-heading4 brz-text-xs-center brz-css-aympo\"><span class=\"brz-cp-color2\" style=\"background-color: transparent\">A S\u0131n\u0131f\u0131 Uzmanl\u0131k S\u0131nav Sorular\u0131 <\/span><\/p>\n<\/div>\n<\/div>\n<\/div>\n<div id class=\"brz-css-xxfmw brz-wrapper\">\n<div class=\"brz-rich-text brz-rich-text__custom brz-css-whzkw\" data-brz-custom-id=\"ywbdcoxrqo\">\n<div data-brz-translate-text=\"1\">\n<p class=\"brz-text-xs-center brz-tp-paragraph brz-text-lg-center brz-css-cxtyy\"><span class=\"brz-cp-color7\" style=\"background-color: transparent\"> 2014 y\u0131l\u0131ndan bu yana \u00d6SYM&#8217;nin ger\u00e7ekle\u015ftirdi\u011fi s\u0131navlar\u0131n % 10 oran\u0131ndaki soru ve cevaplar\u0131 a\u015fa\u011f\u0131da verilmektedir.<\/span><\/p>\n<\/div>\n<\/div>\n<\/div>\n<div class=\"brz-wrapper-clone brz-css-coisx\">\n<div class=\"brz-d-xs-flex brz-flex-xs-wrap brz-css-mdcip brz-css-zukex\">\n<div class=\"brz-wrapper-clone__item\" id=\"iutryddrvv\"><a class=\"brz-a brz-btn brz-css-triar brz-css-arbpy\" href=\"http:\/\/shortsea.org.tr\/wp-content\/uploads\/2019\/03\/2018\u0130SGA1.pdf\" target=\"_blank\" rel=\"noopener\" data-brz-link-type=\"external\" data-brz-custom-id=\"iutryddrvv\"><span data-brz-translate-text=\"1\" class=\"brz-span brz-text__editor\">2018 1.D\u00d6NEM SINAV SORULARI<\/span><\/a><\/div>\n<div class=\"brz-wrapper-clone__item\" id=\"mkktywzesj\"><a class=\"brz-a brz-btn brz-css-triar brz-css-dkytf\" href=\"http:\/\/shortsea.org.tr\/wp-content\/uploads\/2019\/03\/2018\u0130SGA2.pdf\" target=\"_blank\" rel=\"noopener\" data-brz-link-type=\"external\" data-brz-custom-id=\"mkktywzesj\"><span data-brz-translate-text=\"1\" class=\"brz-span brz-text__editor\">2018 2.D\u00d6NEM SINAV SORULARI<\/span><\/a><\/div>\n<div class=\"brz-wrapper-clone__item\" id=\"qqkidnyzcp\"><a class=\"brz-a brz-btn brz-css-triar brz-css-rxezi\" href=\"http:\/\/shortsea.org.tr\/wp-content\/uploads\/2019\/03\/2017\u0130SGA1.pdf\" target=\"_blank\" rel=\"noopener\" data-brz-link-type=\"external\" data-brz-custom-id=\"qqkidnyzcp\"><span data-brz-translate-text=\"1\" class=\"brz-span brz-text__editor\">2017 1.D\u00d6NEM SINAV SORULARI<\/span><\/a><\/div>\n<div class=\"brz-wrapper-clone__item\" id=\"rulxnrlutq\"><a class=\"brz-a brz-btn brz-css-triar brz-css-vyfac\" href=\"http:\/\/shortsea.org.tr\/wp-content\/uploads\/2019\/03\/2016\u0130SGA1.pdf\" target=\"_blank\" rel=\"noopener\" data-brz-link-type=\"external\" data-brz-custom-id=\"rulxnrlutq\"><span data-brz-translate-text=\"1\" class=\"brz-span brz-text__editor\">2016 1.D\u00d6NEM SINAV SORULARI<\/span><\/a><\/div>\n<div class=\"brz-wrapper-clone__item\" id=\"ckswjleqtu\"><a class=\"brz-a brz-btn brz-css-triar brz-css-acpvv\" href=\"http:\/\/shortsea.org.tr\/wp-content\/uploads\/2019\/03\/2015\u0130SGA1.pdf\" target=\"_blank\" rel=\"noopener\" data-brz-link-type=\"external\" data-brz-custom-id=\"ckswjleqtu\"><span data-brz-translate-text=\"1\" class=\"brz-span brz-text__editor\">2015 1.D\u00d6NEM SINAV SORULARI<\/span><\/a><\/div>\n<div class=\"brz-wrapper-clone__item\" id=\"hkrhkzavry\"><a class=\"brz-a brz-btn brz-css-triar brz-css-aabbn\" href=\"http:\/\/shortsea.org.tr\/wp-content\/uploads\/2019\/03\/2014iSGA1.pdf\" target=\"_blank\" rel=\"noopener\" data-brz-link-type=\"external\" data-brz-custom-id=\"hkrhkzavry\"><span data-brz-translate-text=\"1\" class=\"brz-span brz-text__editor\">2014 1.D\u00d6NEM SINAV SORULARI<\/span><\/a><\/div>\n<div class=\"brz-wrapper-clone__item\" id=\"rswkyytdpl\"><a class=\"brz-a brz-btn brz-css-triar brz-css-vjaie\" href=\"http:\/\/shortsea.org.tr\/wp-content\/uploads\/2019\/03\/2014\u0130SGA2.pdf\" target=\"_blank\" rel=\"noopener\" data-brz-link-type=\"external\" data-brz-custom-id=\"rswkyytdpl\"><span data-brz-translate-text=\"1\" class=\"brz-span brz-text__editor\">2014 2.D\u00d6NEM SINAV SORULARI<\/span><\/a><\/div>\n<\/div>\n<\/div>\n<\/div>\n<\/div>\n<div class=\"brz-columns brz-css-plxdh brz-css-zrifo\" data-brz-custom-id=\"pgqdqrlocw\">\n<div class=\"brz-bg\"><\/div>\n<div class=\"brz-column__items brz-css-uerla brz-css-onxbf\">\n<div class=\"brz-wrapper-clone brz-css-coisx\">\n<div class=\"brz-d-xs-flex brz-flex-xs-wrap brz-css-mdcip\">\n<div class=\"brz-wrapper-clone__item\" id=\"sizhdluxbu\">\n<div class=\"brz-icon__container\" data-brz-custom-id=\"sizhdluxbu\"><span class=\"brz-icon brz-span brz-css-goksk brz-css-igedw\">  <\/span><\/div>\n<\/div>\n<\/div>\n<\/div>\n<div id class=\"brz-css-xxfmw brz-wrapper\">\n<div class=\"brz-rich-text brz-rich-text__custom brz-css-whzkw\" data-brz-custom-id=\"qavqpruyiw\">\n<div data-brz-translate-text=\"1\">\n<p class=\"brz-text-lg-center brz-tp-heading4 brz-text-xs-center brz-css-zdwud\"><span class=\"brz-cp-color2\" style=\"background-color: transparent\">B S\u0131n\u0131f\u0131 Uzmanl\u0131k S\u0131nav Sorular\u0131 <\/span><\/p>\n<\/div>\n<\/div>\n<\/div>\n<div id class=\"brz-css-xxfmw brz-wrapper\">\n<div class=\"brz-rich-text brz-rich-text__custom brz-css-whzkw\" data-brz-custom-id=\"cxjknvdawg\">\n<div data-brz-translate-text=\"1\">\n<p class=\"brz-text-xs-center brz-tp-paragraph brz-text-lg-center brz-css-bghde\"><span class=\"brz-cp-color7\" style=\"background-color: transparent\"> 2014 y\u0131l\u0131ndan bu yana \u00d6SYM&#8217;nin ger\u00e7ekle\u015ftirdi\u011fi s\u0131navlar\u0131n % 10 oran\u0131ndaki soru ve cevaplar\u0131 a\u015fa\u011f\u0131da verilmektedir.<\/span><\/p>\n<\/div>\n<\/div>\n<\/div>\n<div class=\"brz-wrapper-clone brz-css-coisx\">\n<div class=\"brz-d-xs-flex brz-flex-xs-wrap brz-css-mdcip brz-css-bfnam\">\n<div class=\"brz-wrapper-clone__item\" id=\"zpudpkkone\"><a class=\"brz-a brz-btn brz-css-triar brz-css-gngjh\" href=\"http:\/\/shortsea.org.tr\/wp-content\/uploads\/2019\/03\/2018\u0130SGB1.pdf\" target=\"_blank\" rel=\"noopener\" data-brz-link-type=\"external\" data-brz-custom-id=\"zpudpkkone\"><span data-brz-translate-text=\"1\" class=\"brz-span brz-text__editor\">2018 1.D\u00d6NEM SINAV SORULARI<\/span><\/a><\/div>\n<div class=\"brz-wrapper-clone__item\" id=\"rsumzdcwfv\"><a class=\"brz-a brz-btn brz-css-triar brz-css-cwpni\" href=\"http:\/\/shortsea.org.tr\/wp-content\/uploads\/2019\/03\/2018\u0130SGB2.pdf\" target=\"_blank\" rel=\"noopener\" data-brz-link-type=\"external\" data-brz-custom-id=\"rsumzdcwfv\"><span data-brz-translate-text=\"1\" class=\"brz-span brz-text__editor\">2018 2.D\u00d6NEM SINAV SORULARI<\/span><\/a><\/div>\n<div class=\"brz-wrapper-clone__item\" id=\"sfotpufarq\"><a class=\"brz-a brz-btn brz-css-triar brz-css-vbxwf\" href=\"http:\/\/shortsea.org.tr\/wp-content\/uploads\/2019\/03\/2017\u0130SGB1.pdf\" target=\"_blank\" rel=\"noopener\" data-brz-link-type=\"external\" data-brz-custom-id=\"sfotpufarq\"><span data-brz-translate-text=\"1\" class=\"brz-span brz-text__editor\">2017 1.D\u00d6NEM SINAV SORULARI<\/span><\/a><\/div>\n<div class=\"brz-wrapper-clone__item\" id=\"wwsxbgvojh\"><a class=\"brz-a brz-btn brz-css-triar brz-css-fxqmn\" href=\"http:\/\/shortsea.org.tr\/wp-content\/uploads\/2019\/03\/2017\u0130SGB2.pdf\" target=\"_blank\" rel=\"noopener\" data-brz-link-type=\"external\" data-brz-custom-id=\"wwsxbgvojh\"><span data-brz-translate-text=\"1\" class=\"brz-span brz-text__editor\">2017 2.D\u00d6NEM SINAV SORULARI<\/span><\/a><\/div>\n<div class=\"brz-wrapper-clone__item\" id=\"sznighmsbw\"><a class=\"brz-a brz-btn brz-css-triar brz-css-wxjej\" href=\"http:\/\/shortsea.org.tr\/wp-content\/uploads\/2019\/03\/2016\u0130SGB1.pdf\" target=\"_blank\" rel=\"noopener\" data-brz-link-type=\"external\" data-brz-custom-id=\"sznighmsbw\"><span data-brz-translate-text=\"1\" class=\"brz-span brz-text__editor\">2016 1.D\u00d6NEM SINAV SORULARI<\/span><\/a><\/div>\n<div class=\"brz-wrapper-clone__item\" id=\"mohympiiaf\"><a class=\"brz-a brz-btn brz-css-triar brz-css-hbfxy\" href=\"http:\/\/shortsea.org.tr\/wp-content\/uploads\/2019\/03\/2016\u0130SGB2.pdf\" target=\"_blank\" rel=\"noopener\" data-brz-link-type=\"external\" data-brz-custom-id=\"mohympiiaf\"><span data-brz-translate-text=\"1\" class=\"brz-span brz-text__editor\">2016 2.D\u00d6NEM SINAV SORULARI<\/span><\/a><\/div>\n<div class=\"brz-wrapper-clone__item\" id=\"hwzxznwiow\"><a class=\"brz-a brz-btn brz-css-triar brz-css-rmnqy\" href=\"http:\/\/shortsea.org.tr\/wp-content\/uploads\/2019\/03\/2015\u0130SGB1.pdf\" target=\"_blank\" rel=\"noopener\" data-brz-link-type=\"external\" data-brz-custom-id=\"hwzxznwiow\"><span data-brz-translate-text=\"1\" class=\"brz-span brz-text__editor\">2015 1.D\u00d6NEM SINAV SORULARI<\/span><\/a><\/div>\n<div class=\"brz-wrapper-clone__item\" id=\"srdzkmspcg\"><a class=\"brz-a brz-btn brz-css-triar brz-css-qoxny\" href=\"http:\/\/shortsea.org.tr\/wp-content\/uploads\/2019\/03\/2015\u0130SGB2.pdf\" target=\"_blank\" rel=\"noopener\" data-brz-link-type=\"external\" data-brz-custom-id=\"srdzkmspcg\"><span data-brz-translate-text=\"1\" class=\"brz-span brz-text__editor\">2015 2.D\u00d6NEM SINAV SORULARI<\/span><\/a><\/div>\n<div class=\"brz-wrapper-clone__item\" id=\"prxxmubmxd\"><a class=\"brz-a brz-btn brz-css-triar brz-css-rewan\" href=\"http:\/\/shortsea.org.tr\/wp-content\/uploads\/2019\/03\/2014iSGB1.pdf\" target=\"_blank\" rel=\"noopener\" data-brz-link-type=\"external\" data-brz-custom-id=\"prxxmubmxd\"><span data-brz-translate-text=\"1\" class=\"brz-span brz-text__editor\">2014 1.D\u00d6NEM SINAV SORULARI<\/span><\/a><\/div>\n<div class=\"brz-wrapper-clone__item\" id=\"wrpaclyujy\"><a class=\"brz-a brz-btn brz-css-triar brz-css-hpoqa\" href=\"http:\/\/shortsea.org.tr\/wp-content\/uploads\/2019\/03\/2014\u0130SGB2.pdf\" target=\"_blank\" rel=\"noopener\" data-brz-link-type=\"external\" data-brz-custom-id=\"wrpaclyujy\"><span data-brz-translate-text=\"1\" class=\"brz-span brz-text__editor\">2014 2.D\u00d6NEM SINAV SORULARI<\/span><\/a><\/div>\n<\/div>\n<\/div>\n<\/div>\n<\/div>\n<div class=\"brz-columns brz-css-plxdh brz-css-mdpxy\" data-brz-custom-id=\"swmlbqhmvx\">\n<div class=\"brz-bg\"><\/div>\n<div class=\"brz-column__items brz-css-uerla brz-css-iwxpa\">\n<div class=\"brz-wrapper-clone brz-css-coisx\">\n<div class=\"brz-d-xs-flex brz-flex-xs-wrap brz-css-mdcip\">\n<div class=\"brz-wrapper-clone__item\" id=\"lzeernzliz\">\n<div class=\"brz-icon__container\" data-brz-custom-id=\"lzeernzliz\"><span class=\"brz-icon brz-span brz-css-goksk brz-css-hatne\">        <\/span><\/div>\n<\/div>\n<\/div>\n<\/div>\n<div id class=\"brz-css-xxfmw brz-wrapper\">\n<div class=\"brz-rich-text brz-rich-text__custom brz-css-whzkw\" data-brz-custom-id=\"xmgeukerlr\">\n<div data-brz-translate-text=\"1\">\n<p class=\"brz-text-xs-center brz-tp-heading4 brz-text-lg-center brz-css-qnsgz\"><span class=\"brz-cp-color2\" style=\"background-color: transparent\">C S\u0131n\u0131f\u0131 Uzmanl\u0131k S\u0131nav Sorular\u0131 <\/span><\/p>\n<\/div>\n<\/div>\n<\/div>\n<div id class=\"brz-css-xxfmw brz-wrapper\">\n<div class=\"brz-rich-text brz-rich-text__custom brz-css-whzkw\" data-brz-custom-id=\"ydnxdzrfkd\">\n<div data-brz-translate-text=\"1\">\n<p class=\"brz-text-xs-center brz-tp-paragraph brz-text-lg-center brz-css-bakjd\"><span class=\"brz-cp-color7\" style=\"background-color: transparent\"> 2014 y\u0131l\u0131ndan bu yana \u00d6SYM&#8217;nin ger\u00e7ekle\u015ftirdi\u011fi s\u0131navlar\u0131n % 10 oran\u0131ndaki soru ve cevaplar\u0131 a\u015fa\u011f\u0131da verilmektedir.<\/span><\/p>\n<\/div>\n<\/div>\n<\/div>\n<div class=\"brz-wrapper-clone brz-css-coisx\">\n<div class=\"brz-d-xs-flex brz-flex-xs-wrap brz-css-mdcip brz-css-azsmf\">\n<div class=\"brz-wrapper-clone__item\" id=\"cxqmegnwcm\"><a class=\"brz-a brz-btn brz-css-triar brz-css-zzsrj\" href=\"http:\/\/shortsea.org.tr\/wp-content\/uploads\/2019\/03\/2018\u0130SGC1.pdf\" target=\"_blank\" rel=\"noopener\" data-brz-link-type=\"external\" data-brz-custom-id=\"cxqmegnwcm\"><span data-brz-translate-text=\"1\" class=\"brz-span brz-text__editor\">2018 1.D\u00d6NEM SINAV SORULARI<\/span><\/a><\/div>\n<div class=\"brz-wrapper-clone__item\" id=\"aeixqyhzyi\"><a class=\"brz-a brz-btn brz-css-triar brz-css-ewbxn\" href=\"http:\/\/shortsea.org.tr\/wp-content\/uploads\/2019\/03\/2018\u0130SGC2.pdf\" target=\"_blank\" rel=\"noopener\" data-brz-link-type=\"external\" data-brz-custom-id=\"aeixqyhzyi\"><span data-brz-translate-text=\"1\" class=\"brz-span brz-text__editor\">2018 2.D\u00d6NEM SINAV SORULARI<\/span><\/a><\/div>\n<div class=\"brz-wrapper-clone__item\" id=\"gjtrspkgva\"><a class=\"brz-a brz-btn brz-css-triar brz-css-unyuz\" href=\"http:\/\/shortsea.org.tr\/wp-content\/uploads\/2019\/03\/2017\u0130SGC1.pdf\" target=\"_blank\" rel=\"noopener\" data-brz-link-type=\"external\" data-brz-custom-id=\"gjtrspkgva\"><span data-brz-translate-text=\"1\" class=\"brz-span brz-text__editor\">2017 1.D\u00d6NEM SINAV SORULARI<\/span><\/a><\/div>\n<div class=\"brz-wrapper-clone__item\" id=\"nrcuiheucw\"><a class=\"brz-a brz-btn brz-css-triar brz-css-qoqtq\" href=\"http:\/\/shortsea.org.tr\/wp-content\/uploads\/2019\/03\/2017\u0130SGC2.pdf\" target=\"_blank\" rel=\"noopener\" data-brz-link-type=\"external\" data-brz-custom-id=\"nrcuiheucw\"><span data-brz-translate-text=\"1\" class=\"brz-span brz-text__editor\">2017 2.D\u00d6NEM SINAV SORULARI<\/span><\/a><\/div>\n<div class=\"brz-wrapper-clone__item\" id=\"qonbcfqcxa\"><a class=\"brz-a brz-btn brz-css-triar brz-css-caowm\" href=\"http:\/\/shortsea.org.tr\/wp-content\/uploads\/2019\/03\/2016\u0130SGC1.pdf\" target=\"_blank\" rel=\"noopener\" data-brz-link-type=\"external\" data-brz-custom-id=\"qonbcfqcxa\"><span data-brz-translate-text=\"1\" class=\"brz-span brz-text__editor\">2016 1.D\u00d6NEM SINAV SORULARI<\/span><\/a><\/div>\n<div class=\"brz-wrapper-clone__item\" id=\"zwstcusgvz\"><a class=\"brz-a brz-btn brz-css-triar brz-css-mnagi\" href=\"http:\/\/shortsea.org.tr\/wp-content\/uploads\/2019\/03\/2016\u0130SGC2.pdf\" target=\"_blank\" rel=\"noopener\" data-brz-link-type=\"external\" data-brz-custom-id=\"zwstcusgvz\"><span data-brz-translate-text=\"1\" class=\"brz-span brz-text__editor\">2016 2.D\u00d6NEM SINAV SORULARI<\/span><\/a><\/div>\n<div class=\"brz-wrapper-clone__item\" id=\"tmuodbguoi\"><a class=\"brz-a brz-btn brz-css-triar brz-css-zcehj\" href=\"http:\/\/shortsea.org.tr\/wp-content\/uploads\/2019\/03\/2015\u0130SGC1.pdf\" target=\"_blank\" rel=\"noopener\" data-brz-link-type=\"external\" data-brz-custom-id=\"tmuodbguoi\"><span data-brz-translate-text=\"1\" class=\"brz-span brz-text__editor\">2015 1.D\u00d6NEM SINAV SORULARI<\/span><\/a><\/div>\n<div class=\"brz-wrapper-clone__item\" id=\"nxruyxdxnd\"><a class=\"brz-a brz-btn brz-css-triar brz-css-rpuip\" href=\"http:\/\/shortsea.org.tr\/wp-content\/uploads\/2019\/03\/2015\u0130SGC2.pdf\" target=\"_blank\" rel=\"noopener\" data-brz-link-type=\"external\" data-brz-custom-id=\"nxruyxdxnd\"><span data-brz-translate-text=\"1\" class=\"brz-span brz-text__editor\">2015 2.D\u00d6NEM SINAV SORULARI<\/span><\/a><\/div>\n<div class=\"brz-wrapper-clone__item\" id=\"enkwjksulx\"><a class=\"brz-a brz-btn brz-css-triar brz-css-lgrni\" href=\"http:\/\/shortsea.org.tr\/wp-content\/uploads\/2019\/03\/2014\u0130SGC1.pdf\" target=\"_blank\" rel=\"noopener\" data-brz-link-type=\"external\" data-brz-custom-id=\"enkwjksulx\"><span data-brz-translate-text=\"1\" class=\"brz-span brz-text__editor\">2014 1.D\u00d6NEM SINAV SORULARI<\/span><\/a><\/div>\n<div class=\"brz-wrapper-clone__item\" id=\"zqwqhmbagr\"><a class=\"brz-a brz-btn brz-css-triar brz-css-avxlk\" href=\"http:\/\/shortsea.org.tr\/wp-content\/uploads\/2019\/03\/2014\u0130SGC2.pdf\" target=\"_blank\" rel=\"noopener\" data-brz-link-type=\"external\" data-brz-custom-id=\"zqwqhmbagr\"><span data-brz-translate-text=\"1\" class=\"brz-span brz-text__editor\">2014 2.D\u00d6NEM SINAV SORULARI<\/span><\/a><\/div>\n<\/div>\n<\/div>\n<\/div>\n<\/div>\n<\/div>\n<\/div>\n<div id class=\"brz-css-xxfmw brz-css-jevac brz-css-lvkew brz-wrapper\">\n<div class=\"brz-spacer brz-css-tmjpn brz-css-uzydt\"><\/div>\n<\/div>\n<div class=\"brz-row__container brz-css-ygyvw\" data-brz-custom-id=\"qikascximq\">\n<div class=\"brz-bg\"><\/div>\n<div class=\"brz-row brz-css-hsmyn brz-css-xtabg\">\n<div class=\"brz-columns brz-css-plxdh brz-css-veszv\" data-brz-custom-id=\"ndwpzqreuj\">\n<div class=\"brz-bg\"><\/div>\n<div class=\"brz-column__items brz-css-uerla brz-css-nhhls\">\n<div class=\"brz-wrapper-clone brz-css-coisx\">\n<div class=\"brz-d-xs-flex brz-flex-xs-wrap brz-css-mdcip brz-css-rmfeh\">\n<div class=\"brz-wrapper-clone__item\" id=\"wiycvpzabc\">\n<div class=\"brz-icon__container\" data-brz-custom-id=\"wiycvpzabc\"><span class=\"brz-icon brz-span brz-css-goksk brz-css-vmksm\"> <\/span><\/div>\n<\/div>\n<\/div>\n<\/div>\n<div id class=\"brz-css-xxfmw brz-wrapper\">\n<div class=\"brz-rich-text brz-rich-text__custom brz-css-whzkw\" data-brz-custom-id=\"hprnubdcve\">\n<div data-brz-translate-text=\"1\">\n<h4 class=\"brz-tp-heading4 brz-text-xs-center brz-css-xbvac\"><span class=\"brz-cp-color2\" style=\"background-color: transparent\">No Documentation<\/span><\/h4>\n<\/div>\n<\/div>\n<\/div>\n<div id class=\"brz-css-xxfmw brz-wrapper\">\n<div class=\"brz-rich-text brz-rich-text__custom brz-css-whzkw\" data-brz-custom-id=\"rhgzemubup\">\n<div data-brz-translate-text=\"1\">\n<p class=\"brz-tp-paragraph brz-text-xs-center brz-css-cthou\"><span class=\"brz-cp-color7\" style=\"background-color: transparent\">The bread &amp; butter of our platform are the pre-built design sections, called items that you can add to the page.<\/span><\/p>\n<\/div>\n<\/div>\n<\/div>\n<div class=\"brz-wrapper-clone brz-css-coisx\">\n<div class=\"brz-d-xs-flex brz-flex-xs-wrap brz-css-mdcip brz-css-zflsi\">\n<div class=\"brz-wrapper-clone__item\" id=\"omrpyqwakl\"><a class=\"brz-a brz-btn brz-css-triar brz-css-gitjh\" href target=\"_self\" rel=\"noopener\" data-brz-link-type=\"external\" data-brz-custom-id=\"omrpyqwakl\"><span data-brz-translate-text=\"1\" class=\"brz-span brz-text__editor\">LEARN MORE<\/span><\/a><\/div>\n<\/div>\n<\/div>\n<\/div>\n<\/div>\n<div class=\"brz-columns brz-css-plxdh brz-css-azubj\" data-brz-custom-id=\"nfzuiirksl\">\n<div class=\"brz-bg\"><\/div>\n<div class=\"brz-column__items brz-css-uerla brz-css-hjytc\">\n<div class=\"brz-wrapper-clone brz-css-coisx\">\n<div class=\"brz-d-xs-flex brz-flex-xs-wrap brz-css-mdcip brz-css-lxwgl\">\n<div class=\"brz-wrapper-clone__item\" id=\"smeczbccqi\">\n<div class=\"brz-icon__container\" data-brz-custom-id=\"smeczbccqi\"><span class=\"brz-icon brz-span brz-css-goksk brz-css-kzgfb\">   <\/span><\/div>\n<\/div>\n<\/div>\n<\/div>\n<div id class=\"brz-css-xxfmw brz-wrapper\">\n<div class=\"brz-rich-text brz-rich-text__custom brz-css-whzkw\" data-brz-custom-id=\"iklaovbcgo\">\n<div data-brz-translate-text=\"1\">\n<h4 class=\"brz-tp-heading4 brz-text-xs-center brz-css-iuerv\"><span class=\"brz-cp-color2\" style=\"background-color: transparent\">Web Reinvented<\/span><\/h4>\n<\/div>\n<\/div>\n<\/div>\n<div id class=\"brz-css-xxfmw brz-wrapper\">\n<div class=\"brz-rich-text brz-rich-text__custom brz-css-whzkw\" data-brz-custom-id=\"zrwyfzyyve\">\n<div data-brz-translate-text=\"1\">\n<p class=\"brz-tp-paragraph brz-text-xs-center brz-css-zuoec\"><span class=\"brz-cp-color7\" style=\"background-color: transparent\">Just click &amp; drag to create beautiful pages in a matter of minutes. No designer talent or coding skills necessary.<\/span><\/p>\n<\/div>\n<\/div>\n<\/div>\n<div class=\"brz-wrapper-clone brz-css-coisx\">\n<div class=\"brz-d-xs-flex brz-flex-xs-wrap brz-css-mdcip brz-css-xslcz\">\n<div class=\"brz-wrapper-clone__item\" id=\"tjhhaxspqo\"><a class=\"brz-a brz-btn brz-css-triar brz-css-jkodf\" href target=\"_self\" rel=\"noopener\" data-brz-link-type=\"external\" data-brz-custom-id=\"tjhhaxspqo\"><span data-brz-translate-text=\"1\" class=\"brz-span brz-text__editor\">LEARN MORE<\/span><\/a><\/div>\n<\/div>\n<\/div>\n<\/div>\n<\/div>\n<div class=\"brz-columns brz-css-plxdh brz-css-hngmi\" data-brz-custom-id=\"erbnfvhtdi\">\n<div class=\"brz-bg\"><\/div>\n<div class=\"brz-column__items brz-css-uerla brz-css-sbwmh\">\n<div class=\"brz-wrapper-clone brz-css-coisx\">\n<div class=\"brz-d-xs-flex brz-flex-xs-wrap brz-css-mdcip brz-css-fffrs\">\n<div class=\"brz-wrapper-clone__item\" id=\"jkzdmrlfwx\">\n<div class=\"brz-icon__container\" data-brz-custom-id=\"jkzdmrlfwx\"><span class=\"brz-icon brz-span brz-css-goksk brz-css-gzseb\">     <\/span><\/div>\n<\/div>\n<\/div>\n<\/div>\n<div id class=\"brz-css-xxfmw brz-wrapper\">\n<div class=\"brz-rich-text brz-rich-text__custom brz-css-whzkw\" data-brz-custom-id=\"rwfcozlblv\">\n<div data-brz-translate-text=\"1\">\n<h4 class=\"brz-tp-heading4 brz-text-xs-center brz-css-dwpfj\"><span class=\"brz-cp-color2\" style=\"background-color: transparent\">What You See<\/span><span class=\"brz-cp-color2\">&nbsp;<\/span><\/h4>\n<\/div>\n<\/div>\n<\/div>\n<div id class=\"brz-css-xxfmw brz-wrapper\">\n<div class=\"brz-rich-text brz-rich-text__custom brz-css-whzkw\" data-brz-custom-id=\"ltedtuvhhm\">\n<div data-brz-translate-text=\"1\">\n<p class=\"brz-tp-paragraph brz-text-xs-center brz-css-ujfob\"><span class=\"brz-cp-color7\" style=\"background-color: transparent\">Brizy is a front-end page builder where what you see is what you get. We designed it so you can be in complete control.<\/span><\/p>\n<\/div>\n<\/div>\n<\/div>\n<div class=\"brz-wrapper-clone brz-css-coisx\">\n<div class=\"brz-d-xs-flex brz-flex-xs-wrap brz-css-mdcip brz-css-xjekv\">\n<div class=\"brz-wrapper-clone__item\" id=\"nwpdizllna\"><a class=\"brz-a brz-btn brz-css-triar brz-css-jvehc\" href target=\"_self\" rel=\"noopener\" data-brz-link-type=\"external\" data-brz-custom-id=\"nwpdizllna\"><span data-brz-translate-text=\"1\" class=\"brz-span brz-text__editor\">LEARN MORE<\/span><\/a><\/div>\n<\/div>\n<\/div>\n<\/div>\n<\/div>\n<\/div>\n<\/div>\n<\/div>\n<\/div>\n<\/section>\n<\/div>\n<p>    <!-- version:1761322000 --><\/p>\n","protected":false},"excerpt":{"rendered":"<p>ANA SAYFA A S\u0131n\u0131f\u0131 Uzmanl\u0131k S\u0131nav Sorular\u0131 2014 y\u0131l\u0131ndan bu yana \u00d6SYM&#8217;nin ger\u00e7ekle\u015ftirdi\u011fi s\u0131navlar\u0131n % 10 oran\u0131ndaki soru ve cevaplar\u0131 a\u015fa\u011f\u0131da verilmektedir. 2018 1.D\u00d6NEM SINAV SORULARI 2018 2.D\u00d6NEM SINAV SORULARI 2017 1.D\u00d6NEM SINAV SORULARI 2016 ..<a href=\"http:\/\/shortsea.org.tr\/tr_tr\/isg-uzmani-sinavlari\/\" class=\"btn btn-default readmore-btn\" >Read More<\/a><\/p>\n","protected":false},"author":1,"featured_media":0,"parent":0,"menu_order":0,"comment_status":"closed","ping_status":"closed","template":"brizy-blank-template.php","meta":{"footnotes":""},"class_list":["post-2807","page","type-page","status-publish","hentry"],"_links":{"self":[{"href":"http:\/\/shortsea.org.tr\/tr_tr\/wp-json\/wp\/v2\/pages\/2807","targetHints":{"allow":["GET"]}}],"collection":[{"href":"http:\/\/shortsea.org.tr\/tr_tr\/wp-json\/wp\/v2\/pages"}],"about":[{"href":"http:\/\/shortsea.org.tr\/tr_tr\/wp-json\/wp\/v2\/types\/page"}],"author":[{"embeddable":true,"href":"http:\/\/shortsea.org.tr\/tr_tr\/wp-json\/wp\/v2\/users\/1"}],"replies":[{"embeddable":true,"href":"http:\/\/shortsea.org.tr\/tr_tr\/wp-json\/wp\/v2\/comments?post=2807"}],"version-history":[{"count":27,"href":"http:\/\/shortsea.org.tr\/tr_tr\/wp-json\/wp\/v2\/pages\/2807\/revisions"}],"predecessor-version":[{"id":10187,"href":"http:\/\/shortsea.org.tr\/tr_tr\/wp-json\/wp\/v2\/pages\/2807\/revisions\/10187"}],"wp:attachment":[{"href":"http:\/\/shortsea.org.tr\/tr_tr\/wp-json\/wp\/v2\/media?parent=2807"}],"curies":[{"name":"wp","href":"https:\/\/api.w.org\/{rel}","templated":true}]}}