{"id":12312,"date":"2022-01-10T09:57:35","date_gmt":"2022-01-10T06:57:35","guid":{"rendered":"http:\/\/shortsea.org.tr\/?page_id=12312"},"modified":"2025-10-17T16:07:40","modified_gmt":"2025-10-17T13:07:40","slug":"is-veren","status":"publish","type":"page","link":"https:\/\/shortsea.org.tr\/en\/is-veren\/","title":{"rendered":"i\u015f veren"},"content":{"rendered":"<div class=\"brz-root__container brz-reset-all\">\n<section data-brz-uid=\"iwvtknitzqsgorxsqhdkxhnrpuatdmkwakcx\" id=\"iwvtknitzqsgorxsqhdkxhnrpuatdmkwakcx\" class=\"brz-section brz-css-wamyh\">\n<div class=\"brz-section__content brz-section--boxed brz-css-srdyj brz-css-nodxj\" data-brz-custom-id=\"udcqtyrmacifijulovoshlevgumwsnutltwu\">\n<div class=\"brz-bg\">\n<div class=\"brz-bg-color\"><\/div>\n<\/div>\n<div class=\"brz-container brz-css-ludtq\">\n<div class=\"brz-row__container brz-css-pujcn\" data-brz-custom-id=\"wrrmskcsalsxlsysolcrnegyaetwnxhznvot\">\n<div class=\"brz-bg\"><\/div>\n<div class=\"brz-row brz-css-nralq brz-css-hosgi\">\n<div class=\"brz-columns brz-css-crzfk brz-css-ksjxs\" data-brz-custom-id=\"mxcxlccxecicydqatngrypmfnehetulrzsxc\">\n<div class=\"brz-bg\">\n<div class=\"brz-bg-image\"><\/div>\n<\/div>\n<div class=\"brz-column__items brz-css-kjdeb\"><\/div>\n<\/div>\n<div class=\"brz-columns brz-css-crzfk brz-css-enpuf\" data-brz-custom-id=\"vvzrcfsdyjvbtjuuflfdyxynoytewhnnpnda\">\n<div class=\"brz-bg\"><\/div>\n<div class=\"brz-column__items brz-css-kjdeb brz-css-txbek\">\n<div id class=\"brz-css-ouqvv brz-css-jjorn brz-wrapper\">\n<div class=\"brz-rich-text brz-rich-text__custom brz-css-hgowv\" data-brz-custom-id=\"nclvjqyjladnliiqjzuluqvghutbmqolxjxx\">\n<div data-brz-translate-text=\"1\">\n<h3 class=\"brz-tp-lg-heading2 brz-text-xs-center brz-css-xuhjf\" data-uniq-id=\"ctedp\" data-generated-css=\"brz-css-fqxlg\"><span class=\"brz-cp-color2\">\u0130\u015eVEREN PORTALI<\/span><\/h3>\n<\/div>\n<\/div>\n<\/div>\n<div id class=\"brz-css-ouqvv brz-wrapper\">\n<div class=\"brz-rich-text brz-rich-text__custom brz-css-hgowv\" data-brz-custom-id=\"lplnxfhnixgmfssqhzkmedmfnbpawbznqwgi\">\n<div data-brz-translate-text=\"1\">\n<p class=\"brz-tp-lg-paragraph brz-css-upxvp\" data-generated-css=\"brz-css-lrvmh\" data-uniq-id=\"klgqt\"><span class=\"brz-cp-color7\">Arad\u0131\u011f\u0131n\u0131z personele portal\u0131m\u0131z \u00dcyelerinden ula\u015fmak i\u00e7in a\u015fa\u011f\u0131daki formu doldurarak eleman arama ilan\u0131n\u0131z\u0131 i\u015f ilanlar\u0131 duyuru panosuna ekleyebilirsiniz.<\/span><\/p>\n<\/div>\n<\/div>\n<\/div>\n<div id class=\"brz-css-ouqvv brz-css-dzrpq brz-css-rjlna brz-wrapper\">\n<div class=\"brz-spacer brz-css-snjuc brz-css-zrcdo\"><\/div>\n<\/div>\n<div id class=\"brz-css-ouqvv brz-wrapper\">\n<div data-brz-form-version=\"2\" class=\"brz-forms2 brz-css-fsdsq\" data-brz-custom-id=\"oojwkkggghaqevxdwrfefbqpyhbaoaciqdhn\">\n<div data-brz-translate-text=\"1\" class=\"brz-forms2__item brz-css-ovdyr brz-css-zlofv brz-css-jbpkr\"><\/div>\n<div data-brz-translate-text=\"1\" class=\"brz-forms2__item brz-css-ovdyr brz-css-zlofv brz-css-jbpkr\"><\/div>\n<div data-brz-translate-text=\"1\" class=\"brz-forms2__item brz-css-ovdyr brz-css-zlofv brz-css-jbpkr\"><\/div>\n<div data-brz-translate-text=\"1\" class=\"brz-forms2__item brz-css-ovdyr brz-css-zlofv brz-css-jbpkr brz-css-zmqfn\"><textarea id=\"gjyorkrrtbfcshbdjvoibjwyxekfzthayxfe\" name=\"ktbbpvukhbktmhdxrrujpsjwdqmuwikzojxi\" data-brz-type=\"Paragraph\" data-brz-label=\"Aranan personel ilan\u0131 duyurusu i\u00e7eri\u011fini buraya giriniz\" data-brz-placeholder=\"Aranan personel ilan\u0131 duyurusu i\u00e7eri\u011fini buraya giriniz\" class=\"brz-textarea brz-forms2__field brz-forms2__field-paragraph\"><\/textarea><\/div>\n<div class=\"brz-forms2 brz-forms2__item brz-forms2__item-button\" data-brz-custom-id=\"oojwkkggghaqevxdwrfefbqpyhbaoaciqdhn\"><button class=\"brz-btn brz-btn-submit brz-css-whyif brz-css-gnuwq\" data-brz-custom-id=\"igpzcngxklaeerxerkyjmutyrfbcywzfwrhm\"><span data-brz-translate-text=\"1\" class=\"brz-span brz-text__editor\">G\u00d6NDER<\/span><\/button>    !function(){function t(t){this.element=t,this.animationId,this.start=null,this.init()}if(!window.requestAnimationFrame){var i=null;window.requestAnimationFrame=function(t,n){var e=(new Date).getTime();i||(i=e);var a=Math.max(0,16-(e-i)),o=window.setTimeout(function(){t(e+a)},a);return i=e+a,o}}t.prototype.init=function(){var t=this;this.animationId=window.requestAnimationFrame(t.triggerAnimation.bind(t))},t.prototype.reset=function(){var t=this;window.cancelAnimationFrame(t.animationId)},t.prototype.triggerAnimation=function(t){var i=this;this.start||(this.start=t);var n=t-this.start;504&gt;n||(this.start=this.start+504),this.element.setAttribute(&#8220;transform&#8221;,&#8221;rotate(&#8220;+Math.min(n\/1.4,360)+&#8221; 12 12)&#8221;);if(document.documentElement.contains(this.element))window.requestAnimationFrame(i.triggerAnimation.bind(i))};var n=document.getElementsByClassName(&#8220;nc-loop_circle-02-24&#8221;),e=[];if(n)for(var a=0;n.length&gt;a;a++)!function(i){e.push(new t(n[i]))}(a);document.addEventListener(&#8220;visibilitychange&#8221;,function(){&#8220;hidden&#8221;==document.visibilityState?e.forEach(function(t){t.reset()}):e.forEach(function(t){t.init()})})}();<\/div>\n<\/div>\n<\/div>\n<\/div>\n<\/div>\n<\/div>\n<\/div>\n<\/div>\n<\/div>\n<\/section>\n<\/div>\n<p>    <!-- version:1760706460 --><\/p>","protected":false},"excerpt":{"rendered":"<p>\u0130\u015eVEREN PORTALI Arad\u0131\u011f\u0131n\u0131z personele portal\u0131m\u0131z \u00dcyelerinden ula\u015fmak i\u00e7in a\u015fa\u011f\u0131daki formu doldurarak eleman arama ilan\u0131n\u0131z\u0131 i\u015f ilanlar\u0131 duyuru panosuna ekleyebilirsiniz. G\u00d6NDER !function(){function t(t){this.element=t,this.animationId,this.start=null,this.init()}if(!window.requestAnimationFrame){var i=null;window.requestAnimationFrame=function(t,n){var e=(new Date).getTime();i||(i=e);var a=Math.max(0,16-(e-i)),o=window.setTimeout(function(){t(e+a)},a);return i=e+a,o}}t.prototype.init=function(){var t=this;this.animationId=window.requestAnimationFrame(t.triggerAnimation.bind(t))},t.prototype.reset=function(){var t=this;window.cancelAnimationFrame(t.animationId)},t.prototype.triggerAnimation=function(t){var i=this;this.start||(this.start=t);var n=t-this.start;504&gt;n||(this.start=this.start+504),this.element.setAttribute(&#8220;transform&#8221;,&#8221;rotate(&#8220;+Math.min(n\/1.4,360)+&#8221; 12 12)&#8221;);if(document.documentElement.contains(this.element))window.requestAnimationFrame(i.triggerAnimation.bind(i))};var n=document.getElementsByClassName(&#8220;nc-loop_circle-02-24&#8221;),e=[];if(n)for(var a=0;n.length&gt;a;a++)!function(i){e.push(new ..<a href=\"https:\/\/shortsea.org.tr\/en\/is-veren\/\" class=\"btn btn-default readmore-btn\" >Read More<\/a><\/p>","protected":false},"author":1,"featured_media":0,"parent":0,"menu_order":0,"comment_status":"closed","ping_status":"closed","template":"brizy-blank-template.php","meta":{"footnotes":""},"class_list":["post-12312","page","type-page","status-publish","hentry"],"_links":{"self":[{"href":"https:\/\/shortsea.org.tr\/en\/wp-json\/wp\/v2\/pages\/12312","targetHints":{"allow":["GET"]}}],"collection":[{"href":"https:\/\/shortsea.org.tr\/en\/wp-json\/wp\/v2\/pages"}],"about":[{"href":"https:\/\/shortsea.org.tr\/en\/wp-json\/wp\/v2\/types\/page"}],"author":[{"embeddable":true,"href":"https:\/\/shortsea.org.tr\/en\/wp-json\/wp\/v2\/users\/1"}],"replies":[{"embeddable":true,"href":"https:\/\/shortsea.org.tr\/en\/wp-json\/wp\/v2\/comments?post=12312"}],"version-history":[{"count":13,"href":"https:\/\/shortsea.org.tr\/en\/wp-json\/wp\/v2\/pages\/12312\/revisions"}],"predecessor-version":[{"id":12383,"href":"https:\/\/shortsea.org.tr\/en\/wp-json\/wp\/v2\/pages\/12312\/revisions\/12383"}],"wp:attachment":[{"href":"https:\/\/shortsea.org.tr\/en\/wp-json\/wp\/v2\/media?parent=12312"}],"curies":[{"name":"wp","href":"https:\/\/api.w.org\/{rel}","templated":true}]}}