{"id":1297,"date":"2018-09-09T15:05:59","date_gmt":"2018-09-09T12:05:59","guid":{"rendered":"http:\/\/shortsea.org.tr\/?page_id=1297"},"modified":"2021-10-20T15:52:53","modified_gmt":"2021-10-20T12:52:53","slug":"esn","status":"publish","type":"page","link":"https:\/\/shortsea.org.tr\/en\/esn\/","title":{"rendered":"Esn"},"content":{"rendered":"<section  id=\"section-69e33b053da8b\" class=\"fw-main-row   auto\"  style=\"  \"  >\r\n    <div >\r\n        <div class=\"fw-container sections\">\r\n            <div class=\"fw-row\">\n\t\r\n\r\n\r\n<div id=\"column-69e33b053df77\" class=\"none  fw-col-md-12      wow\" data-wow-offset=\"120\" data-wow-duration=\"1.5s\" style=\"  \">\r\n        <div class=\"fw-main-row\"  style=\"\">\r\n        <div class=\"fw-col-inner\">\r\n            <div class=\"fw-divider-space\" style=\"margin-bottom:200px;\" ><\/div>        <\/div>\r\n    <\/div>\r\n<\/div><\/div>\n\n<div class=\"fw-row\">\n\t\r\n\r\n\r\n<div id=\"column-69e33b053e4ec\" class=\"none  fw-col-md-8      wow\" data-wow-offset=\"120\" data-wow-duration=\"1.5s\" style=\"  \">\r\n        <div class=\"fw-main-row\"  style=\"\">\r\n        <div class=\"fw-col-inner\">\r\n            \r\n<div class=\"fw-heading head_title fw-heading-h2 fw-heading-center   wow fadeIn\" data-wow-offset=\"120\" data-wow-duration=\"1.5s\">\r\n        <div class=\"\"><h2 class='fw-special-title'  style='color: '>EUROPEAN <span> SHORTSEA <\/span> NETWORK<\/h2><\/div>\r\n\r\n    \r\n\r\n    \r\n            <div class=\"separator_wrap\"> <div class=\"separator\"><\/div><\/div>\r\n        \r\n\r\n<\/div><p>The European Shortsea Network (ESN) consists of Shortsea Promotion Centres (SPCs).<\/p><p>The network was founded in 2000 and SPC Turkey is one of the members.\n\nESN is an informal platform for co-operation and exchange of information. The main objective of ESN is to promote and develop shortsea shipping on a European level by practical means. The main target groups are shippers and forwarders. The services of the ESN are open for the entire transport chain. ESN provides a wide selection of information services that are created by the national SPCs.<\/p><p>Member Promotion Centres could be reach on the right side of the column.<\/p>        <\/div>\r\n    <\/div>\r\n<\/div>\r\n\r\n\r\n<div id=\"column-69e33b053e9ce\" class=\"none  fw-col-md-4      wow\" data-wow-offset=\"120\" data-wow-duration=\"1.5s\" style=\"  \">\r\n        <div class=\"fw-main-row\"  style=\"\">\r\n        <div class=\"fw-col-inner\">\r\n            <div class=\"fw-single-image\" >\r\n\t    <img decoding=\"async\" src=\"\/\/shortsea.org.tr\/wp-content\/uploads\/2018\/08\/esninfo.png\" class=\"img-responsive\" style='height: autopx' alt=\"\"  \/>\r\n\t<\/div><div class=\"fw-list list-icon list-bordered\">\r\n    <ul>\r\n                                                <li><i class=\"fa fa-bank\"><\/i>\r\n                    <a href=\"https:\/\/www.shortseashipping.de\/en\/\" target=\"_blank\">GERMANY SPC<\/a>\r\n                                <\/li>\r\n                                                <li><i class=\"fa fa-bank\"><\/i>\r\n                    <a href=\"http:\/\/www.shortsea.bg\/\" target=\"_blank\">BULGARIA SPC<\/a>\r\n                                <\/li>\r\n                                                <li><i class=\"fa fa-bank\"><\/i>\r\n                    <a href=\"http:\/\/www.utu.fi\/fi\/yksikot\/mkk\/spc\/Sivut\/home.aspx\" target=\"_blank\">FINLAND SPC<\/a>\r\n                                <\/li>\r\n                                                <li><i class=\"fa fa-bank\"><\/i>\r\n                    <a href=\"http:\/\/www.shortsea.fr\/\" target=\"_blank\">FRANCE SPC<\/a>\r\n                                <\/li>\r\n                                                <li><i class=\"fa fa-bank\"><\/i>\r\n                    <a href=\"http:\/\/shortsea.hr\/en\" target=\"_blank\">CROATIAN SPC<\/a>\r\n                                <\/li>\r\n                                                <li><i class=\"fa fa-bank\"><\/i>\r\n                    <a href=\"https:\/\/www.shortsea.org.cy\/shortsea\/page.php?pageID=1&#038;langID=0\" target=\"_blank\">CYPRUS SPC<\/a>\r\n                                <\/li>\r\n                                                <li><i class=\"fa fa-bank\"><\/i>\r\n                    <a href=\"http:\/\/www.shortsea.org.mt\/\" target=\"_blank\">MALTA SPC<\/a>\r\n                                <\/li>\r\n                                                <li><i class=\"fa fa-bank\"><\/i>\r\n                    <a href=\"http:\/\/www.shortseashipping.no\/\" target=\"_blank\">NORWAY SPC<\/a>\r\n                                <\/li>\r\n                                                <li><i class=\"fa fa-bank\"><\/i>\r\n                    <a href=\"https:\/\/shortsea.pl\/index.php?option=com_content&#038;view=featured&#038;Itemid=178&#038;lang=en\" target=\"_blank\">POLAND SPC<\/a>\r\n                                <\/li>\r\n                                                <li><i class=\"fa fa-bank\"><\/i>\r\n                    <a href=\"http:\/\/www.shortsea.pt\/\" target=\"_blank\">PORTUGAL SPC<\/a>\r\n                                <\/li>\r\n                                                <li><i class=\"fa fa-bank\"><\/i>\r\n                    <a href=\"https:\/\/shortsea.org.tr\/en\/\" target=\"_self\">TURKEY SPC<\/a>\r\n                                <\/li>\r\n                                                <li><i class=\"fa fa-bank\"><\/i>\r\n                    <a href=\"https:\/\/www.shortsea.gr\/en\/\" target=\"_blank\">GREECE SPC<\/a>\r\n                                <\/li>\r\n                <\/ul>\r\n<\/div>        <\/div>\r\n    <\/div>\r\n<\/div><\/div>\n\n        <\/div>\r\n    <\/div>\r\n<\/section>","protected":false},"excerpt":{"rendered":"<p>KISA MESAFE DEN\u0130Z TA\u015eIMACILI\u011eI A\u011eI Avrupa K\u0131sa Mesafe Deniz Ta\u015f\u0131mac\u0131l\u0131\u011f\u0131 A\u011f\u0131 aralar\u0131nda T\u00fcrkiye\u2019nin de bulundu\u011fu Tan\u0131t\u0131m Merkezlerini kapsamaktad\u0131r.2000 y\u0131l\u0131nda kurulmu\u015f olan organizasyon, tan\u0131t\u0131m merkezleri aras\u0131nda i\u015fbirli\u011fi ve Bilgi al\u0131\u015fveri\u015fini sa\u011flayan bir platformdur. Pratik anlamda Avrupa ..<a href=\"https:\/\/shortsea.org.tr\/en\/esn\/\" class=\"btn btn-default readmore-btn\" >Read More<\/a><\/p>","protected":false},"author":1,"featured_media":0,"parent":0,"menu_order":0,"comment_status":"closed","ping_status":"closed","template":"template\/template-homepage_multi.php","meta":{"footnotes":""},"class_list":["post-1297","page","type-page","status-publish","hentry"],"_links":{"self":[{"href":"https:\/\/shortsea.org.tr\/en\/wp-json\/wp\/v2\/pages\/1297","targetHints":{"allow":["GET"]}}],"collection":[{"href":"https:\/\/shortsea.org.tr\/en\/wp-json\/wp\/v2\/pages"}],"about":[{"href":"https:\/\/shortsea.org.tr\/en\/wp-json\/wp\/v2\/types\/page"}],"author":[{"embeddable":true,"href":"https:\/\/shortsea.org.tr\/en\/wp-json\/wp\/v2\/users\/1"}],"replies":[{"embeddable":true,"href":"https:\/\/shortsea.org.tr\/en\/wp-json\/wp\/v2\/comments?post=1297"}],"version-history":[{"count":76,"href":"https:\/\/shortsea.org.tr\/en\/wp-json\/wp\/v2\/pages\/1297\/revisions"}],"predecessor-version":[{"id":10967,"href":"https:\/\/shortsea.org.tr\/en\/wp-json\/wp\/v2\/pages\/1297\/revisions\/10967"}],"wp:attachment":[{"href":"https:\/\/shortsea.org.tr\/en\/wp-json\/wp\/v2\/media?parent=1297"}],"curies":[{"name":"wp","href":"https:\/\/api.w.org\/{rel}","templated":true}]}}