{"id":2230,"date":"2019-01-15T14:31:23","date_gmt":"2019-01-15T11:31:23","guid":{"rendered":"http:\/\/shortsea.org.tr\/?page_id=2230"},"modified":"2024-01-02T16:47:29","modified_gmt":"2024-01-02T13:47:29","slug":"bultenler","status":"publish","type":"page","link":"https:\/\/shortsea.org.tr\/en\/bultenler\/","title":{"rendered":"BULLETINS"},"content":{"rendered":"<section  id=\"section-69e6321a313ab\" class=\"fw-main-row   auto\"  style=\"  \"  >\r\n    <div >\r\n        <div class=\"fw-container sections\">\r\n            <div class=\"fw-row\">\n\t\r\n\r\n\r\n<div id=\"column-69e6321a318e2\" class=\"none  fw-col-md-12      wow\" data-wow-offset=\"120\" data-wow-duration=\"1.5s\" style=\"  \">\r\n        <div class=\"fw-main-row\"  style=\"\">\r\n        <div class=\"fw-col-inner\">\r\n            <div class=\"fw-divider-space\" style=\"margin-bottom:200px;\" ><\/div>\r\n<div class=\"fw-heading head_title fw-heading-h4 fw-heading-center   wow fadeIn\" data-wow-offset=\"120\" data-wow-duration=\"1.5s\">\r\n        <div class=\"\"><h4 class='fw-special-title'  style='color: '>MARITIME SAFETY<\/h4><\/div>\r\n\r\n    \r\n\r\n    \r\n            <div class=\"separator_wrap\"> <div class=\"separator\"><\/div><\/div>\r\n        \r\n\r\n<\/div><div class=\"fw-list list-icon\">\r\n    <ul>\r\n                                                <li><i class=\"fa fa-ship\"><\/i>\r\n                    <a href=\"https:\/\/shortsea.org.tr\/en\/yasadisifaaliyetler\/\" target=\"_blank\">2020 YILI YASADI\u015eI DEN\u0130ZC\u0130L\u0130K FAAL\u0130YETLER\u0130<\/a>\r\n                                <\/li>\r\n                <\/ul>\r\n<\/div>\r\n<div class=\"fw-heading head_title fw-heading-h4 fw-heading-center   wow fadeIn\" data-wow-offset=\"120\" data-wow-duration=\"1.5s\">\r\n        <div class=\"\"><h4 class='fw-special-title'  style='color: '>EU and IMO BULLETIN<\/h4><\/div>\r\n\r\n    \r\n\r\n    \r\n            <div class=\"separator_wrap\"> <div class=\"separator\"><\/div><\/div>\r\n        \r\n\r\n<\/div>\r\n<div class=\"fw-heading head_title fw-heading-h1    wow fadeIn\" data-wow-offset=\"120\" data-wow-duration=\"1.5s\">\r\n        <div class=\"fw-special-title-half\"><h1 class='fw-special-title'  style='color: '>2023<\/h1><\/div>\r\n\r\n    \r\n\r\n    \r\n    \r\n\r\n<\/div><div class=\"fw-divider-space space-md\"  ><\/div><div class=\"fw-list list-icon list-bordered\">\r\n    <ul>\r\n                                                <li><i class=\"fa fa-book\"><\/i>\r\n                    <a href=\"http:\/\/shortsea.org.tr\/wp-content\/uploads\/2024\/01\/684_2420_imeak_dto_ekim_2023_ab_b_lteni_hk.pdf\" target=\"_blank\">EK\u0130M 2023 AB B\u00dcLTEN\u0130<\/a>\r\n                                <\/li>\r\n                                                <li><i class=\"fa fa-book\"><\/i>\r\n                    <a href=\"http:\/\/shortsea.org.tr\/wp-content\/uploads\/2024\/01\/612_2169_imeak_dto_eyl_l_2023_ab_b_lteni_hk.pdf\" target=\"_blank\">EYL\u00dcL 2023 AB B\u00dcLTEN\u0130<\/a>\r\n                                <\/li>\r\n                                                <li><i class=\"fa fa-book\"><\/i>\r\n                    <a href=\"http:\/\/shortsea.org.tr\/wp-content\/uploads\/2024\/01\/542_1925_imeak_dto_a_ustos_2023_ab_b_lteni_hk.pdf\" target=\"_blank\">A\u011eUSTOS 2023 AB B\u00dcLTEN\u0130<\/a>\r\n                                <\/li>\r\n                                                <li><i class=\"fa fa-book\"><\/i>\r\n                    <a href=\"https:\/\/shortsea.org.tr\/en\/494_1759_imeak_dto_temmuz_2023_ab_b_lteni_hk\/\" target=\"_blank\">TEMMUZ 2023 AB B\u00dcLTEN\u0130<\/a>\r\n                                <\/li>\r\n                                                <li><i class=\"fa fa-book\"><\/i>\r\n                    <a href=\"http:\/\/shortsea.org.tr\/wp-content\/uploads\/2023\/07\/MAYIS-2023-AB-BULTENI.pdf\" target=\"_blank\">MAYIS 2023 AB B\u00dcLTEN\u0130<\/a>\r\n                                <\/li>\r\n                                                <li><i class=\"fa fa-book\"><\/i>\r\n                    <a href=\"http:\/\/shortsea.org.tr\/wp-content\/uploads\/2023\/07\/NISAN-2023-AB-BULTENI.pdf\" target=\"_blank\">N\u0130SAN 2023 AB B\u00dcLTEN\u0130<\/a>\r\n                                <\/li>\r\n                                                <li><i class=\"fa fa-book\"><\/i>\r\n                    <a href=\"http:\/\/shortsea.org.tr\/wp-content\/uploads\/2023\/07\/MART-2023-AB-BULTENI.pdf\" target=\"_blank\">MART 2023 AB B\u00dcLTEN\u0130<\/a>\r\n                                <\/li>\r\n                                                <li><i class=\"fa fa-book\"><\/i>\r\n                    <a href=\"http:\/\/shortsea.org.tr\/wp-content\/uploads\/2023\/07\/SUBAT-2023-AB-BULTENI.pdf\" target=\"_blank\">\u015eUBAT 2023 AB B\u00dcLTEN\u0130<\/a>\r\n                                <\/li>\r\n                                                <li><i class=\"fa fa-book\"><\/i>\r\n                    <a href=\"http:\/\/shortsea.org.tr\/wp-content\/uploads\/2023\/01\/IMEAK-DTO-Ocak-2023-AB-Bulteni-Hk.-1.pdf\" target=\"_blank\">OCAK 2023 AB B\u00dcLTEN\u0130<\/a>\r\n                                <\/li>\r\n                <\/ul>\r\n<\/div><div class=\"fw-divider-space space-md\"  ><\/div>\r\n<div class=\"fw-heading head_title fw-heading-h1    wow fadeIn\" data-wow-offset=\"120\" data-wow-duration=\"1.5s\">\r\n        <div class=\"fw-special-title-half\"><h1 class='fw-special-title'  style='color: '>2022<\/h1><\/div>\r\n\r\n    \r\n\r\n    \r\n    \r\n\r\n<\/div><div class=\"fw-list list-icon list-bordered\">\r\n    <ul>\r\n                                                <li><i class=\"fa fa-book\"><\/i>\r\n                    <a href=\"http:\/\/shortsea.org.tr\/wp-content\/uploads\/2023\/01\/ARALIK-2022-AB-BULTENI.pdf\" target=\"_blank\">ARALIK 2022 AB B\u00dcLTEN\u0130<\/a>\r\n                                <\/li>\r\n                                                <li><i class=\"fa fa-book\"><\/i>\r\n                    <a href=\"http:\/\/shortsea.org.tr\/wp-content\/uploads\/2023\/01\/KASIM-2022-AB-BULTENI.pdf\" target=\"_blank\">KASIM 2022 AB B\u00dcLTEN\u0130<\/a>\r\n                                <\/li>\r\n                                                <li><i class=\"fa fa-book\"><\/i>\r\n                    <a href=\"http:\/\/shortsea.org.tr\/wp-content\/uploads\/2023\/01\/EKIM-2022-AB-BULTENI.pdf\" target=\"_blank\">EK\u0130M 2022 AB B\u00dcLTEN\u0130<\/a>\r\n                                <\/li>\r\n                                                <li><i class=\"fa fa-book\"><\/i>\r\n                    <a href=\"http:\/\/shortsea.org.tr\/wp-content\/uploads\/2022\/10\/2779_637.pdf\" target=\"_blank\">EYL\u00dcL 2022 AB B\u00dcLTEN\u0130<\/a>\r\n                                <\/li>\r\n                                                <li><i class=\"fa fa-book\"><\/i>\r\n                    <a href=\"http:\/\/shortsea.org.tr\/wp-content\/uploads\/2022\/10\/agustos_2022.pdf\" target=\"_blank\">A\u011eUSTOS  2022 AB B\u00dcLTEN\u0130<\/a>\r\n                                <\/li>\r\n                                                <li><i class=\"fa fa-book\"><\/i>\r\n                    <a href=\"http:\/\/shortsea.org.tr\/wp-content\/uploads\/2022\/10\/temmuz_2022_ab.pdf\" target=\"_blank\">TEMMUZ 2022 AB B\u00dcLTEN\u0130<\/a>\r\n                                <\/li>\r\n                                                <li><i class=\"fa fa-book\"><\/i>\r\n                    <a href=\"http:\/\/shortsea.org.tr\/wp-content\/uploads\/2022\/10\/imeak_dto_haziran_2022.pdf\" target=\"_blank\">HAZ\u0130RAN 2022 AB B\u00dcLTEN\u0130<\/a>\r\n                                <\/li>\r\n                                                <li><i class=\"fa fa-book\"><\/i>\r\n                    <a href=\"http:\/\/shortsea.org.tr\/wp-content\/uploads\/2022\/10\/imeak_dto_ubat_2022_ab_b_lteni_hk.pdf\" target=\"_blank\">\u015eUBAT 2022 AB B\u00dcLTEN\u0130<\/a>\r\n                                <\/li>\r\n                                                <li><i class=\"fa fa-book\"><\/i>\r\n                    <a href=\"http:\/\/shortsea.org.tr\/wp-content\/uploads\/2022\/10\/imeak_dto_ocak_2022_ab_b_lteni_hk.pdf\" target=\"_blank\">OCAK 2022 AB B\u00dcLTEN\u0130<\/a>\r\n                                <\/li>\r\n                <\/ul>\r\n<\/div><div class=\"fw-divider-space space-md\"  ><\/div>\r\n<div class=\"fw-heading head_title fw-heading-h1    wow fadeIn\" data-wow-offset=\"120\" data-wow-duration=\"1.5s\">\r\n        <div class=\"fw-special-title-half\"><h1 class='fw-special-title'  style='color: '>2021<\/h1><\/div>\r\n\r\n    \r\n\r\n    \r\n    \r\n\r\n<\/div><div class=\"fw-list list-icon list-bordered\">\r\n    <ul>\r\n                                                <li><i class=\"fa fa-book\"><\/i>\r\n                    <a href=\"https:\/\/shortsea.org.tr\/en\/ab-bulteni-aralik-2021\/\" target=\"_blank\">ARALIK 2021 AB B\u00dcLTEN\u0130<\/a>\r\n                                <\/li>\r\n                                                <li><i class=\"fa fa-book\"><\/i>\r\n                    <a href=\"https:\/\/shortsea.org.tr\/en\/ab-bulteni-kasim-2021\/\" target=\"_blank\">KASIM 2021 AB B\u00dcLTEN\u0130<\/a>\r\n                                <\/li>\r\n                                                <li><i class=\"fa fa-book\"><\/i>\r\n                    <a href=\"https:\/\/shortsea.org.tr\/en\/ab-bulteni-ekim-2021\/\" target=\"_blank\">EK\u0130M 2021 AB B\u00dcLTEN\u0130<\/a>\r\n                                <\/li>\r\n                                                <li><i class=\"fa fa-book\"><\/i>\r\n                    <a href=\"https:\/\/shortsea.org.tr\/en\/eylul-2021-ab-bulteni\/\" target=\"_blank\">SEPTEMBER 2020 EUROPEAN UNION BULLETIN<\/a>\r\n                                <\/li>\r\n                                                <li><i class=\"fa fa-book\"><\/i>\r\n                    <a href=\"https:\/\/shortsea.org.tr\/en\/temmuz-agustos-2021-ab-bulteni\/\" target=\"_blank\">JULY-AUGUST 2020 EUROPEAN UNION  BULLETIN<\/a>\r\n                                <\/li>\r\n                                                <li><i class=\"fa fa-book\"><\/i>\r\n                    <a href=\"https:\/\/shortsea.org.tr\/en\/haziran-2021-ab-bulteni\/\" target=\"_blank\">JUNE2020 EUROPEAN UNION BULLETIN<\/a>\r\n                                <\/li>\r\n                                                <li><i class=\"fa fa-book\"><\/i>\r\n                    <a href=\"https:\/\/shortsea.org.tr\/en\/mayis-2021-ab-bulteni\/\" target=\"_blank\">MAY 2020 EUROPEAN UNION BULLETIN<\/a>\r\n                                <\/li>\r\n                                                <li><i class=\"fa fa-book\"><\/i>\r\n                    <a href=\"http:\/\/shortsea.org.tr\/wp-content\/uploads\/2021\/06\/NISAN-2021-AB-BULTENI.pdf\" target=\"_blank\">APRIL 2020 EUROPEAN UNION BULLETIN<\/a>\r\n                                <\/li>\r\n                                                <li><i class=\"fa fa-book\"><\/i>\r\n                    <a href=\"http:\/\/shortsea.org.tr\/wp-content\/uploads\/2021\/06\/MART-2021-AB-BULTENI.pdf\" target=\"_blank\">MARCH 2020 EUROPEAN UNION BULLETIN<\/a>\r\n                                <\/li>\r\n                                                <li><i class=\"fa fa-book\"><\/i>\r\n                    <a href=\"http:\/\/shortsea.org.tr\/wp-content\/uploads\/2021\/04\/SUBAT-2021-AB-BULTENI.pdf\" target=\"_blank\">FEBRUARY 2020 EUROPEAN UNION BULLETIN<\/a>\r\n                                <\/li>\r\n                                                <li><i class=\"fa fa-book\"><\/i>\r\n                    <a href=\"http:\/\/shortsea.org.tr\/wp-content\/uploads\/2021\/02\/JANUARY-2021-EUROPEAN-UNION-BULLETIN.pdf\" target=\"_blank\">JANUARY EUROPEAN UNION BULLETIN<\/a>\r\n                                <\/li>\r\n                <\/ul>\r\n<\/div><div class=\"fw-divider-space space-md\"  ><\/div>\r\n<div class=\"fw-heading head_title fw-heading-h1    wow fadeIn\" data-wow-offset=\"120\" data-wow-duration=\"1.5s\">\r\n        <div class=\"fw-special-title-half\"><h1 class='fw-special-title'  style='color: '>2020<\/h1><\/div>\r\n\r\n    \r\n\r\n    \r\n    \r\n\r\n<\/div><div class=\"fw-list list-icon list-bordered\">\r\n    <ul>\r\n                                                <li><i class=\"fa fa-book\"><\/i>\r\n                    <a href=\"http:\/\/shortsea.org.tr\/wp-content\/uploads\/2021\/01\/IMEAK-DTO-Aralik-2020-AB-Bulteni-Hk..pdf\" target=\"_blank\">DECEMBER 2020  EUROPEAN UNION BULLETIN<\/a>\r\n                                <\/li>\r\n                                                <li><i class=\"fa fa-book\"><\/i>\r\n                    <a href=\"https:\/\/shortsea.org.tr\/en\/kasim-2020-imo-bulteni\/\" target=\"_blank\">NOVEMBER 2020 IMO BULLETIN<\/a>\r\n                                <\/li>\r\n                                                <li><i class=\"fa fa-book\"><\/i>\r\n                    <a href=\"http:\/\/shortsea.org.tr\/wp-content\/uploads\/2020\/12\/IMEAK_DTO_Kasim_2020_AB_Bulteni.pdf\" target=\"_blank\">NOVEMBER 2020 EUROPEAN UNION BULLETIN<\/a>\r\n                                <\/li>\r\n                                                <li><i class=\"fa fa-book\"><\/i>\r\n                    <a href=\"https:\/\/shortsea.org.tr\/en\/2020-ekim-ab-bulteni\/\" target=\"_self\">OCTOBER 2020 EUROPEAN UNION BULLETIN<\/a>\r\n                                <\/li>\r\n                                                <li><i class=\"fa fa-book\"><\/i>\r\n                    <a href=\"https:\/\/shortsea.org.tr\/en\/eylul-2020-ab-bulteni\/\" target=\"_blank\">SEPTEMBER 2020 EUROPEAN UNION BULLETIN<\/a>\r\n                                <\/li>\r\n                                                <li><i class=\"fa fa-book\"><\/i>\r\n                    <a href=\"http:\/\/shortsea.org.tr\/en\/agustos-2020-ab-bulteni\/\" target=\"_self\">AUGUST 2020 EUROPEAN BULLETIN<\/a>\r\n                                <\/li>\r\n                                                <li><i class=\"fa fa-book\"><\/i>\r\n                    <a href=\"http:\/\/shortsea.org.tr\/wp-content\/uploads\/2020\/08\/IMEAK-DTO-Temmuz-2020-AB-Bulteni.pdf\" target=\"_blank\">JULY 2020 EUROPEAN UNION BULLETIN<\/a>\r\n                                <\/li>\r\n                                                <li><i class=\"fa fa-book\"><\/i>\r\n                    <a href=\"http:\/\/shortsea.org.tr\/wp-content\/uploads\/2020\/08\/IMEAK-DTO-Haziran-2020-AB-Bulteni.pdf\" target=\"_blank\">JUNE2020 EUROPEAN UNION BULLETIN<\/a>\r\n                                <\/li>\r\n                                                <li><i class=\"fa fa-book\"><\/i>\r\n                    <a href=\"http:\/\/shortsea.org.tr\/wp-content\/uploads\/2020\/08\/IMEAK-DTO-Mayis-2020-AB-Bulteni.pdf\" target=\"_blank\">MAY 2020 EUROPEAN UNION BULLETIN<\/a>\r\n                                <\/li>\r\n                                                <li><i class=\"fa fa-book\"><\/i>\r\n                    <a href=\"http:\/\/shortsea.org.tr\/wp-content\/uploads\/2020\/08\/IMEAK-DTO-Nisan-2020-AB-Bulteni.pdf\" target=\"_blank\">APRIL 2020 EUROPEAN UNION BULLETIN<\/a>\r\n                                <\/li>\r\n                                                <li><i class=\"fa fa-book\"><\/i>\r\n                    <a href=\"https:\/\/shortsea.org.tr\/en\/mart-2020-ab-bulteni\/\" target=\"_blank\">MARCH 2020 EUROPEAN UNION BULLETIN<\/a>\r\n                                <\/li>\r\n                                                <li><i class=\"fa fa-book\"><\/i>\r\n                    <a href=\"https:\/\/shortsea.org.tr\/en\/subat-2020-ab-bulteni\/\" target=\"_blank\">FEBRUARY 2020 EUROPEAN UNION BULLETIN<\/a>\r\n                                <\/li>\r\n                                                <li><i class=\"fa fa-book\"><\/i>\r\n                    <a href=\"https:\/\/shortsea.org.tr\/en\/ocak-2020-ab-bulteni\/\" target=\"_blank\">DECEMBER 2019 - JANUARY 2020 EUROPEAN UNION BULLETIN<\/a>\r\n                                <\/li>\r\n                <\/ul>\r\n<\/div><div class=\"fw-divider-space space-md\"  ><\/div>\r\n<div class=\"fw-heading head_title fw-heading-h1    wow fadeIn\" data-wow-offset=\"120\" data-wow-duration=\"1.5s\">\r\n        <div class=\"fw-special-title-half\"><h1 class='fw-special-title'  style='color: '>2019<\/h1><\/div>\r\n\r\n    \r\n\r\n    \r\n    \r\n\r\n<\/div><div class=\"fw-list list-icon list-bordered\">\r\n    <ul>\r\n                                                <li><i class=\"fa fa-book\"><\/i>\r\n                    <a href=\"https:\/\/shortsea.org.tr\/en\/kasim-2019-ab-bulteni\/\" target=\"_self\">KASIM 2019 AB B\u00dcLTEN\u0130<\/a>\r\n                                <\/li>\r\n                                                <li><i class=\"fa fa-book\"><\/i>\r\n                    <a href=\"https:\/\/shortsea.org.tr\/en\/eylul-ekim-2019-ab-bulteni\/\" target=\"_self\">EYL\u00dcL - EK\u0130M 2019 AB B\u00dcLTEN\u0130<\/a>\r\n                                <\/li>\r\n                                                <li><i class=\"fa fa-book\"><\/i>\r\n                    <a href=\"https:\/\/shortsea.org.tr\/en\/agustos-2019-ab-bulteni\/\" target=\"_self\">A\u011eUSTOS 2019 AB B\u00dcLTEN\u0130<\/a>\r\n                                <\/li>\r\n                                                <li><i class=\"fa fa-book\"><\/i>\r\n                    <a href=\"https:\/\/shortsea.org.tr\/en\/temmuz-2019-ab-bulteni\/\" target=\"_self\">TEMMUZ 2019 AB B\u00dcLTEN\u0130<\/a>\r\n                                <\/li>\r\n                                                <li><i class=\"fa fa-book\"><\/i>\r\n                    <a href=\"http:\/\/shortsea.org.tr\/en\/haziran-2019-ab-bulteni\/\" target=\"_self\">HAZ\u0130RAN 2019 AB B\u00dcLTEN\u0130<\/a>\r\n                                <\/li>\r\n                                                <li><i class=\"fa fa-book\"><\/i>\r\n                    <a href=\"https:\/\/shortsea.org.tr\/en\/mayis-2019-ab-bulteni\/\" target=\"_self\">MAYIS 2019 AB B\u00dcLTEN\u0130<\/a>\r\n                                <\/li>\r\n                                                <li><i class=\"fa fa-book\"><\/i>\r\n                    <a href=\"https:\/\/shortsea.org.tr\/en\/nisan-2019-ab-bulteni\/\" target=\"_self\">N\u0130SAN 2019 AB B\u00dcLTEN\u0130<\/a>\r\n                                <\/li>\r\n                                                <li><i class=\"fa fa-book\"><\/i>\r\n                    <a href=\"https:\/\/shortsea.org.tr\/en\/mart-2019-ab-bulteni\/\" target=\"_self\">MART 2019 AB B\u00dcLTEN\u0130<\/a>\r\n                                <\/li>\r\n                                                <li><i class=\"fa fa-book\"><\/i>\r\n                    <a href=\"https:\/\/shortsea.org.tr\/en\/subat-2019-ab-bulteni\/\" target=\"_self\">\u015eUBAT 2019 AB B\u00dcLTEN\u0130<\/a>\r\n                                <\/li>\r\n                                                <li><i class=\"fa fa-book\"><\/i>\r\n                    <a href=\"https:\/\/shortsea.org.tr\/en\/ocak-2019-ab-bulteni\/\" target=\"_self\">OCAK 2019 AB B\u00dcLTEN\u0130<\/a>\r\n                                <\/li>\r\n                <\/ul>\r\n<\/div><div class=\"fw-divider-space space-md\"  ><\/div>\r\n<div class=\"fw-heading head_title fw-heading-h1    wow fadeIn\" data-wow-offset=\"120\" data-wow-duration=\"1.5s\">\r\n        <div class=\"fw-special-title-half\"><h1 class='fw-special-title'  style='color: '>2018<\/h1><\/div>\r\n\r\n    \r\n\r\n    \r\n    \r\n\r\n<\/div><div class=\"fw-list list-icon list-bordered\">\r\n    <ul>\r\n                                                <li><i class=\"fa fa-book\"><\/i>\r\n                    <a href=\"https:\/\/shortsea.org.tr\/en\/aralik-2018-ab-bulteni\/\" target=\"_self\">ARALIK 2018 AB B\u00dcLTEN\u0130<\/a>\r\n                                <\/li>\r\n                                                <li><i class=\"fa fa-book\"><\/i>\r\n                    <a href=\"https:\/\/shortsea.org.tr\/en\/kasim-2018-ab-bulteni\/\" target=\"_self\">KASIM 2018 AB B\u00dcLTEN\u0130<\/a>\r\n                                <\/li>\r\n                                                <li><i class=\"fa fa-book\"><\/i>\r\n                    <a href=\"https:\/\/shortsea.org.tr\/en\/ekim-2018-ab-bulteni\/\" target=\"_self\">EK\u0130M 2018 AB B\u00dcLTEN\u0130<\/a>\r\n                                <\/li>\r\n                                                <li><i class=\"fa fa-book\"><\/i>\r\n                    <a href=\"https:\/\/shortsea.org.tr\/en\/eylul-2018-ab-bulteni\/\" target=\"_self\">EYL\u00dcL 2018 AB B\u00dcLTEN\u0130<\/a>\r\n                                <\/li>\r\n                                                <li><i class=\"fa fa-book\"><\/i>\r\n                    <a href=\"https:\/\/shortsea.org.tr\/en\/agustos-2018-ab-bulteni\/\" target=\"_self\">A\u011eUSTOS 2018 AB B\u00dcLTEN\u0130<\/a>\r\n                                <\/li>\r\n                                                <li><i class=\"fa fa-book\"><\/i>\r\n                    <a href=\"https:\/\/shortsea.org.tr\/en\/temmuz-2018-ab-bulteni\/\" target=\"_self\">TEMMUZ 2018 AB B\u00dcLTEN\u0130<\/a>\r\n                                <\/li>\r\n                                                <li><i class=\"fa fa-book\"><\/i>\r\n                    <a href=\"https:\/\/shortsea.org.tr\/en\/haziran-2018-ab-bulteni\/\" target=\"_self\">HAZ\u0130RAN 2018 AB B\u00dcLTEN\u0130<\/a>\r\n                                <\/li>\r\n                <\/ul>\r\n<\/div>        <\/div>\r\n    <\/div>\r\n<\/div><\/div>\n\n        <\/div>\r\n    <\/div>\r\n<\/section>","protected":false},"excerpt":{"rendered":"<p>DEN\u0130Z G\u00dcVENL\u0130\u011e\u0130 2020 YILI YASADI\u015eI DEN\u0130ZC\u0130L\u0130K FAAL\u0130YETLER\u0130 AB ve IMO B\u00dcLTENLER\u0130 2023 EK\u0130M 2023 AB B\u00dcLTEN\u0130 EYL\u00dcL 2023 AB B\u00dcLTEN\u0130 A\u011eUSTOS 2023 AB B\u00dcLTEN\u0130 TEMMUZ 2023 AB B\u00dcLTEN\u0130 MAYIS 2023 AB B\u00dcLTEN\u0130 N\u0130SAN 2023 AB ..<a href=\"https:\/\/shortsea.org.tr\/en\/bultenler\/\" class=\"btn btn-default readmore-btn\" >Read More<\/a><\/p>","protected":false},"author":1,"featured_media":0,"parent":0,"menu_order":0,"comment_status":"closed","ping_status":"closed","template":"template\/template-homepage_multi.php","meta":{"footnotes":""},"class_list":["post-2230","page","type-page","status-publish","hentry"],"_links":{"self":[{"href":"https:\/\/shortsea.org.tr\/en\/wp-json\/wp\/v2\/pages\/2230","targetHints":{"allow":["GET"]}}],"collection":[{"href":"https:\/\/shortsea.org.tr\/en\/wp-json\/wp\/v2\/pages"}],"about":[{"href":"https:\/\/shortsea.org.tr\/en\/wp-json\/wp\/v2\/types\/page"}],"author":[{"embeddable":true,"href":"https:\/\/shortsea.org.tr\/en\/wp-json\/wp\/v2\/users\/1"}],"replies":[{"embeddable":true,"href":"https:\/\/shortsea.org.tr\/en\/wp-json\/wp\/v2\/comments?post=2230"}],"version-history":[{"count":119,"href":"https:\/\/shortsea.org.tr\/en\/wp-json\/wp\/v2\/pages\/2230\/revisions"}],"predecessor-version":[{"id":13181,"href":"https:\/\/shortsea.org.tr\/en\/wp-json\/wp\/v2\/pages\/2230\/revisions\/13181"}],"wp:attachment":[{"href":"https:\/\/shortsea.org.tr\/en\/wp-json\/wp\/v2\/media?parent=2230"}],"curies":[{"name":"wp","href":"https:\/\/api.w.org\/{rel}","templated":true}]}}