{"id":2725,"date":"2019-03-10T17:35:17","date_gmt":"2019-03-10T14:35:17","guid":{"rendered":"http:\/\/shortsea.org.tr\/?page_id=2725"},"modified":"2025-10-18T05:33:34","modified_gmt":"2025-10-18T02:33:34","slug":"isg","status":"publish","type":"page","link":"https:\/\/shortsea.org.tr\/en\/isg\/","title":{"rendered":"\u0130SG"},"content":{"rendered":"<div class=\"brz-root__container brz-reset-all\">\n<section data-brz-uid=\"ixhlvbfzfu\" id=\"ixhlvbfzfu\" class=\"brz-section brz-css-kiesd\">\n<div class=\"brz-slick-slider brz-slick-slider__section\" data-slides-to-show=\"1\" data-slides-to-scroll=\"1\" data-arrows=\"true\" data-dots=\"true\" data-dots-class=\"brz-slick-slider__dots brz-slick-slider__dots--circle\" data-fade=\"false\" data-vertical=\"false\" data-auto-play=\"true\" data-auto-play-speed=\"6000\" data-swipe=\"true\" data-responsive=\"%5B%7B%22breakpoint%22%3A767%2C%22settings%22%3A%7B%22slidesToShow%22%3A1%2C%22slidesToScroll%22%3A1%7D%7D%5D\">\n<div>\n<div class=\"brz-section__content brz-section--boxed brz-css-fgvqm brz-css-kremv\" data-brz-custom-id=\"sfpuptozri\">\n<div class=\"brz-bg\">\n<div class=\"brz-bg-image\"><\/div>\n<\/div>\n<div class=\"brz-container brz-css-zufzh brz-css-evriz\">\n<div class=\"brz-row__container brz-css-imneg\" data-brz-custom-id=\"wwzjsouwoa\">\n<div class=\"brz-bg\"><\/div>\n<div class=\"brz-row brz-css-plilu brz-css-cdmwa\">\n<div class=\"brz-columns brz-css-bafoz brz-css-zxiso\" data-brz-custom-id=\"nrdhdyvudj\">\n<div class=\"brz-bg\">\n<div class=\"brz-bg-color\"><\/div>\n<\/div>\n<div class=\"brz-column__items brz-css-nvfix brz-css-prvqa\">\n<div id class=\"brz-css-xglid brz-wrapper\">\n<div class=\"brz-rich-text brz-rich-text__custom brz-css-ffzfn\" data-brz-custom-id=\"mqneubcyvq\">\n<div data-brz-translate-text=\"1\">\n<h2 class=\"brz-text-lg-center brz-tp-heading2 brz-css-uaktb\"><span class=\"brz-cp-color2\">Gemilerde <\/span><span class=\"brz-cp-color3\">\u0130\u015f Sa\u011fl\u0131\u011f\u0131<\/span><span class=\"brz-cp-color2\"> &amp;&nbsp;<\/span><span class=\"brz-cp-color3\">G\u00fcvenli\u011fi <\/span><span class=\"brz-cp-color2\"> Uygulamalar\u0131<\/span><\/h2>\n<\/div>\n<\/div>\n<\/div>\n<div class=\"brz-wrapper-clone brz-css-fcdqv\">\n<div class=\"brz-d-xs-flex brz-flex-xs-wrap brz-css-qbnjq\">\n<div class=\"brz-wrapper-clone__item\" id=\"unbgqbhjog\"><a class=\"brz-a brz-btn brz-css-patjn\" href =\"https:\/\/shortsea.org.tr\/en\/1\/\" target=\"_self\" rel=\"noopener\" data-brz-link-type=\"external\" data-brz-custom-id=\"unbgqbhjog\"><span data-brz-translate-text=\"1\" class=\"brz-span brz-text__editor\">READ MORE<\/span><\/a><\/div>\n<\/div>\n<\/div>\n<\/div>\n<\/div>\n<\/div>\n<\/div>\n<\/div>\n<\/div>\n<\/div>\n<div>\n<div class=\"brz-section__content brz-section--boxed brz-css-fgvqm brz-css-kplzr\" data-brz-custom-id=\"clnsrjxcpi\">\n<div class=\"brz-bg\">\n<div class=\"brz-bg-image\"><\/div>\n<\/div>\n<div class=\"brz-container brz-css-zufzh brz-css-jdsys\">\n<div class=\"brz-row__container brz-css-imneg\" data-brz-custom-id=\"qrvthuozpz\">\n<div class=\"brz-bg\"><\/div>\n<div class=\"brz-row brz-css-plilu brz-css-cdmwa\">\n<div class=\"brz-columns brz-css-bafoz brz-css-xxitf\" data-brz-custom-id=\"injhdmxxqu\">\n<div class=\"brz-bg\">\n<div class=\"brz-bg-color\"><\/div>\n<\/div>\n<div class=\"brz-column__items brz-css-nvfix brz-css-micbm\">\n<div id class=\"brz-css-xglid brz-wrapper\">\n<div class=\"brz-rich-text brz-rich-text__custom brz-css-ffzfn\" data-brz-custom-id=\"cwwavgukga\">\n<div data-brz-translate-text=\"1\">\n<h2 class=\"brz-text-lg-center brz-tp-heading2 brz-css-fohhh\"><span class=\"brz-cp-color3\">\u0130\u015f Sa\u011fl\u0131\u011f\u0131<\/span><span class=\"brz-cp-color2\"> &amp;&nbsp;<\/span><span class=\"brz-cp-color3\">G\u00fcvenli\u011fi<\/span><span class=\"brz-cp-color2\">  G\u00fcncel Mevzuat<\/span><\/h2>\n<\/div>\n<\/div>\n<\/div>\n<\/div>\n<\/div>\n<\/div>\n<\/div>\n<\/div>\n<\/div>\n<\/div>\n<\/div>\n<\/section>\n<section data-brz-uid=\"zndadhfsdi\" id=\"zndadhfsdi\" class=\"brz-section brz-css-kiesd\">\n<div class=\"brz-section__content brz-section--boxed brz-css-fgvqm brz-css-rsnll\" data-brz-custom-id=\"dfmmburjdn\">\n<div class=\"brz-bg\">\n<div class=\"brz-bg-color\"><\/div>\n<\/div>\n<div class=\"brz-container brz-css-zufzh\">\n<div class=\"brz-row__container brz-css-imneg\" data-brz-custom-id=\"ydbsajbcns\">\n<div class=\"brz-bg\"><\/div>\n<div class=\"brz-row brz-css-plilu brz-css-cdmwa\">\n<div class=\"brz-columns brz-css-bafoz brz-css-ciaxt\" data-brz-custom-id=\"byiujfdqfo\">\n<div class=\"brz-bg\"><\/div>\n<div class=\"brz-column__items brz-css-nvfix\">\n<div id class=\"brz-css-xglid brz-wrapper\">\n<div class=\"brz-rich-text brz-rich-text__custom brz-css-ffzfn\" data-brz-custom-id=\"cvtzxesxtz\">\n<div data-brz-translate-text=\"1\">\n<h2 class=\"brz-tp-heading2 brz-css-dryuh\"><span class=\"brz-cp-color2\">\u0130SG platformu <\/span><\/h2>\n<\/div>\n<\/div>\n<\/div>\n<\/div>\n<\/div>\n<div class=\"brz-columns brz-css-bafoz brz-css-ojwfm\" data-brz-custom-id=\"uhryxpovkm\">\n<div class=\"brz-bg\"><\/div>\n<div class=\"brz-column__items brz-css-nvfix\">\n<div id class=\"brz-css-xglid brz-wrapper\">\n<div class=\"brz-rich-text brz-rich-text__custom brz-css-ffzfn\" data-brz-custom-id=\"ryqzfajbir\">\n<div data-brz-translate-text=\"1\">\n<p class=\"brz-tp-paragraph brz-css-tvmin\"><span class=\"brz-cp-color7\" style=\"background-color: transparent\">Tek pencere platformu \u00fczerinden \u0130\u015f Sa\u011fl\u0131\u011f\u0131 ve G\u00fcvenli\u011fi ile ilgili forum, sohbet odalar\u0131, s\u0131navlara y\u00f6nelik payla\u015f\u0131mlara ve en g\u00fcncel Mevzuat i\u00e7eriklerine ula\u015f\u0131labilir.<\/span><\/p>\n<\/div>\n<\/div>\n<\/div>\n<\/div>\n<\/div>\n<\/div>\n<\/div>\n<div id class=\"brz-css-xglid brz-css-khiio brz-css-zdmnp brz-wrapper\">\n<div class=\"brz-spacer brz-css-gthnc brz-css-vanzp\"><\/div>\n<\/div>\n<div class=\"brz-row__container brz-css-imneg\" data-brz-custom-id=\"hivlziepcm\">\n<div class=\"brz-bg\"><\/div>\n<div class=\"brz-row brz-css-plilu brz-css-cdmwa\">\n<div class=\"brz-columns brz-css-bafoz brz-css-rkhjs\" data-brz-custom-id=\"eerxqoejmq\">\n<div class=\"brz-bg\"><\/div>\n<div class=\"brz-column__items brz-css-nvfix\">\n<div id class=\"brz-css-xglid brz-wrapper\">\n<div class=\"brz-icon-text brz-css-jsrkc\" data-brz-custom-id=\"mijxhopphx\">\n<div class=\"brz-icon__container\" data-brz-custom-id=\"fbkhmxqjnf\"><span class=\"brz-icon brz-span brz-css-qmqel brz-css-qgxjo\">    <\/span><\/div>\n<div class=\"brz-text-btn\">\n<div class=\"brz-rich-text brz-rich-text__custom brz-css-ffzfn\" data-brz-custom-id=\"tlbqffykfg\">\n<div data-brz-translate-text=\"1\">\n<p class=\"brz-mt-xs-20 brz-mb-xs-0 brz-mt-lg-20 brz-tp-abovetitle brz-text-xs-left brz-css-hoxxp\"><a class=\"brz-cp-color7 link--external\" href=\"https:\/\/shortsea.org.tr\/en\/forum\/\" data-brz-link-type=\"external\" target=\"_blank\"><strong>FORUM <\/strong><\/a><\/p>\n<\/div>\n<\/div>\n<\/div>\n<\/div>\n<\/div>\n<\/div>\n<\/div>\n<div class=\"brz-columns brz-css-bafoz brz-css-mckor\" data-brz-custom-id=\"gqkpgywlod\">\n<div class=\"brz-bg\"><\/div>\n<div class=\"brz-column__items brz-css-nvfix\">\n<div id class=\"brz-css-xglid brz-wrapper\">\n<div class=\"brz-icon-text brz-css-jsrkc\" data-brz-custom-id=\"kfmgpbtbri\">\n<div class=\"brz-icon__container\" data-brz-custom-id=\"mthojiqxuz\"><span class=\"brz-icon brz-span brz-css-qmqel brz-css-mswau\"> <\/span><\/div>\n<div class=\"brz-text-btn\">\n<div class=\"brz-rich-text brz-rich-text__custom brz-css-ffzfn\" data-brz-custom-id=\"nalwedchfb\">\n<div data-brz-translate-text=\"1\">\n<p class=\"brz-mt-xs-20 brz-tp-abovetitle brz-mt-lg-20 brz-css-vtliu\"><strong class=\"brz-cp-color7\">SOHBET ODALARI <\/strong><\/p>\n<\/div>\n<\/div>\n<\/div>\n<\/div>\n<\/div>\n<\/div>\n<\/div>\n<div class=\"brz-columns brz-css-bafoz brz-css-vmqdi\" data-brz-custom-id=\"zozlswaodd\">\n<div class=\"brz-bg\"><\/div>\n<div class=\"brz-column__items brz-css-nvfix\">\n<div id class=\"brz-css-xglid brz-wrapper\">\n<div class=\"brz-icon-text brz-css-jsrkc\" data-brz-custom-id=\"oebsldhszb\">\n<div class=\"brz-icon__container\" data-brz-custom-id=\"ktgfcoznoa\"><span class=\"brz-icon brz-span brz-css-qmqel brz-css-lbgqn\">  <\/span><\/div>\n<div class=\"brz-text-btn\">\n<div class=\"brz-rich-text brz-rich-text__custom brz-css-ffzfn\" data-brz-custom-id=\"iaretfeaku\">\n<div data-brz-translate-text=\"1\">\n<p class=\"brz-mt-lg-20 brz-tp-abovetitle brz-mt-xs-20 brz-css-qraiv\"><a class=\"brz-cp-color7 link--external\" href=\"https:\/\/shortsea.org.tr\/en\/isg-uzmani-sinavlari\/\" data-brz-link-type=\"external\"><strong>A,B,C SINIFI \u0130SG UZMANLIK SINAV SORULARI<\/strong><\/a><\/p>\n<\/div>\n<\/div>\n<\/div>\n<\/div>\n<\/div>\n<\/div>\n<\/div>\n<\/div>\n<\/div>\n<div id class=\"brz-css-xglid brz-css-khiio brz-css-joeuo brz-wrapper\">\n<div class=\"brz-spacer brz-css-gthnc brz-css-hzayd\"><\/div>\n<\/div>\n<div class=\"brz-row__container brz-css-imneg\" data-brz-custom-id=\"ikusbztowd\">\n<div class=\"brz-bg\"><\/div>\n<div class=\"brz-row brz-css-plilu brz-css-cdmwa\">\n<div class=\"brz-columns brz-css-bafoz brz-css-lewvq\" data-brz-custom-id=\"gfwgwzaehd\">\n<div class=\"brz-bg\"><\/div>\n<div class=\"brz-column__items brz-css-nvfix\">\n<div id class=\"brz-css-xglid brz-wrapper\">\n<div class=\"brz-icon-text brz-css-jsrkc\" data-brz-custom-id=\"akpopnljiv\">\n<div class=\"brz-icon__container\" data-brz-custom-id=\"mgzkyhyntg\"><span class=\"brz-icon brz-span brz-css-qmqel brz-css-aiqjb\">  <\/span><\/div>\n<div class=\"brz-text-btn\">\n<div class=\"brz-rich-text brz-rich-text__custom brz-css-ffzfn\" data-brz-custom-id=\"yayavltmdy\">\n<div data-brz-translate-text=\"1\">\n<p class=\"brz-mt-lg-20 brz-tp-abovetitle brz-mt-xs-20 brz-css-xzkpj\"><a class=\"brz-cp-color7 link--external\" href=\"https:\/\/kms.kaysis.gov.tr\/Home\/kurum\/24304011#\" data-brz-link-type=\"external\" target=\"_blank\"><strong>G\u00dcNCEL MEVZUAT<\/strong><\/a><span class=\"brz-cp-color7\"> <\/span><\/p>\n<\/div>\n<\/div>\n<\/div>\n<\/div>\n<\/div>\n<\/div>\n<\/div>\n<div class=\"brz-columns brz-css-bafoz brz-css-ybufh\" data-brz-custom-id=\"iaqnfuapmv\">\n<div class=\"brz-bg\"><\/div>\n<div class=\"brz-column__items brz-css-nvfix\">\n<div id class=\"brz-css-xglid brz-wrapper\">\n<div class=\"brz-icon-text brz-css-jsrkc\" data-brz-custom-id=\"uhafgkeddj\">\n<div class=\"brz-icon__container\" data-brz-custom-id=\"ojztulhyfq\"><span class=\"brz-icon brz-span brz-css-qmqel brz-css-iwtzz\"> <\/span><\/div>\n<div class=\"brz-text-btn\">\n<div class=\"brz-rich-text brz-rich-text__custom brz-css-ffzfn\" data-brz-custom-id=\"kafnvoptre\">\n<div data-brz-translate-text=\"1\">\n<p class=\"brz-mt-xs-20 brz-tp-abovetitle brz-mt-lg-20 brz-css-jzpzo\"><strong class=\"brz-cp-color7\">SEKT\u00d6RLERE G\u00d6RE \u0130SG DOK\u00dcMAN PAYLA\u015eIMI<\/strong><\/p>\n<\/div>\n<\/div>\n<\/div>\n<\/div>\n<\/div>\n<\/div>\n<\/div>\n<div class=\"brz-columns brz-css-bafoz brz-css-hckqj\" data-brz-custom-id=\"lhcgtdacam\">\n<div class=\"brz-bg\"><\/div>\n<div class=\"brz-column__items brz-css-nvfix\">\n<div id class=\"brz-css-xglid brz-wrapper\">\n<div class=\"brz-icon-text brz-css-jsrkc\" data-brz-custom-id=\"uagoqgqxnb\">\n<div class=\"brz-icon__container\" data-brz-custom-id=\"pmiemhwxkr\"><span class=\"brz-icon brz-span brz-css-qmqel brz-css-ihvwj\">  <\/span><\/div>\n<div class=\"brz-text-btn\">\n<div class=\"brz-rich-text brz-rich-text__custom brz-css-ffzfn\" data-brz-custom-id=\"ccznvznwha\">\n<div data-brz-translate-text=\"1\">\n<p class=\"brz-mt-xs-20 brz-tp-abovetitle brz-mt-lg-20 brz-css-jnras\"><strong class=\"brz-cp-color7\">SEKT\u00d6RLERE G\u00d6RE \u0130SG DOK\u00dcMAN PAYLA\u015eIMLARI<\/strong><\/p>\n<\/div>\n<\/div>\n<\/div>\n<\/div>\n<\/div>\n<\/div>\n<\/div>\n<\/div>\n<\/div>\n<div id class=\"brz-css-xglid brz-css-khiio brz-css-gqyjo brz-wrapper\">\n<div class=\"brz-spacer brz-css-gthnc brz-css-eymch\"><\/div>\n<\/div>\n<div class=\"brz-row__container brz-css-imneg\" data-brz-custom-id=\"xuavzmibey\">\n<div class=\"brz-bg\"><\/div>\n<div class=\"brz-row brz-css-plilu brz-css-cdmwa\">\n<div class=\"brz-columns brz-css-bafoz brz-css-wlher\" data-brz-custom-id=\"bzhibvpegd\">\n<div class=\"brz-bg\"><\/div>\n<div class=\"brz-column__items brz-css-nvfix\">\n<div id class=\"brz-css-xglid brz-wrapper\">\n<div class=\"brz-icon-text brz-css-jsrkc\" data-brz-custom-id=\"stvzkeejju\">\n<div class=\"brz-icon__container\" data-brz-custom-id=\"jhyfunjlnl\"><span class=\"brz-icon brz-span brz-css-qmqel brz-css-hbqpp\"> <\/span><\/div>\n<div class=\"brz-text-btn\">\n<div class=\"brz-rich-text brz-rich-text__custom brz-css-ffzfn\" data-brz-custom-id=\"yxqftvuvfb\">\n<div data-brz-translate-text=\"1\">\n<p class=\"brz-mt-lg-20 brz-tp-abovetitle brz-mt-xs-20 brz-css-htqff\"><span class=\"brz-cp-color7\">INTUITIVE BUILDER<\/span><\/p>\n<\/div>\n<\/div>\n<\/div>\n<\/div>\n<\/div>\n<\/div>\n<\/div>\n<div class=\"brz-columns brz-css-bafoz brz-css-mrksk\" data-brz-custom-id=\"pszycaduwx\">\n<div class=\"brz-bg\"><\/div>\n<div class=\"brz-column__items brz-css-nvfix\">\n<div id class=\"brz-css-xglid brz-wrapper\">\n<div class=\"brz-icon-text brz-css-jsrkc\" data-brz-custom-id=\"qyyjxfrwow\">\n<div class=\"brz-icon__container\" data-brz-custom-id=\"xutyljwcbr\"><span class=\"brz-icon brz-span brz-css-qmqel brz-css-meyhv\">  <\/span><\/div>\n<div class=\"brz-text-btn\">\n<div class=\"brz-rich-text brz-rich-text__custom brz-css-ffzfn\" data-brz-custom-id=\"ncfkxbjefc\">\n<div data-brz-translate-text=\"1\">\n<p class=\"brz-mt-lg-20 brz-tp-abovetitle brz-mt-xs-20 brz-css-vxbie\"><span class=\"brz-cp-color7\">PREMADE items<\/span><\/p>\n<\/div>\n<\/div>\n<\/div>\n<\/div>\n<\/div>\n<\/div>\n<\/div>\n<div class=\"brz-columns brz-css-bafoz brz-css-zhquo\" data-brz-custom-id=\"ktseicsvkb\">\n<div class=\"brz-bg\"><\/div>\n<div class=\"brz-column__items brz-css-nvfix\">\n<div id class=\"brz-css-xglid brz-wrapper\">\n<div class=\"brz-icon-text brz-css-jsrkc\" data-brz-custom-id=\"jrrfubxrtl\">\n<div class=\"brz-icon__container\" data-brz-custom-id=\"ajccziirjf\"><span class=\"brz-icon brz-span brz-css-qmqel brz-css-fhwgl\">   <\/span><\/div>\n<div class=\"brz-text-btn\">\n<div class=\"brz-rich-text brz-rich-text__custom brz-css-ffzfn\" data-brz-custom-id=\"xnzdnhnpft\">\n<div data-brz-translate-text=\"1\">\n<p class=\"brz-mt-lg-20 brz-tp-abovetitle brz-mt-xs-20 brz-css-olcgc\"><span class=\"brz-cp-color7\">CODING FREEDOM<\/span><\/p>\n<\/div>\n<\/div>\n<\/div>\n<\/div>\n<\/div>\n<\/div>\n<\/div>\n<\/div>\n<\/div>\n<\/div>\n<\/div>\n<\/section>\n<\/div>\n<p>    <!-- version:1760754814 --><\/p>","protected":false},"excerpt":{"rendered":"<p>Gemilerde \u0130\u015f Sa\u011fl\u0131\u011f\u0131 &amp;&nbsp;G\u00fcvenli\u011fi Uygulamalar\u0131 DEVAMI \u0130\u015f Sa\u011fl\u0131\u011f\u0131 &amp;&nbsp;G\u00fcvenli\u011fi G\u00fcncel Mevzuat \u0130SG platformu Tek pencere platformu \u00fczerinden \u0130\u015f Sa\u011fl\u0131\u011f\u0131 ve G\u00fcvenli\u011fi ile ilgili forum, sohbet odalar\u0131, s\u0131navlara y\u00f6nelik payla\u015f\u0131mlara ve en g\u00fcncel Mevzuat i\u00e7eriklerine ula\u015f\u0131labilir. ..<a href=\"https:\/\/shortsea.org.tr\/en\/isg\/\" class=\"btn btn-default readmore-btn\" >Read More<\/a><\/p>","protected":false},"author":1,"featured_media":0,"parent":0,"menu_order":0,"comment_status":"closed","ping_status":"closed","template":"brizy-blank-template.php","meta":{"footnotes":""},"class_list":["post-2725","page","type-page","status-publish","hentry"],"_links":{"self":[{"href":"https:\/\/shortsea.org.tr\/en\/wp-json\/wp\/v2\/pages\/2725","targetHints":{"allow":["GET"]}}],"collection":[{"href":"https:\/\/shortsea.org.tr\/en\/wp-json\/wp\/v2\/pages"}],"about":[{"href":"https:\/\/shortsea.org.tr\/en\/wp-json\/wp\/v2\/types\/page"}],"author":[{"embeddable":true,"href":"https:\/\/shortsea.org.tr\/en\/wp-json\/wp\/v2\/users\/1"}],"replies":[{"embeddable":true,"href":"https:\/\/shortsea.org.tr\/en\/wp-json\/wp\/v2\/comments?post=2725"}],"version-history":[{"count":30,"href":"https:\/\/shortsea.org.tr\/en\/wp-json\/wp\/v2\/pages\/2725\/revisions"}],"predecessor-version":[{"id":10188,"href":"https:\/\/shortsea.org.tr\/en\/wp-json\/wp\/v2\/pages\/2725\/revisions\/10188"}],"wp:attachment":[{"href":"https:\/\/shortsea.org.tr\/en\/wp-json\/wp\/v2\/media?parent=2725"}],"curies":[{"name":"wp","href":"https:\/\/api.w.org\/{rel}","templated":true}]}}