{"id":2865,"date":"2019-03-17T17:39:14","date_gmt":"2019-03-17T14:39:14","guid":{"rendered":"http:\/\/shortsea.org.tr\/?page_id=2865"},"modified":"2025-10-21T00:29:30","modified_gmt":"2025-10-20T21:29:30","slug":"mevzuat","status":"publish","type":"page","link":"https:\/\/shortsea.org.tr\/en\/mevzuat\/","title":{"rendered":"mevzuat"},"content":{"rendered":"<div class=\"brz-root__container brz-reset-all\">\n<section data-brz-uid=\"tcaqipctid\" id=\"tcaqipctid\" class=\"brz-section brz-css-kkief\">\n<div class=\"brz-section__content brz-section--boxed brz-css-isryj brz-css-anjhz\" data-brz-custom-id=\"npufhoejmh\">\n<div class=\"brz-bg\">\n<div class=\"brz-bg-color\"><\/div>\n<\/div>\n<div class=\"brz-container brz-css-ifwwa\">\n<div class=\"brz-row__container brz-css-acnoy\" data-brz-custom-id=\"rvpbsdfjci\">\n<div class=\"brz-bg\"><\/div>\n<div class=\"brz-row brz-css-kwqhg brz-css-vrfjs\">\n<div class=\"brz-columns brz-css-ftbbk brz-css-pfrrp\" data-brz-custom-id=\"zxplnoimer\">\n<div class=\"brz-bg\"><\/div>\n<div class=\"brz-column__items brz-css-hecxz\">\n<div class=\"brz-row__container brz-css-acnoy\" data-brz-custom-id=\"ximszkhzub\">\n<div class=\"brz-bg\"><\/div>\n<div class=\"brz-row brz-row--inner brz-css-kwqhg brz-css-vrfjs\">\n<div class=\"brz-columns brz-css-ftbbk brz-css-uhfzm\" data-brz-custom-id=\"mqpvnzktov\">\n<div class=\"brz-bg\"><\/div>\n<div class=\"brz-column__items brz-css-hecxz\">\n<div id class=\"brz-css-caeuk brz-wrapper\">\n<div class=\"brz-icon-text brz-css-bzhuh\" data-brz-custom-id=\"qbwhjvduba\">\n<div class=\"brz-icon__container\" data-brz-custom-id=\"jzawafabif\"><span class=\"brz-icon brz-span brz-css-uajhc brz-css-hjapi\"><\/span><\/div>\n<div class=\"brz-text-btn\">\n<div class=\"brz-rich-text brz-rich-text__custom brz-css-ytfzf\" data-brz-custom-id=\"cipapmslxu\">\n<div data-brz-translate-text=\"1\">\n<p class=\"brz-mt-xs-20 brz-tp-abovetitle brz-mt-lg-20 brz-css-fklxc\"><span class=\"brz-cp-color3\">MAIN PAGE<\/span><\/p>\n<\/div>\n<\/div>\n<\/div>\n<\/div>\n<\/div>\n<\/div>\n<\/div>\n<\/div>\n<\/div>\n<div id class=\"brz-css-caeuk brz-wrapper\">\n<div class=\"brz-rich-text brz-rich-text__custom brz-css-ytfzf\" data-brz-custom-id=\"bpsldhdwcy\">\n<div data-brz-translate-text=\"1\">\n<h2 class=\"brz-tp-heading2 brz-css-kpofk\"><span class=\"brz-cp-color8\">Mevzuat <\/span><\/h2>\n<\/div>\n<\/div>\n<\/div>\n<\/div>\n<\/div>\n<\/div>\n<\/div>\n<div id class=\"brz-css-caeuk brz-css-lsdhz brz-css-cdnle brz-wrapper\">\n<div class=\"brz-spacer brz-css-zhczk brz-css-caepf\"><\/div>\n<\/div>\n<div class=\"brz-row__container brz-css-acnoy\" data-brz-custom-id=\"psjfbqjoni\">\n<div class=\"brz-bg\"><\/div>\n<div class=\"brz-row brz-css-kwqhg brz-css-vrfjs\">\n<div class=\"brz-columns brz-css-ftbbk brz-css-rckua\" data-brz-custom-id=\"qxejtrbbbz\">\n<div class=\"brz-bg\"><\/div>\n<div class=\"brz-column__items brz-css-hecxz\">\n<div id class=\"brz-css-caeuk brz-wrapper\">\n<div class=\"brz-icon-text brz-css-bzhuh\" data-brz-custom-id=\"vwdevdzmlq\">\n<div class=\"brz-icon__container\" data-brz-custom-id=\"jnqehxqqnh\"><span class=\"brz-icon brz-span brz-css-uajhc brz-css-pymca\"> <\/span><\/div>\n<div class=\"brz-text-btn\">\n<div class=\"brz-rich-text brz-rich-text__custom brz-css-ytfzf\" data-brz-custom-id=\"ntcoqqzedj\">\n<div data-brz-translate-text=\"1\">\n<p class=\"brz-mt-lg-20 brz-tp-abovetitle brz-mt-xs-20 brz-css-byjso\"><span class=\"brz-cp-color3\">ILO S\u00d6ZLE\u015eMELER\u0130<\/span><\/p>\n<\/div>\n<\/div>\n<\/div>\n<\/div>\n<\/div>\n<\/div>\n<\/div>\n<div class=\"brz-columns brz-css-ftbbk brz-css-ctylg\" data-brz-custom-id=\"swtovouets\">\n<div class=\"brz-bg\"><\/div>\n<div class=\"brz-column__items brz-css-hecxz\">\n<div id class=\"brz-css-caeuk brz-wrapper\">\n<div class=\"brz-icon-text brz-css-bzhuh\" data-brz-custom-id=\"lqgphvllog\">\n<div class=\"brz-icon__container\" data-brz-custom-id=\"njhvqozxwz\"><span class=\"brz-icon brz-span brz-css-uajhc brz-css-hsxey\">   <\/span><\/div>\n<div class=\"brz-text-btn\">\n<div class=\"brz-rich-text brz-rich-text__custom brz-css-ytfzf\" data-brz-custom-id=\"unjvwwerji\">\n<div data-brz-translate-text=\"1\">\n<p class=\"brz-mt-xs-20 brz-tp-abovetitle brz-mt-lg-20 brz-css-rbxzu\"><a class=\"brz-cp-color3 link--external\" href=\"https:\/\/kms.kaysis.gov.tr\/Home\/kurum\/24304011#\" data-brz-link-type=\"external\" target=\"_blank\">KANUNLAR <\/a><\/p>\n<\/div>\n<\/div>\n<\/div>\n<\/div>\n<\/div>\n<\/div>\n<\/div>\n<div class=\"brz-columns brz-css-ftbbk brz-css-obtwi\" data-brz-custom-id=\"meyyxoajud\">\n<div class=\"brz-bg\"><\/div>\n<div class=\"brz-column__items brz-css-hecxz\">\n<div id class=\"brz-css-caeuk brz-wrapper\">\n<div class=\"brz-icon-text brz-css-bzhuh\" data-brz-custom-id=\"bbgnntxysq\">\n<div class=\"brz-icon__container\" data-brz-custom-id=\"boeuvbjdin\"><span class=\"brz-icon brz-span brz-css-uajhc brz-css-kwtsf\"> <\/span><\/div>\n<div class=\"brz-text-btn\">\n<div class=\"brz-rich-text brz-rich-text__custom brz-css-ytfzf\" data-brz-custom-id=\"gxvhxneveq\">\n<div data-brz-translate-text=\"1\">\n<p class=\"brz-mt-lg-20 brz-tp-abovetitle brz-mt-xs-20 brz-css-pcxsv\"><span class=\"brz-cp-color3\">CUMHURBA\u015eKANLI\u011eI KARARNAMELER\u0130<\/span><\/p>\n<\/div>\n<\/div>\n<\/div>\n<\/div>\n<\/div>\n<\/div>\n<\/div>\n<\/div>\n<\/div>\n<div id class=\"brz-css-caeuk brz-css-lsdhz brz-css-xqoal brz-wrapper\">\n<div class=\"brz-spacer brz-css-zhczk brz-css-psebg\"><\/div>\n<\/div>\n<div class=\"brz-row__container brz-css-acnoy\" data-brz-custom-id=\"nryvpvykvv\">\n<div class=\"brz-bg\"><\/div>\n<div class=\"brz-row brz-css-kwqhg brz-css-vrfjs\">\n<div class=\"brz-columns brz-css-ftbbk brz-css-zsvio\" data-brz-custom-id=\"fximcmrdyh\">\n<div class=\"brz-bg\"><\/div>\n<div class=\"brz-column__items brz-css-hecxz\">\n<div id class=\"brz-css-caeuk brz-wrapper\">\n<div class=\"brz-icon-text brz-css-bzhuh\" data-brz-custom-id=\"djhebjttmd\">\n<div class=\"brz-icon__container\" data-brz-custom-id=\"oiivrowviw\"><span class=\"brz-icon brz-span brz-css-uajhc brz-css-frlcj\"><\/span><\/div>\n<div class=\"brz-text-btn\">\n<div class=\"brz-rich-text brz-rich-text__custom brz-css-ytfzf\" data-brz-custom-id=\"ypzcydngge\">\n<div data-brz-translate-text=\"1\">\n<p class=\"brz-mt-lg-20 brz-tp-abovetitle brz-mt-xs-20 brz-css-etchm\"><span class=\"brz-cp-color3\">T\u00dcZ\u00dcKLER<\/span><\/p>\n<\/div>\n<\/div>\n<\/div>\n<\/div>\n<\/div>\n<\/div>\n<\/div>\n<div class=\"brz-columns brz-css-ftbbk brz-css-pxxmn\" data-brz-custom-id=\"bivlfgmync\">\n<div class=\"brz-bg\"><\/div>\n<div class=\"brz-column__items brz-css-hecxz\">\n<div id class=\"brz-css-caeuk brz-wrapper\">\n<div class=\"brz-icon-text brz-css-bzhuh\" data-brz-custom-id=\"uqqbpbciha\">\n<div class=\"brz-icon__container\" data-brz-custom-id=\"opomaynpzh\"><span class=\"brz-icon brz-span brz-css-uajhc brz-css-ptqbb\">      <\/span><\/div>\n<div class=\"brz-text-btn\">\n<div class=\"brz-rich-text brz-rich-text__custom brz-css-ytfzf\" data-brz-custom-id=\"vncyschqki\">\n<div data-brz-translate-text=\"1\">\n<p class=\"brz-mt-xs-20 brz-mb-xs-0 brz-mt-lg-20 brz-tp-abovetitle brz-text-xs-left brz-css-zfmbr\"><a class=\"link--external brz-cp-color3\" href=\"https:\/\/kms.kaysis.gov.tr\/Home\/kurum\/24304011#\" data-brz-link-type=\"external\">Y\u00d6NETMEL\u0130KLER <\/a><\/p>\n<\/div>\n<\/div>\n<\/div>\n<\/div>\n<\/div>\n<\/div>\n<\/div>\n<div class=\"brz-columns brz-css-ftbbk brz-css-rubah\" data-brz-custom-id=\"gxaognpamm\">\n<div class=\"brz-bg\"><\/div>\n<div class=\"brz-column__items brz-css-hecxz\">\n<div id class=\"brz-css-caeuk brz-wrapper\">\n<div class=\"brz-icon-text brz-css-bzhuh\" data-brz-custom-id=\"xylnbzkzpn\">\n<div class=\"brz-icon__container\" data-brz-custom-id=\"rfuwuobosw\"><span class=\"brz-icon brz-span brz-css-uajhc brz-css-khefe\"><\/span><\/div>\n<div class=\"brz-text-btn\">\n<div class=\"brz-rich-text brz-rich-text__custom brz-css-ytfzf\" data-brz-custom-id=\"bqqrgdsmnc\">\n<div data-brz-translate-text=\"1\">\n<p class=\"brz-mt-lg-20 brz-tp-abovetitle brz-mt-xs-20 brz-css-syxwj\"><span class=\"brz-cp-color3\">TEBL\u0130\u011eLER &#8211; Y\u00d6NERGELER<\/span><\/p>\n<\/div>\n<\/div>\n<\/div>\n<\/div>\n<\/div>\n<\/div>\n<\/div>\n<\/div>\n<\/div>\n<div id class=\"brz-css-caeuk brz-css-lsdhz brz-css-raveq brz-wrapper\">\n<div class=\"brz-spacer brz-css-zhczk brz-css-onpro\"><\/div>\n<\/div>\n<div class=\"brz-row__container brz-css-acnoy\" data-brz-custom-id=\"ragukdtgvi\">\n<div class=\"brz-bg\"><\/div>\n<div class=\"brz-row brz-css-kwqhg brz-css-vrfjs\">\n<div class=\"brz-columns brz-css-ftbbk brz-css-qmphg\" data-brz-custom-id=\"goqakkbafd\">\n<div class=\"brz-bg\"><\/div>\n<div class=\"brz-column__items brz-css-hecxz\">\n<div id class=\"brz-css-caeuk brz-wrapper\">\n<div class=\"brz-icon-text brz-css-bzhuh\" data-brz-custom-id=\"ybtltzdiqk\">\n<div class=\"brz-icon__container\" data-brz-custom-id=\"cvxvglgdnt\"><span class=\"brz-icon brz-span brz-css-uajhc brz-css-nhbpv\"><\/span><\/div>\n<div class=\"brz-text-btn\">\n<div class=\"brz-rich-text brz-rich-text__custom brz-css-ytfzf\" data-brz-custom-id=\"svhxhevvyz\">\n<div data-brz-translate-text=\"1\">\n<p class=\"brz-mt-lg-20 brz-tp-abovetitle brz-mt-xs-20 brz-css-posup\"><span class=\"brz-cp-color3\">Y\u00dcR\u00dcRL\u00dcKTEN KALDIRILAN MEVZUAT<\/span><\/p>\n<\/div>\n<\/div>\n<\/div>\n<\/div>\n<\/div>\n<\/div>\n<\/div>\n<div class=\"brz-columns brz-css-ftbbk brz-css-nublt\" data-brz-custom-id=\"dvxupdcocn\">\n<div class=\"brz-bg\"><\/div>\n<div class=\"brz-column__items brz-css-hecxz\">\n<div id class=\"brz-css-caeuk brz-wrapper\">\n<div class=\"brz-icon-text brz-css-bzhuh\" data-brz-custom-id=\"yytqcptwjx\">\n<div class=\"brz-icon__container\" data-brz-custom-id=\"exhthdzpjn\"><span class=\"brz-icon brz-span brz-css-uajhc brz-css-dsmcb\">  <\/span><\/div>\n<div class=\"brz-text-btn\">\n<div class=\"brz-rich-text brz-rich-text__custom brz-css-ytfzf\" data-brz-custom-id=\"gobrmdkaje\">\n<div data-brz-translate-text=\"1\">\n<p class=\"brz-mt-lg-20 brz-tp-abovetitle brz-mt-xs-20 brz-css-jndsu\"><span class=\"brz-cp-color3\">\u0130DAR\u0130 PARA CEZALARI<\/span><\/p>\n<\/div>\n<\/div>\n<\/div>\n<\/div>\n<\/div>\n<\/div>\n<\/div>\n<div class=\"brz-columns brz-css-ftbbk brz-css-yclpd\" data-brz-custom-id=\"saubottkyv\">\n<div class=\"brz-bg\"><\/div>\n<div class=\"brz-column__items brz-css-hecxz\">\n<div id class=\"brz-css-caeuk brz-wrapper\">\n<div class=\"brz-icon-text brz-css-bzhuh\" data-brz-custom-id=\"vjjnboalvu\">\n<div class=\"brz-icon__container\" data-brz-custom-id=\"opwvbiimqx\"><span class=\"brz-icon brz-span brz-css-uajhc brz-css-dtmwn\">   <\/span><\/div>\n<div class=\"brz-text-btn\">\n<div class=\"brz-rich-text brz-rich-text__custom brz-css-ytfzf\" data-brz-custom-id=\"xqscxzwrzl\">\n<div data-brz-translate-text=\"1\">\n<p class=\"brz-mt-xs-20 brz-tp-abovetitle brz-mt-lg-20 brz-css-yofna\"><span class=\"brz-cp-color3\">CODING FREEDOM<\/span><\/p>\n<\/div>\n<\/div>\n<\/div>\n<\/div>\n<\/div>\n<\/div>\n<\/div>\n<\/div>\n<\/div>\n<div class=\"brz-row__container brz-css-acnoy\" data-brz-custom-id=\"kakviaktsp\">\n<div class=\"brz-bg\"><\/div>\n<div class=\"brz-row brz-css-kwqhg brz-css-vrfjs\">\n<div class=\"brz-columns brz-css-ftbbk brz-css-qswwh\" data-brz-custom-id=\"hxmwnolbxs\">\n<div class=\"brz-bg\"><\/div>\n<div class=\"brz-column__items brz-css-hecxz\">\n<div id class=\"brz-css-caeuk brz-wrapper\">\n<div class=\"brz-embed-code brz-css-unkac\" data-brz-custom-id=\"eysdparyoa\">\n<div class=\"brz-embed-content\">\n<div>\n<div data-room-id=\"0\" data-height=\"600px\" data-width=\"100%\" class=\"iflychat-embed\"><\/div>\n<\/div>\n<\/div>\n<\/div>\n<\/div>\n<\/div>\n<\/div>\n<\/div>\n<\/div>\n<\/div>\n<\/div>\n<\/section>\n<\/div>\n<p>    <!-- version:1760995770 --><\/p>","protected":false},"excerpt":{"rendered":"<p>ANA SAYFA Mevzuat ILO S\u00d6ZLE\u015eMELER\u0130 KANUNLAR CUMHURBA\u015eKANLI\u011eI KARARNAMELER\u0130 T\u00dcZ\u00dcKLER Y\u00d6NETMEL\u0130KLER TEBL\u0130\u011eLER &#8211; Y\u00d6NERGELER Y\u00dcR\u00dcRL\u00dcKTEN KALDIRILAN MEVZUAT \u0130DAR\u0130 PARA CEZALARI CODING FREEDOM<\/p>","protected":false},"author":1,"featured_media":0,"parent":0,"menu_order":0,"comment_status":"closed","ping_status":"closed","template":"brizy-blank-template.php","meta":{"footnotes":""},"class_list":["post-2865","page","type-page","status-publish","hentry"],"_links":{"self":[{"href":"https:\/\/shortsea.org.tr\/en\/wp-json\/wp\/v2\/pages\/2865","targetHints":{"allow":["GET"]}}],"collection":[{"href":"https:\/\/shortsea.org.tr\/en\/wp-json\/wp\/v2\/pages"}],"about":[{"href":"https:\/\/shortsea.org.tr\/en\/wp-json\/wp\/v2\/types\/page"}],"author":[{"embeddable":true,"href":"https:\/\/shortsea.org.tr\/en\/wp-json\/wp\/v2\/users\/1"}],"replies":[{"embeddable":true,"href":"https:\/\/shortsea.org.tr\/en\/wp-json\/wp\/v2\/comments?post=2865"}],"version-history":[{"count":23,"href":"https:\/\/shortsea.org.tr\/en\/wp-json\/wp\/v2\/pages\/2865\/revisions"}],"predecessor-version":[{"id":10186,"href":"https:\/\/shortsea.org.tr\/en\/wp-json\/wp\/v2\/pages\/2865\/revisions\/10186"}],"wp:attachment":[{"href":"https:\/\/shortsea.org.tr\/en\/wp-json\/wp\/v2\/media?parent=2865"}],"curies":[{"name":"wp","href":"https:\/\/api.w.org\/{rel}","templated":true}]}}