{"id":7801,"date":"2020-03-11T15:41:08","date_gmt":"2020-03-11T12:41:08","guid":{"rendered":"http:\/\/shortsea.org.tr\/?page_id=7801"},"modified":"2025-10-17T12:02:36","modified_gmt":"2025-10-17T09:02:36","slug":"yasadisifaaliyetler","status":"publish","type":"page","link":"https:\/\/shortsea.org.tr\/en\/yasadisifaaliyetler\/","title":{"rendered":"Yasad\u0131\u015f\u0131 Denizcilik Faaliyetleri Ana Sayfa"},"content":{"rendered":"<div class=\"brz-root__container brz-reset-all\">\n<section data-brz-uid=\"ckvxvzgawzcamopqguvylrhbuvhvilmgmlpu\" id=\"ckvxvzgawzcamopqguvylrhbuvhvilmgmlpu\" class=\"brz-section brz-css-dwixh\">\n<div class=\"brz-section__content brz-section--boxed brz-css-uqeaf brz-css-tgblq\" data-brz-custom-id=\"jammzrvgbvexlhnvclogsavzhtyxkxnpzqbf\">\n<div class=\"brz-bg\">\n<div class=\"brz-bg-color\"><\/div>\n<\/div>\n<div class=\"brz-container brz-css-jgisn\">\n<div id class=\"brz-css-gsqfh brz-wrapper\">\n<div class=\"brz-rich-text brz-rich-text__custom brz-css-ayudf\" data-brz-custom-id=\"uczwecoqkcqqpmcfqyxtunwbhkoyatgkjjbx\">\n<div data-brz-translate-text=\"1\">\n<h1 class=\"brz-text-lg-center brz-lh-lg-1_3 brz-lh-sm-im-1_3 brz-lh-xs-im-1_3 brz-fs-lg-56 brz-fs-sm-im-40 brz-fs-xs-im-34 brz-ls-lg-m_1_5 brz-ls-sm-im-m_1 brz-ls-xs-im-m_1 brz-ff-montserrat brz-ft-google brz-fw-lg-200 brz-fw-sm-im-200 brz-fw-xs-im-200 brz-css-xmmqd\"><span class=\"brz-cp-color8\">Illegal Maritime Activities <\/span><\/h1>\n<\/div>\n<\/div>\n<\/div>\n<div id class=\"brz-css-gsqfh brz-css-fcppf brz-css-tticd brz-wrapper\">\n<div class=\"brz-spacer brz-css-nexxn brz-css-pacct\"><\/div>\n<\/div>\n<div class=\"brz-row__container brz-css-zlusl\" data-brz-custom-id=\"vfdsdlhzuxfuuqllxqiuifswjypjgvnguqvu\">\n<div class=\"brz-bg\"><\/div>\n<div class=\"brz-row brz-css-wwpso brz-css-ennyd\">\n<div class=\"brz-columns brz-css-pxtpz brz-css-jdwwb\" data-brz-custom-id=\"lpizqtlohxurmvhaxtgjdnphweujcsmpkyyg\">\n<div class=\"brz-bg\">\n<div class=\"brz-bg-image\"><\/div>\n<div class=\"brz-bg-color\"><\/div>\n<\/div>\n<div class=\"brz-column__items brz-css-fuioi brz-css-ynuwv\">\n<div id class=\"brz-css-gsqfh brz-css-fcppf brz-wrapper\">\n<div class=\"brz-spacer brz-css-nexxn brz-css-ixuqa\"><\/div>\n<\/div>\n<div id class=\"brz-css-gsqfh brz-wrapper\">\n<div class=\"brz-rich-text brz-rich-text__custom brz-css-ayudf\" data-brz-custom-id=\"ldxhovcioflxcpxajizfwwxjzzduoaroxeke\">\n<div data-brz-translate-text=\"1\">\n<h2 class=\"brz-tp-heading2 brz-text-lg-center brz-css-wbyxc\"><span class=\"brz-cp-color8\">Deniz Haydutlu\u011fu <\/span><\/h2>\n<\/div>\n<\/div>\n<\/div>\n<div id class=\"brz-css-gsqfh brz-wrapper\">\n<div class=\"brz-rich-text brz-rich-text__custom brz-css-ayudf\" data-brz-custom-id=\"hxhjfblbnvlpsvkuypcdqxijdqbhjmuabbig\">\n<div data-brz-translate-text=\"1\">\n<p class=\"brz-tp-paragraph brz-text-lg-center brz-css-hrwbh\"><span class=\"brz-cp-color8\" style=\"background-color: transparent\"> <\/span><\/p>\n<\/div>\n<\/div>\n<\/div>\n<div class=\"brz-wrapper-clone brz-css-eibbu\">\n<div class=\"brz-d-xs-flex brz-flex-xs-wrap brz-css-jbdjc\">\n<div class=\"brz-wrapper-clone__item\" id=\"lxbfsykwhagwtxksjqjogszwotngvspfmkqg\"><a class=\"brz-a brz-btn brz-css-ndzjl brz-css-deggn\" href=\"https:\/\/shortsea.org.tr\/en\/deniz-haydutlugu\/\" target=\"_blank\" rel=\"noopener\" data-brz-link-type=\"external\" data-brz-custom-id=\"lxbfsykwhagwtxksjqjogszwotngvspfmkqg\"><span data-brz-translate-text=\"1\" class=\"brz-span brz-text__editor\">READ MORE<\/span><\/a><\/div>\n<\/div>\n<\/div>\n<div id class=\"brz-css-gsqfh brz-css-fcppf brz-wrapper\">\n<div class=\"brz-spacer brz-css-nexxn brz-css-dbzzx\"><\/div>\n<\/div>\n<\/div>\n<\/div>\n<div class=\"brz-columns brz-css-pxtpz brz-css-tagym\" data-brz-custom-id=\"fcmohofvxsfetzijuonfqbxyewcrbqvipetq\">\n<div class=\"brz-bg\">\n<div class=\"brz-bg-image\"><\/div>\n<div class=\"brz-bg-color\"><\/div>\n<\/div>\n<div class=\"brz-column__items brz-css-fuioi brz-css-caphv\">\n<div id class=\"brz-css-gsqfh brz-css-fcppf brz-wrapper\">\n<div class=\"brz-spacer brz-css-nexxn brz-css-zhpzr\"><\/div>\n<\/div>\n<div id class=\"brz-css-gsqfh brz-wrapper\">\n<div class=\"brz-rich-text brz-rich-text__custom brz-css-ayudf\" data-brz-custom-id=\"aiujyncoqpgmopcuirbzyykpqsvsrdtyqpwe\">\n<div data-brz-translate-text=\"1\">\n<h2 class=\"brz-tp-heading2 brz-text-lg-center brz-css-osdcf\"><span class=\"brz-cp-color8\">D\u00fczensiz G\u00f6\u00e7 <\/span><\/h2>\n<\/div>\n<\/div>\n<\/div>\n<div id class=\"brz-css-gsqfh brz-wrapper\">\n<div class=\"brz-rich-text brz-rich-text__custom brz-css-ayudf\" data-brz-custom-id=\"alstfbftemymjsgpkgthymxeohupwhkdfvvh\">\n<div data-brz-translate-text=\"1\">\n<p class=\"brz-tp-paragraph brz-text-lg-center brz-css-voqkq\"><span class=\"brz-cp-color8\" style=\"background-color: transparent\"> <\/span><\/p>\n<\/div>\n<\/div>\n<\/div>\n<div class=\"brz-wrapper-clone brz-css-eibbu\">\n<div class=\"brz-d-xs-flex brz-flex-xs-wrap brz-css-jbdjc\">\n<div class=\"brz-wrapper-clone__item\" id=\"upwemquxricvssuztlftshnrddneweoyyphy\"><a class=\"brz-a brz-btn brz-css-ndzjl brz-css-wdfbe\" href=\"https:\/\/shortsea.org.tr\/en\/duzensiz-goc\/\" target=\"_blank\" rel=\"noopener\" data-brz-link-type=\"external\" data-brz-custom-id=\"upwemquxricvssuztlftshnrddneweoyyphy\"><span data-brz-translate-text=\"1\" class=\"brz-span brz-text__editor\">READ MORE<\/span><\/a><\/div>\n<\/div>\n<\/div>\n<div id class=\"brz-css-gsqfh brz-css-fcppf brz-wrapper\">\n<div class=\"brz-spacer brz-css-nexxn brz-css-vbgbo\"><\/div>\n<\/div>\n<\/div>\n<\/div>\n<\/div>\n<\/div>\n<\/div>\n<\/div>\n<\/section>\n<\/div>\n<p>    <!-- version:1760691756 --><\/p>","protected":false},"excerpt":{"rendered":"<p>Yasad\u0131\u015f\u0131 Denizcilik Faaliyetleri Deniz Haydutlu\u011fu DEVAMI D\u00fczensiz G\u00f6\u00e7 DEVAMI<\/p>","protected":false},"author":1,"featured_media":0,"parent":0,"menu_order":0,"comment_status":"closed","ping_status":"closed","template":"brizy-blank-template.php","meta":{"footnotes":""},"class_list":["post-7801","page","type-page","status-publish","hentry"],"_links":{"self":[{"href":"https:\/\/shortsea.org.tr\/en\/wp-json\/wp\/v2\/pages\/7801","targetHints":{"allow":["GET"]}}],"collection":[{"href":"https:\/\/shortsea.org.tr\/en\/wp-json\/wp\/v2\/pages"}],"about":[{"href":"https:\/\/shortsea.org.tr\/en\/wp-json\/wp\/v2\/types\/page"}],"author":[{"embeddable":true,"href":"https:\/\/shortsea.org.tr\/en\/wp-json\/wp\/v2\/users\/1"}],"replies":[{"embeddable":true,"href":"https:\/\/shortsea.org.tr\/en\/wp-json\/wp\/v2\/comments?post=7801"}],"version-history":[{"count":30,"href":"https:\/\/shortsea.org.tr\/en\/wp-json\/wp\/v2\/pages\/7801\/revisions"}],"predecessor-version":[{"id":10185,"href":"https:\/\/shortsea.org.tr\/en\/wp-json\/wp\/v2\/pages\/7801\/revisions\/10185"}],"wp:attachment":[{"href":"https:\/\/shortsea.org.tr\/en\/wp-json\/wp\/v2\/media?parent=7801"}],"curies":[{"name":"wp","href":"https:\/\/api.w.org\/{rel}","templated":true}]}}