{"id":10279,"date":"2020-12-16T10:26:34","date_gmt":"2020-12-16T07:26:34","guid":{"rendered":"http:\/\/shortsea.org.tr\/?page_id=10279"},"modified":"2020-12-16T15:58:36","modified_gmt":"2020-12-16T12:58:36","slug":"kasim-2020-imo-bulteni","status":"publish","type":"page","link":"https:\/\/shortsea.org.tr\/tr_tr\/kasim-2020-imo-bulteni\/","title":{"rendered":"KASIM 2020 IMO B\u00dcLTEN\u0130"},"content":{"rendered":"<section  id=\"section-69e0943b97d14\" class=\"fw-main-row   auto \"  style=\"  \"  >\r\n    <div >\r\n        <div class=\"fw-container sections\">\r\n            <div class=\"fw-row\">\n\t\r\n\r\n\r\n<div id=\"column-69e0943b9869d\" class=\"none  fw-col-md-12      wow \" data-wow-offset=\"120\" data-wow-duration=\"1.5s\" style=\"  \">\r\n        <div class=\"fw-main-row\"  style=\"\">\r\n        <div class=\"fw-col-inner\">\r\n            <div class=\"fw-divider-space \" style=\"margin-bottom:200px;\" ><\/div>\r\n<div class=\"fw-heading head_title fw-heading-h4 fw-heading-center   wow fadeIn\" data-wow-offset=\"120\" data-wow-duration=\"1.5s\">\r\n        <div class=\"\"><h4 class='fw-special-title'  style='color: '><span>KASIM 2020 IMO B\u00dcLTEN\u0130 <\/span><\/h4><\/div>\r\n\r\n    \r\n\r\n    \r\n            <div class=\"separator_wrap\"> <div class=\"separator\"><\/div><\/div>\r\n        \r\n\r\n<\/div><div class=\"fw-divider-space space-sm\"  ><\/div><div class=\"fw-single-image \" >\r\n\t    <img decoding=\"async\" src=\"\/\/shortsea.org.tr\/wp-content\/uploads\/2020\/12\/1.jpg\" class=\"img-responsive\" style='height: autopx' alt=\"\"  \/>\r\n\t<\/div><div class=\"fw-divider-space space-sm\"  ><\/div><p><strong>IMO ve UNEP, 2021 Denizcilik S\u0131f\u0131r-D\u00fc\u015f\u00fck Karbon \u0130novasyon Forumu\u2019na ev sahipli\u011fi yapacak.<\/strong><\/p><p>Uluslararas\u0131 Denizcilik \u00d6rg\u00fct\u00fc (International Maritime Organization - IMO) ve Birle\u015fmi\u015f Milletler \u00c7evre Program\u0131 (United Nationas Environment Programme - UNEP) ortakl\u0131\u011f\u0131nda, finansal deste\u011fin Norve\u00e7 taraf\u0131ndan sa\u011fland\u0131\u011f\u0131 \u201cDenizcilikte S\u0131f\u0131r ve D\u00fc\u015f\u00fck Emisyon \u0130novasyon Forumu (Maritime Zero-and Low-Emission Innovation Forum)\u201d 2021 Haziran ay\u0131nda ger\u00e7ekle\u015ftirilecektir.<\/p><p>S\u00f6z konusu forumun amac\u0131, IMO Sera Gaz\u0131 Ba\u015flang\u0131\u00e7 Stratejisi (Initial GHG Strategy) uyar\u0131nca denizcilik sekt\u00f6r\u00fcn\u00fcn karbonsuzla\u015fmas\u0131n\u0131 destekleyen ara\u015ft\u0131rma ve geli\u015ftirme (Ar-Ge) faaliyetlerindeki en son geli\u015fmeleri aktarmaya y\u00f6nelik ilgili payda\u015flar\u0131 bir araya getirmektir.<\/p><p>Bahse konu forumda, ba\u015fl\u0131ca yenilikler ve Ar-Ge sorunlar\u0131 ele al\u0131nacak olup, denizcilik sekt\u00f6r\u00fcn\u00fcn s\u0131f\u0131r ve d\u00fc\u015f\u00fck emisyon gelece\u011fine do\u011fru d\u00f6n\u00fc\u015f\u00fcm\u00fcne yard\u0131mc\u0131 olabilecek f\u0131rsatlar belirlenecektir.<\/p><p>\u00c7e\u015fitli payda\u015flar, en g\u00fcncel geli\u015fmelere ve en iyi uygulamalara ili\u015fkin bilgi al\u0131\u015fveri\u015finde bulunmaya ve denizcilik sekt\u00f6r\u00fcndeki iklim eylemine y\u00f6nelik yenilikleri ve i\u015fbirli\u011fini in\u015fa etmeye ve h\u0131zland\u0131rmaya davet edilecektir. S\u00f6z konusu Forum, Londra\u2019da IMO Genel Merkezi\u2019nde ger\u00e7ekle\u015ftirilecek, uygun \u015fartlar sa\u011flanamad\u0131\u011f\u0131 takdirde sanal ortamda yap\u0131lacakt\u0131r.<\/p><p>Kat\u0131l\u0131mc\u0131lar aras\u0131nda uluslararas\u0131 karar vericiler, denizcilik, iklim de\u011fi\u015fikli\u011fi\/\u00e7evre y\u00f6netimleri, teknoloji geli\u015ftiricileri, denizcilik sekt\u00f6r\u00fc yetkilileri, ilgili ara\u015ft\u0131rma kurumlar\u0131, akademisyenler ve liman \u00e7al\u0131\u015fanlar\u0131n\u0131n yer almas\u0131 beklenmektedir.<\/p><p>S\u00f6z konusu Forum, denizcilik sekt\u00f6r\u00fcn\u00fcn s\u0131f\u0131r veya d\u00fc\u015f\u00fck emisyona y\u00f6nelik de\u011fi\u015fimini h\u0131zland\u0131rmak amac\u0131yla inovasyonu te\u015fvik etmeyi ve \u00f6zellikle geli\u015fmekte olan K\u00fc\u00e7\u00fck Ada Devletlerinin (Small Island Developing States - SIDS) ve En Az Geli\u015fmi\u015f \u00dclkelerin ihtiya\u00e7lar\u0131 (Least Developed Countries - LDCs)\u00a0 g\u00f6z \u00f6n\u00fcnde bulundurularak, geli\u015fmekte olan \u00fclkeler i\u00e7in en uygun yenilik\u00e7i \u00e7\u00f6z\u00fcmleri desteklemeyi hedefleyen k\u00fcresel, b\u00f6lgesel ve ulusal bir dizi etkinli\u011fin ilki olacakt\u0131r.<\/p><p>Kay\u0131t i\u015flemleri ve sunum \u00e7a\u011fr\u0131s\u0131 da d\u00e2hil olmak \u00fczere Forum hakk\u0131nda detayl\u0131 bilgiye IMO web sayfas\u0131 \u00fczerinden eri\u015fim sa\u011flanabilecektir.<\/p><p>S\u00f6z konusu forumun d\u00fczenlenmesi i\u00e7in haz\u0131rlanan anla\u015fma, IMO ve UNEP aras\u0131nda 13 Kas\u0131m 2020 tarihinde imzalanm\u0131\u015ft\u0131r.<\/p><div class=\"fw-divider-space space-sm\"  ><\/div><div class=\"fw-single-image \" >\r\n\t    <img decoding=\"async\" src=\"\/\/shortsea.org.tr\/wp-content\/uploads\/2020\/12\/2.jpg\" class=\"img-responsive\" style='height: autopx' alt=\"\"  \/>\r\n\t<\/div><div class=\"fw-divider-space space-sm\"  ><\/div><p><strong>IMO Komitesi, sera gaz\u0131 emisyonlar\u0131n\u0131n azalt\u0131lmas\u0131 tedbirlerine y\u00f6nelik \u00f6nemli g\u00f6r\u00fc\u015fmeler ger\u00e7ekle\u015ftirdi.<\/strong><\/p><p>Gemilerden kaynaklanan sera gaz\u0131 (Green House Gas - GHG) emisyonlar\u0131n\u0131 daha da azaltmak i\u00e7in al\u0131nmas\u0131 gereken tedbirler Uluslararas\u0131 Denizcilik \u00d6rg\u00fct\u00fc\u2019n\u00fcn Deniz \u00c7evresini Koruma Komitesi (Marine Environment Protection Committee-IMO MEPC) taraf\u0131ndan 16-20 Kas\u0131m tarihlerinde d\u00fczenlenen sanal bir toplant\u0131da ele al\u0131nm\u0131\u015ft\u0131r.<\/p><p>Deniz \u00c7evresini Koruma Komitesi\u2019nden (MEPC) \u00f6ncelikle, Enerji Verimlili\u011fi Tasar\u0131m \u0130ndeksi\u2019nin (Energy Efficiency Design Index - EEDI) \u201c3.Safha\u201d gereksinimlerini kayda de\u011fer bir \u015fekilde g\u00fc\u00e7lendirmek i\u00e7in Gemilerden Kaynaklanan Kirlili\u011fi \u00d6nleme Uluslararas\u0131 S\u00f6zle\u015fmesi\u2019ne (International Convention for the Prevention of Pollution from Ships - MARPOL) ili\u015fkin de\u011fi\u015fiklikleri uygulamaya koymas\u0131 beklenmektedir. B\u00f6ylece, bu de\u011fi\u015fikliklerin uygulanmas\u0131yla 2022 y\u0131l\u0131ndan itibaren in\u015fa edilecek yeni gemilerin \u00e7ok daha fazla enerji verimli olmas\u0131 zorunlu olacakt\u0131r. S\u00f6z konusu de\u011fi\u015fiklikler, Komite\u2019nin 2019 May\u0131s ay\u0131nda ger\u00e7ekle\u015ftirilen bir \u00f6nceki oturumunda kabul edilmi\u015ftir.<\/p><p>Toplant\u0131da ayr\u0131ca Deniz \u00c7evresini Koruma Komitesi (MEPC) deniz ta\u015f\u0131mac\u0131l\u0131\u011f\u0131n\u0131n karbon yo\u011funlu\u011funu azaltmaya y\u00f6nelik k\u0131sa vadeli MARPOL tedbirlerine ili\u015fkin teklif edilen taslak de\u011fi\u015fikliklerini de g\u00f6r\u00fc\u015fm\u00fc\u015ft\u00fcr. S\u00f6z konusu toplant\u0131n\u0131n amac\u0131, mevcut gemilere de uygulanabilecek enerji verimlili\u011fine ili\u015fkin daha fazla standart belirlemektir. Bunun i\u00e7in iki tedbir ortaya konmu\u015ftur:\u00a0 t\u00fcm gemiler i\u00e7in yeni bir Enerji Verimlili\u011fi Mevcut Gemi Endeksi (Energy Efficiency Existing Ship Index - EEXI) ve 5.000 ve \u00fczeri gros tona sahip gemilere uygulanabilecek olan y\u0131ll\u0131k operasyonel karbon yo\u011funlu\u011fu g\u00f6stergesi (annual operational carbon intensity indicator - CII) ve bu g\u00f6stergenin derecelendirmesidir.<\/p><p>Bahse konu de\u011fi\u015fiklikler, IMO\u2019nun Gemilerden Kaynaklanan Sera Gaz\u0131 Emisyonlar\u0131n\u0131n Azalt\u0131lmas\u0131na Y\u00f6nelik 7. Oturumlar aras\u0131 \u00c7al\u0131\u015fma Grubu (Intersessional Working Group on Reduction of GHG Emissions from Ships - ISWG-GHG 7) taraf\u0131ndan Ekim ay\u0131nda kabul edilmi\u015ftir. Komite\u2019nin an\u0131lan oturumunda s\u00f6z konusu de\u011fi\u015fikliklerin uygulanmas\u0131 kabul g\u00f6rd\u00fc\u011f\u00fc takdirde, Haziran 2021 y\u0131l\u0131nda ger\u00e7ekle\u015ftirilmesi planlanan bir sonraki MEPC 76 oturumunda kanunla\u015fmas\u0131 i\u00e7in g\u00fcndeme getirilecektir. MARPOL anla\u015fmas\u0131, taslak de\u011fi\u015fikliklerin kanunla\u015fmadan en az 6 ay \u00f6nce bildirilmesini gerekli k\u0131lmaktad\u0131r ve s\u00f6z konusu taslak de\u011fi\u015fiklikler kabul edildikten sonra en erken 16 ay sonra y\u00fcr\u00fcrl\u00fc\u011fe girebilir.<\/p><p>S\u00f6z konusu toplant\u0131n\u0131n a\u00e7\u0131l\u0131\u015f\u0131n\u0131 yapan IMO Genel Sekreteri Say\u0131n Kitack LIM, gerekli anla\u015fmalar\u0131n yap\u0131labilmesi amac\u0131yla temsilcilere bir araya gelmeleri i\u00e7in \u00e7a\u011fr\u0131da bulunarak; \u201c<em>IMO\u2019nun somut tedbirler alarak Sera Gaz\u0131 Ba\u015flang\u0131\u00e7 Stratejisini devam ettirmesi \u00e7ok \u00f6nemlidir. Bu sayede Sera Gaz\u0131 Ba\u015flang\u0131\u00e7 Stratejisinde ortaya konan kararl\u0131l\u0131k derecesi korunarak k\u00fcresel \u00e7apta uyumlu bir d\u00fczenleyici \u00e7er\u00e7eve sa\u011flanm\u0131\u015f olacakt\u0131r\u201d<\/em> s\u00f6zleriyle konunun \u00f6nemine de\u011finmi\u015ftir. Deniz ta\u015f\u0131mac\u0131l\u0131\u011f\u0131 emisyonlar\u0131n\u0131 azaltmaya y\u00f6nelik hedefleri i\u00e7eren ilk strateji 2018 y\u0131l\u0131nda kabul edilmi\u015ftir.<\/p><p>IMO Genel Sekreteri ayr\u0131ca Komiteyi sekt\u00f6r kurulu\u015flar\u0131n\u0131 Uluslararas\u0131 Denizcilik Ara\u015ft\u0131rma ve Geli\u015ftirme Kurulu kurmaya ve buna ili\u015fkin bir Fon olu\u015fturmaya y\u00f6nelik \u00f6nerisini ele almaya te\u015fvik etmi\u015ftir. S\u00f6z konusu \u00f6neri, temiz yak\u0131t ve s\u0131f\u0131r karbon teknolojileri konusunda daha fazla ara\u015ft\u0131rmay\u0131 ve geli\u015ftirmeyi destekleyen ve kolayla\u015ft\u0131ran \u00f6nemli bir ad\u0131m olabilir. Say\u0131n KIM, \u201c<em>IMO, uluslararas\u0131 denizcilik sekt\u00f6r\u00fcn\u00fcn karbonsuzla\u015fmaya ge\u00e7i\u015f s\u00fcrecinde hi\u00e7bir \u00fclkenin geride kalmad\u0131\u011f\u0131ndan emin olmal\u0131d\u0131r<\/em>.\u201d diye eklemi\u015ftir.<\/p><p>MEPC\u2019nin 75\u2019inci oturumunda ayr\u0131ca,\u00a0 Balast Suyu Y\u00f6netimi sistemlerinin devreye al\u0131nma testleri ve Uluslararas\u0131 Balast Suyu Y\u00f6netimi Sertifikasyonu formu ile ilgili olarak Balast Suyu Y\u00f6netimi Anla\u015fmas\u0131\u2019na (Ballast Water Management Convention - BWM) taslak de\u011fi\u015fiklikler yap\u0131lmas\u0131 da beklenmektedir.<\/p><p>S\u00f6z konusu Komite ayr\u0131ca, 1 Temmuz 2024 tarihinde ve sonras\u0131nda Arktik sular\u0131ndaki gemiler taraf\u0131ndan a\u011f\u0131r yak\u0131tlar\u0131n (HFO) kullan\u0131m\u0131na ve ta\u015f\u0131nmas\u0131na ili\u015fkin yasa\u011f\u0131 hayata ge\u00e7irmek i\u00e7in MARPOL'e yap\u0131lacak taslak de\u011fi\u015fiklikleri de\u011ferlendirmi\u015ftir. Kabul\u00fc halinde s\u00f6z konusu taslak de\u011fi\u015fiklikler 2021 y\u0131l\u0131nda d\u00fczenlenecek olan bir MEPC oturumunda yay\u0131nlanacakt\u0131r.<\/p><p>MEPC, okyanuslarda ve havada gemilerden kaynaklanan kirlili\u011fin \u00f6nlenmesi ve kontrol alt\u0131na al\u0131nmas\u0131 da dahil olmak \u00fczere IMO\u2019nun g\u00f6rev alan\u0131 kapsam\u0131ndaki \u00e7evre sorunlar\u0131n\u0131 ele alan karar alma organ\u0131d\u0131r.<\/p><p>S\u00f6z konusu toplant\u0131ya Japonya\u2019dan Say\u0131n Hideaki SAITO ba\u015fkanl\u0131k etmi\u015ftir.<\/p><div class=\"fw-divider-space space-sm\"  ><\/div><div class=\"fw-single-image \" >\r\n\t    <img decoding=\"async\" src=\"\/\/shortsea.org.tr\/wp-content\/uploads\/2020\/12\/3.jpg\" class=\"img-responsive\" style='height: autopx' alt=\"\"  \/>\r\n\t<\/div><div class=\"fw-divider-space space-sm\"  ><\/div><p><strong>Deniz Kazalar\u0131 Soru\u015fturma Raporlamas\u0131n\u0131 Geli\u015ftirmek i\u00e7in E\u011fitim. <\/strong><\/p><p>Yeni bir e\u011fitmen e\u011fitimi kursu, deniz kazalar\u0131 soru\u015fturmalar\u0131n\u0131n eksik raporlanmas\u0131na y\u00f6nelik sorunlar\u0131 ele almak i\u00e7in 3-26 Kas\u0131m 2020 tarihleri aras\u0131nda ger\u00e7ekle\u015ftirilmi\u015ftir. S\u00f6z konusu kapsay\u0131c\u0131 \u00e7evrimi\u00e7i kursa, vakalar\u0131 ele almak i\u00e7in kapasite art\u0131rmak ve b\u00f6ylece zorunlu Deniz Kazalar\u0131 Soru\u015fturma Kodu uyar\u0131nca deniz kazalar\u0131n\u0131n raporlanmas\u0131 oran\u0131n\u0131 art\u0131rmak amac\u0131yla Asya ve Pasifik b\u00f6lgesinde yer alan Brunei, Kambo\u00e7ya, Hong Kong, \u00c7in, Endonezya, Malezya, Myanmar, Mo\u011folistan, Filipinler, Kore Cumhuriyeti, Singapur, Tayland ve Vietnam \u00fclkelerinden Uluslararas\u0131 Denizcilik \u00d6rg\u00fct\u00fc (International Maritime Organization-IMO) \u00fcyesi 13 kat\u0131l\u0131mc\u0131 i\u015ftirak etmi\u015ftir.<\/p><p>Kat\u0131l\u0131mc\u0131lar, sekiz b\u00f6l\u00fcmden olu\u015fan s\u00f6z konusu kurs kapsam\u0131nda bir soru\u015fturman\u0131n nas\u0131l ba\u015flat\u0131laca\u011f\u0131, zorunlu standartlar, riskin tan\u0131mlanmas\u0131, konuya ili\u015fkin teoriler, raporlar\u0131n nas\u0131l yap\u0131land\u0131r\u0131laca\u011f\u0131 gibi bir\u00e7ok konuyu i\u00e7eren bir e\u011fitim alm\u0131\u015flard\u0131r.<\/p><ul><li>Deniz Kazas\u0131 Nedir ?<\/li><li>Uluslararas\u0131 Emniyet Y\u00f6netim Kodunu &amp; Riskini Anlamak<\/li><li>Deniz Kazas\u0131n\u0131n Soru\u015fturmas\u0131 &amp; Analizi<\/li><li>E\u011fitimin nas\u0131l olaca\u011f\u0131na y\u00f6nelik pedagojik g\u00f6r\u00fc\u015f<\/li><li>Kan\u0131t<\/li><li>Be\u015feri Unsurlar<\/li><li>\u00dclkelerin sorumluluklar\u0131<\/li><li>Raporlama<\/li><\/ul><p>S\u00f6z konusu pilot kurs, D\u00fcnya Denizcilik \u00dcniversitesi (World Maritime University-WMU) i\u015fbirli\u011finde, Deniz Kaza Ara\u015ft\u0131rmac\u0131lar\u0131 Uluslararas\u0131 Forumu (Marine Accident Investigators' International Forum - MAIIF) ortakl\u0131\u011f\u0131nda IMO taraf\u0131ndan d\u00fczenlenmi\u015f olup, raporlanan deniz kazalar\u0131n\u0131n ve vakalar\u0131n\u0131n raporlanma oran\u0131n\u0131 art\u0131rmaya y\u00f6nelik bir giri\u015fim program\u0131n\u0131n par\u00e7as\u0131d\u0131r.<\/p><div class=\"fw-divider-space space-sm\"  ><\/div><div class=\"fw-single-image \" >\r\n\t    <img decoding=\"async\" src=\"\/\/shortsea.org.tr\/wp-content\/uploads\/2020\/12\/4.jpg\" class=\"img-responsive\" style='height: autopx' alt=\"\"  \/>\r\n\t<\/div><div class=\"fw-divider-space space-sm\"  ><\/div><p><strong>S\u0131f\u0131r emisyonlu deniz ta\u015f\u0131mac\u0131l\u0131\u011f\u0131 yar\u0131\u015f\u0131n\u0131 h\u0131zland\u0131rmak.<\/strong><\/p><p>COVID-19 salg\u0131n\u0131 sonras\u0131 toparlanma s\u00fcreci, toplumlar\u0131n iklim taahh\u00fctleri ile uyumlu \u015fekilde yeniden in\u015fa s\u00fcrecinde yeni bir b\u00fcy\u00fcmeyi ve inovasyon g\u00fcndemini gerekli k\u0131lacakt\u0131r. Bu sorunu ele almak i\u00e7in, \u201cS\u0131f\u0131r Yar\u0131\u015f\u0131 (Race to Zero)\u201d serisi diyaloglar\u0131, daha b\u00fcy\u00fck iklim ad\u0131mlar\u0131n\u0131 te\u015fvik etmek i\u00e7in t\u00fcm sekt\u00f6r \u00e7ap\u0131nda ger\u00e7ekle\u015ftirilmi\u015ftir. IMO Genel Sekreteri Kitack LIM, serilerin deniz ta\u015f\u0131mac\u0131l\u0131\u011f\u0131 b\u00f6l\u00fcm\u00fcn\u00fcn a\u00e7\u0131l\u0131\u015f\u0131n\u0131 yapt\u0131\u011f\u0131 konu\u015fmas\u0131nda IMO\u2019nun Sera Gaz\u0131 Stratejisi\u2019nin (GHG Strategy) deniz ta\u015f\u0131mac\u0131l\u0131\u011f\u0131nda s\u0131f\u0131r emisyonu desteklemek amac\u0131yla gemilerin, yak\u0131tlar\u0131n ve t\u00fcm di\u011fer gerekli altyap\u0131n\u0131n geli\u015ftirilmesinin tam zaman\u0131 oldu\u011funa i\u015faret etti\u011fini vurgulam\u0131\u015ft\u0131r.<\/p><p>D\u00fcnya Ekonomik Forumu (World Economic Forum) taraf\u0131ndan 11 Kas\u0131m 2020 tarihinde d\u00fczenlenen \u201cDeniz Ta\u015f\u0131mac\u0131l\u0131\u011f\u0131nda S\u0131f\u0131r Emisyon Yar\u0131\u015f\u0131n\u0131n H\u0131zland\u0131r\u0131lmas\u0131\u201d oturumu s\u0131ras\u0131nda, 2050 y\u0131l\u0131na kadar deniz ta\u015f\u0131mac\u0131l\u0131\u011f\u0131nda s\u0131f\u0131r emisyona ba\u015far\u0131l\u0131 bir ge\u00e7i\u015fin sa\u011flanmas\u0131nda \u00f6n\u00fcm\u00fczdeki be\u015f y\u0131l\u0131n hayati bir \u00f6neme sahip olaca\u011f\u0131n\u0131n alt\u0131 \u00e7izilmi\u015ftir.<\/p><div class=\"fw-divider-space space-sm\"  ><\/div>        <\/div>\r\n    <\/div>\r\n<\/div><\/div>\n\n<div class=\"fw-row\">\n\t\r\n\r\n\r\n<div id=\"column-69e0943b9ab04\" class=\"none  fw-col-md-12      wow \" data-wow-offset=\"120\" data-wow-duration=\"1.5s\" style=\"  \">\r\n        <div class=\"fw-main-row\"  style=\"\">\r\n        <div class=\"fw-col-inner\">\r\n            <div class=\"fw-single-image \" >\r\n\t    <img decoding=\"async\" src=\"\/\/shortsea.org.tr\/wp-content\/uploads\/2020\/12\/5.jpg\" class=\"img-responsive\" style='height: autopx' alt=\"\"  \/>\r\n\t<\/div>        <\/div>\r\n    <\/div>\r\n<\/div><\/div>\n\n<div class=\"fw-row\">\n\t\r\n\r\n\r\n<div id=\"column-69e0943b9b264\" class=\"none  fw-col-md-12      wow \" data-wow-offset=\"120\" data-wow-duration=\"1.5s\" style=\"  \">\r\n        <div class=\"fw-main-row\"  style=\"\">\r\n        <div class=\"fw-col-inner\">\r\n            <div class=\"fw-divider-space space-sm\"  ><\/div>        <\/div>\r\n    <\/div>\r\n<\/div><\/div>\n\n<div class=\"fw-row\">\n\t\r\n\r\n\r\n<div id=\"column-69e0943b9b8aa\" class=\"none  fw-col-md-12      wow \" data-wow-offset=\"120\" data-wow-duration=\"1.5s\" style=\"  \">\r\n        <div class=\"fw-main-row\"  style=\"\">\r\n        <div class=\"fw-col-inner\">\r\n            <p><strong>Gemi Personellerinin Asya\u2019da Kar\u015f\u0131la\u015ft\u0131\u011f\u0131 Sorunlar Ele Al\u0131nd\u0131.<\/strong><\/p><p>IMO, en iyi uygulamalar\u0131 belirlemek ve deniz ta\u015f\u0131mac\u0131l\u0131\u011f\u0131 sekt\u00f6r\u00fcn\u00fc ve gemi \u00e7al\u0131\u015fanlar\u0131n\u0131 etkileyen mevcut krizi hafifletmek i\u00e7in b\u00f6lgesel etkinlikler dizisinin sonuncusunu d\u00fczenlemi\u015ftir. Asya b\u00f6lgesel webinar\u0131, denizcilik idareleri, h\u00fck\u00fcmetler, Birle\u015fmi\u015f Milletler (United Nations-UN) ve uluslararas\u0131 denizcilik \u00f6rg\u00fctlerinden 13 konu\u015fmac\u0131 ile 4-5 Kas\u0131m 2020 tarihleri aras\u0131nda ge\u00e7ekle\u015ftirilmi\u015ftir.<\/p><p>Webinar konu\u015fmac\u0131lar\u0131 seyahat, karantina tedbirleri, t\u0131bbi k\u0131lavuz, dijital sertifikasyon, e-\u00f6\u011frenme kurslar\u0131 gibi konulara ilaveten bir dizi kilit soruna ili\u015fkin de bilgi vermi\u015flerdir. BM ortaklar\u0131, seyahat ile ilgili rehberlere, IMO Denizcilik Komitesi\u2019nde de\u011ferlendirilen tedbirler de dahil olmak \u00fczere IMO\u2019nun atmakta oldu\u011fu ad\u0131mlara ve gemi insanlar\u0131n\u0131 etkilemekte olan mevcut duruma ili\u015fkin g\u00fcncellemeleri payla\u015fm\u0131\u015flard\u0131r. Yerel, b\u00f6lgesel ve ulusal t\u00fcm d\u00fczeylerde i\u015fbirli\u011fine duyulan ihtiya\u00e7 s\u0131k s\u0131k dile getirilmi\u015ftir.<\/p><p>IMO Genel Sekreteri Kitack LIM a\u00e7\u0131l\u0131\u015f konu\u015fmas\u0131nda, gemi personeli de\u011fi\u015fimlerini kolayla\u015ft\u0131rmaya y\u00f6nelik birlikte \u00e7al\u0131\u015fma konusunda t\u00fcm payda\u015flara tekrar \u00e7a\u011fr\u0131da bulunarak bu webinar serisinin pratik \u00e7\u00f6z\u00fcmleri belirlemek i\u00e7in hayati \u00f6nem ta\u015f\u0131d\u0131\u011f\u0131n\u0131 yinelemi\u015ftir.<\/p><p>Serideki bir sonraki webinar, Bat\u0131 Asya\/ Do\u011fu Avrupa i\u00e7in 13 Kas\u0131m 2020 tarihinde ger\u00e7ekle\u015ftirilmi\u015ftir. (S\u00f6z konusu webinara ili\u015fkin detayl\u0131 bilgiye <a href=\"https:\/\/www.imo.org\/en\/MediaCentre\/SecretaryGeneral\/Pages\/World-Economic-Forum---Transport-Day-of-the-Race-to-Zero-Dialogues.aspx\">buradan<\/a> ula\u015fabilir.)<\/p>        <\/div>\r\n    <\/div>\r\n<\/div><\/div>\n\n<div class=\"fw-row\">\n\t\r\n\r\n\r\n<div id=\"column-69e0943b9bd9b\" class=\"none  fw-col-md-12      wow \" data-wow-offset=\"120\" data-wow-duration=\"1.5s\" style=\"  \">\r\n        <div class=\"fw-main-row\"  style=\"\">\r\n        <div class=\"fw-col-inner\">\r\n            <div class=\"fw-divider-space space-sm\"  ><\/div>        <\/div>\r\n    <\/div>\r\n<\/div><\/div>\n\n<div class=\"fw-row\">\n\t\r\n\r\n\r\n<div id=\"column-69e0943b9c1ed\" class=\"none  fw-col-md-12      wow \" data-wow-offset=\"120\" data-wow-duration=\"1.5s\" style=\"  \">\r\n        <div class=\"fw-main-row\"  style=\"\">\r\n        <div class=\"fw-col-inner\">\r\n            <div class=\"fw-single-image \" >\r\n\t    <img decoding=\"async\" src=\"\/\/shortsea.org.tr\/wp-content\/uploads\/2020\/12\/6.jpg\" class=\"img-responsive\" style='height: autopx' alt=\"\"  \/>\r\n\t<\/div>        <\/div>\r\n    <\/div>\r\n<\/div><\/div>\n\n<div class=\"fw-row\">\n\t\r\n\r\n\r\n<div id=\"column-69e0943b9c655\" class=\"none  fw-col-md-12      wow \" data-wow-offset=\"120\" data-wow-duration=\"1.5s\" style=\"  \">\r\n        <div class=\"fw-main-row\"  style=\"\">\r\n        <div class=\"fw-col-inner\">\r\n            <div class=\"fw-divider-space space-sm\"  ><\/div>        <\/div>\r\n    <\/div>\r\n<\/div><\/div>\n\n<div class=\"fw-row\">\n\t\r\n\r\n\r\n<div id=\"column-69e0943b9ca7b\" class=\"none  fw-col-md-12      wow \" data-wow-offset=\"120\" data-wow-duration=\"1.5s\" style=\"  \">\r\n        <div class=\"fw-main-row\"  style=\"\">\r\n        <div class=\"fw-col-inner\">\r\n            <p><strong>Kruvaziyer gemi faaliyetlerinin emniyetli bir \u015fekilde yeniden ba\u015flamas\u0131n\u0131n desteklenmesi.<\/strong><\/p><p>Uluslararas\u0131 Denizcilik \u00d6rg\u00fct\u00fc (International Maritime Organization - IMO) ve Birle\u015fmi\u015f Milletler D\u00fcnya Turizm \u00d6rg\u00fct\u00fc (United Nations World Tourism Organization - UNWTO), kruvaziyer gemi faaliyetlerinin emniyetli bir \u015fekilde yeniden ba\u015flamas\u0131n\u0131 sa\u011flamak amac\u0131yla h\u00fck\u00fcmetleri ve kruvaziyer sekt\u00f6r\u00fcn\u00fc destek sunmaya te\u015fvik etmektedir.<\/p><p>IMO ve UNWTO taraf\u0131ndan 5 Kas\u0131m 2020 tarihinde yay\u0131mlanan ortak a\u00e7\u0131klamada, kruvaziyer sekt\u00f6r\u00fcn\u00fcn d\u00fcnya ekonomisi i\u00e7in \u00f6neminin alt\u0131 \u00e7izilmi\u015ftir. S\u00f6z konusu sekt\u00f6r\u00fcn verilerine g\u00f6re, kruvaziyer sekt\u00f6r\u00fc her y\u0131l 1.2 milyon istihdam alan\u0131 yaratmakta ve k\u00fcresel ekonomiye 150 milyar Amerikan Dolar\u0131 katk\u0131 sa\u011flamaktad\u0131r. Milyonlarca insana ge\u00e7im kayna\u011f\u0131 sa\u011flayan ve kayda de\u011fer sosyo-ekonomik yararlar getiren turizm sekt\u00f6r\u00fc, k\u00fc\u00e7\u00fck ada devletleri i\u00e7in son derece \u00f6nem ta\u015f\u0131maktad\u0131r.<\/p><p>Ayr\u0131ca s\u00f6z konusu iki BM kurumu, yolcular\u0131n ve gemi personelinin emniyetinin, g\u00fcvenli\u011finin ve refah\u0131n\u0131n yan\u0131 s\u0131ra kruvaziyer gemilerin varaca\u011f\u0131 liman devletlerindeki halk\u0131n sa\u011fl\u0131\u011f\u0131n\u0131 da korumak i\u00e7in sekt\u00f6r\u00fcn, \u00fclkelerin ve uluslararas\u0131 \u00f6rg\u00fctlerin sa\u011flad\u0131\u011f\u0131 katk\u0131lar\u0131n fark\u0131ndad\u0131r. D\u00fcnya genelinde COVID-19 salg\u0131n\u0131 nedeniyle kruvaziyer faaliyetlerinin ask\u0131ya al\u0131nmas\u0131ndan bu yana denizcilik sekt\u00f6r\u00fc, halk\u0131n, gemi personelinin ve yolcular\u0131n sa\u011fl\u0131\u011f\u0131n\u0131n korunmas\u0131nda ilerleme sa\u011flamaya y\u00f6nelik yollar\u0131 belirleyen protokolleri g\u00f6zden ge\u00e7irmekte ve geli\u015ftirmektir.<\/p><p>S\u00f6z konusu ortak a\u00e7\u0131klama, h\u00fck\u00fcmetleri COVID-19 salg\u0131n\u0131 sonras\u0131 sekt\u00f6r\u00fcn g\u00fcvenli ko\u015fullarda toparlanmas\u0131n\u0131 kolayla\u015ft\u0131rmak amac\u0131yla Uluslararas\u0131 Kruvaziyer \u015eirketleri Birli\u011fi (Cruise Lines International Association \u2013 CLIA) ile birlikte Birle\u015fik Krall\u0131k Deniz Ticaret Odas\u0131 taraf\u0131ndan operasyon, yolcu ve gemi personelini kapsayan \u00fc\u00e7 \u00e7er\u00e7eve dok\u00fcman\u0131n yan\u0131 s\u0131ra Avrupa Birli\u011fi\u2019ndeki (European Union-EU)\u00a0 kruvaziyer gemilerinin faaliyetlerinin kademeli olarak ve emniyetli bir \u015fekilde yeniden ba\u015flat\u0131lmas\u0131 konusundaki rehberin kullan\u0131lmas\u0131 i\u00e7in te\u015fvik etmektedir.<\/p><p>IMO ve UNWTO, kruvaziyer gemi faaliyetlerinin yeniden ba\u015flat\u0131lmas\u0131n\u0131n ayr\u0131ca, yolcu gemileri otomatik ortak yard\u0131mla\u015fma gemi kurtarmaya (AMVER) kat\u0131ld\u0131\u011f\u0131 ve denizde tehlike ya\u015fayan gemilere yard\u0131m etmeleri i\u00e7in Kurtarma \u0130\u015fbirli\u011fi Merkezi taraf\u0131ndan s\u0131k\u00e7a \u00e7a\u011fr\u0131ld\u0131\u011f\u0131 i\u00e7in denizcilik sekt\u00f6r\u00fcne daha geni\u015f \u00e7apta faydalar sa\u011flayaca\u011f\u0131n\u0131n alt\u0131n\u0131 \u00e7izmektedir.<\/p><p>IMO ve UNWTO, t\u00fcm gemi personelinin ve di\u011fer deniz sekt\u00f6r\u00fc \u00e7al\u0131\u015fanlar\u0131n\u0131n kilit \u00e7al\u0131\u015fan olarak belirlenmesi ve m\u00fcrettebat de\u011fi\u015fimindeki t\u00fcm engellerin ortadan kald\u0131r\u0131lmas\u0131 i\u00e7in h\u00fck\u00fcmetlere y\u00f6nelik \u00e7a\u011fr\u0131lar\u0131n\u0131 yenilemektedir.<\/p><p>Haz\u0131rlayan ve \u0130ngilizceden terc\u00fcme eden : \u0130rem SELEN, \u0130MEAK Deniz Ticaret Odas\u0131, D\u0131\u015f \u0130li\u015fkiler Sorumlusu<\/p>        <\/div>\r\n    <\/div>\r\n<\/div><\/div>\n\n<div class=\"fw-row\">\n\t\r\n\r\n\r\n<div id=\"column-69e0943b9cecf\" class=\"none  fw-col-md-12      wow \" data-wow-offset=\"120\" data-wow-duration=\"1.5s\" style=\"  \">\r\n        <div class=\"fw-main-row\"  style=\"\">\r\n        <div class=\"fw-col-inner\">\r\n            <div class=\"fw-divider-space space-sm\"  ><\/div>        <\/div>\r\n    <\/div>\r\n<\/div><\/div>\n\n        <\/div>\r\n    <\/div>\r\n<\/section>\r\n\n","protected":false},"excerpt":{"rendered":"<p>KASIM 2020 IMO B\u00dcLTEN\u0130 IMO ve UNEP, 2021 Denizcilik S\u0131f\u0131r-D\u00fc\u015f\u00fck Karbon \u0130novasyon Forumu\u2019na ev sahipli\u011fi yapacak.Uluslararas\u0131 Denizcilik \u00d6rg\u00fct\u00fc (International Maritime Organization &#8211; IMO) ve Birle\u015fmi\u015f Milletler \u00c7evre Program\u0131 (United Nationas Environment Programme &#8211; UNEP) ortakl\u0131\u011f\u0131nda, ..<a href=\"https:\/\/shortsea.org.tr\/tr_tr\/kasim-2020-imo-bulteni\/\" class=\"btn btn-default readmore-btn\" >Read More<\/a><\/p>\n","protected":false},"author":1,"featured_media":0,"parent":0,"menu_order":0,"comment_status":"closed","ping_status":"closed","template":"template\/template-homepage_multi.php","meta":{"footnotes":""},"class_list":["post-10279","page","type-page","status-publish","hentry"],"_links":{"self":[{"href":"https:\/\/shortsea.org.tr\/tr_tr\/wp-json\/wp\/v2\/pages\/10279","targetHints":{"allow":["GET"]}}],"collection":[{"href":"https:\/\/shortsea.org.tr\/tr_tr\/wp-json\/wp\/v2\/pages"}],"about":[{"href":"https:\/\/shortsea.org.tr\/tr_tr\/wp-json\/wp\/v2\/types\/page"}],"author":[{"embeddable":true,"href":"https:\/\/shortsea.org.tr\/tr_tr\/wp-json\/wp\/v2\/users\/1"}],"replies":[{"embeddable":true,"href":"https:\/\/shortsea.org.tr\/tr_tr\/wp-json\/wp\/v2\/comments?post=10279"}],"version-history":[{"count":24,"href":"https:\/\/shortsea.org.tr\/tr_tr\/wp-json\/wp\/v2\/pages\/10279\/revisions"}],"predecessor-version":[{"id":10316,"href":"https:\/\/shortsea.org.tr\/tr_tr\/wp-json\/wp\/v2\/pages\/10279\/revisions\/10316"}],"wp:attachment":[{"href":"https:\/\/shortsea.org.tr\/tr_tr\/wp-json\/wp\/v2\/media?parent=10279"}],"curies":[{"name":"wp","href":"https:\/\/api.w.org\/{rel}","templated":true}]}}