{"id":10391,"date":"2021-03-10T15:48:45","date_gmt":"2021-03-10T12:48:45","guid":{"rendered":"http:\/\/shortsea.org.tr\/?page_id=10391"},"modified":"2021-03-10T15:48:45","modified_gmt":"2021-03-10T12:48:45","slug":"2020-deniz-haydutlugu-pasta-grafigi","status":"publish","type":"page","link":"https:\/\/shortsea.org.tr\/tr_tr\/2020-deniz-haydutlugu-pasta-grafigi\/","title":{"rendered":"2020 DEN\u0130Z HAYDUTLU\u011eU PASTA GRAF\u0130\u011e\u0130"},"content":{"rendered":"<div class=\"vc_row wpb_row vc_row-fluid\"><div class=\"wpb_column vc_column_container vc_col-sm-12\"><div class=\"vc_column-inner\"><div class=\"wpb_wrapper\"><\/div><\/div><\/div><\/div><div class=\"vc_row wpb_row vc_row-fluid\"><div class=\"wpb_column vc_column_container vc_col-sm-12\"><div class=\"vc_column-inner\"><div class=\"wpb_wrapper\">\n<div class=\"vc_chart vc_round-chart wpb_content_element\" data-vc-legend=\"1\" data-vc-tooltips=\"1\" data-vc-animation=\"easeInOutCubic\" data-vc-stroke-color=\"#ffffff\" data-vc-stroke-width=\"2\" data-vc-type=\"pie\" data-vc-values=\"[{&quot;value&quot;:35,&quot;color&quot;:&quot;#f4524d&quot;,&quot;highlight&quot;:&quot;#f23630&quot;,&quot;label&quot;:&quot;N\\u0130JERYA&quot;},{&quot;value&quot;:26,&quot;color&quot;:&quot;#5472d2&quot;,&quot;highlight&quot;:&quot;#3c5ecc&quot;,&quot;label&quot;:&quot;ENDONEZYA&quot;},{&quot;value&quot;:23,&quot;color&quot;:&quot;#f7be68&quot;,&quot;highlight&quot;:&quot;#f5b14b&quot;,&quot;label&quot;:&quot;S\\u0130NGAPUR BO\\u011eAZI&quot;},{&quot;value&quot;:11,&quot;color&quot;:&quot;#6dab3c&quot;,&quot;highlight&quot;:&quot;#5f9434&quot;,&quot;label&quot;:&quot;BENIN&quot;}]\">\n\t\n\t<div class=\"wpb_wrapper\">\n\t\t<div class=\"vc_chart-with-legend\"><canvas class=\"vc_round-chart-canvas\" width=\"1\" height=\"1\"><\/canvas><\/div><ul class=\"vc_chart-legend\"><li><span style=\"background-color:#f4524d\"><\/span>N\u0130JERYA<\/li><li><span style=\"background-color:#5472d2\"><\/span>ENDONEZYA<\/li><li><span style=\"background-color:#f7be68\"><\/span>S\u0130NGAPUR BO\u011eAZI<\/li><li><span style=\"background-color:#6dab3c\"><\/span>BENIN<\/li><\/ul>\n\t<\/div>\n<\/div>\n<\/div><\/div><\/div><\/div>\n","protected":false},"excerpt":{"rendered":"<p>N\u0130JERYAENDONEZYAS\u0130NGAPUR BO\u011eAZIBENIN<\/p>\n","protected":false},"author":1,"featured_media":0,"parent":0,"menu_order":0,"comment_status":"closed","ping_status":"closed","template":"","meta":{"footnotes":""},"class_list":["post-10391","page","type-page","status-publish","hentry"],"_links":{"self":[{"href":"https:\/\/shortsea.org.tr\/tr_tr\/wp-json\/wp\/v2\/pages\/10391","targetHints":{"allow":["GET"]}}],"collection":[{"href":"https:\/\/shortsea.org.tr\/tr_tr\/wp-json\/wp\/v2\/pages"}],"about":[{"href":"https:\/\/shortsea.org.tr\/tr_tr\/wp-json\/wp\/v2\/types\/page"}],"author":[{"embeddable":true,"href":"https:\/\/shortsea.org.tr\/tr_tr\/wp-json\/wp\/v2\/users\/1"}],"replies":[{"embeddable":true,"href":"https:\/\/shortsea.org.tr\/tr_tr\/wp-json\/wp\/v2\/comments?post=10391"}],"version-history":[{"count":1,"href":"https:\/\/shortsea.org.tr\/tr_tr\/wp-json\/wp\/v2\/pages\/10391\/revisions"}],"predecessor-version":[{"id":10393,"href":"https:\/\/shortsea.org.tr\/tr_tr\/wp-json\/wp\/v2\/pages\/10391\/revisions\/10393"}],"wp:attachment":[{"href":"https:\/\/shortsea.org.tr\/tr_tr\/wp-json\/wp\/v2\/media?parent=10391"}],"curies":[{"name":"wp","href":"https:\/\/api.w.org\/{rel}","templated":true}]}}