{"id":2168,"date":"2019-01-09T17:02:26","date_gmt":"2019-01-09T14:02:26","guid":{"rendered":"http:\/\/shortsea.org.tr\/?page_id=2168"},"modified":"2021-09-20T15:09:39","modified_gmt":"2021-09-20T12:09:39","slug":"hizmet-saglayicilar","status":"publish","type":"page","link":"https:\/\/shortsea.org.tr\/tr_tr\/hizmet-saglayicilar\/","title":{"rendered":"H\u0130ZMET SA\u011eLAYICILAR"},"content":{"rendered":"<section  id=\"section-69e2b95850d89\" class=\"fw-main-row   auto \"  style=\"  \"  >\r\n    <div >\r\n        <div class=\"fw-container sections\">\r\n            <div class=\"fw-row\">\n\t\r\n\r\n\r\n<div id=\"column-69e2b9585132e\" class=\"none  fw-col-md-6      wow \" data-wow-offset=\"120\" data-wow-duration=\"1.5s\" style=\"  \">\r\n        <div class=\"fw-main-row\"  style=\"\">\r\n        <div class=\"fw-col-inner\">\r\n            <div class=\"fw-divider-space \" style=\"margin-bottom:200px;\" ><\/div>\r\n<div class=\"fw-heading head_title fw-heading-h4 fw-heading-center   wow fadeIn\" data-wow-offset=\"120\" data-wow-duration=\"1.5s\">\r\n        <div class=\"\"><h4 class='fw-special-title'  style='color: #09479f'>KONTEYNER TA\u015eIMACILI\u011eI F\u0130RMALARI<\/h4><\/div>\r\n\r\n    \r\n\r\n    \r\n            <div class=\"separator_wrap\"> <div class=\"separator\"><\/div><\/div>\r\n        \r\n\r\n<\/div><div class=\"fw-list list-icon list-bordered \">\r\n    <ul>\r\n                                                <li><i class=\"fa fa-ship\"><\/i>\r\n                    <a href=\"http:\/\/www.aclcargo.com\/\" target=\"_blank\">ATLANTIC CONTAINER LINE(ACS)<\/a>\r\n                                <\/li>\r\n                                                <li><i class=\"fa fa-ship\"><\/i>\r\n                    <a href=\"https:\/\/www.acolines.com\/\" target=\"_blank\">ADMIRAL CONTAINER LINE<\/a>\r\n                                <\/li>\r\n                                                <li><i class=\"fa fa-ship\"><\/i>\r\n                    <a href=\"http:\/\/www.amiralmaritime.com\/\" target=\"_blank\">AM\u0130RAL GEM\u0130 VE DEN\u0130Z ACENTEL\u0130\u011e\u0130 LTD.\u015eT\u0130.<\/a>\r\n                                <\/li>\r\n                                                <li><i class=\"fa fa-ship\"><\/i>\r\n                    <a href=\"http:\/\/www.apl.com\/\" target=\"_blank\">AMERICAN PRESIDENT LINE(APL)<\/a>\r\n                                <\/li>\r\n                                                <li><i class=\"fa fa-ship\"><\/i>\r\n                    <a href=\"http:\/\/www.makzume.com.tr\/main\/default.asp\" target=\"_blank\">ANTOINE MAKZUME INTERNATIOANAL TRANSPORT AND TRADING LTD. CO.<\/a>\r\n                                <\/li>\r\n                                                <li><i class=\"fa fa-ship\"><\/i>\r\n                    <a href=\"http:\/\/www.arkas.com.tr\/intro.html\" target=\"_blank\">ARKAS HOLD\u0130NG<\/a>\r\n                                <\/li>\r\n                                                <li><i class=\"fa fa-ship\"><\/i>\r\n                    <a href=\"http:\/\/www.avelojistik.com\/\" target=\"_blank\">AVE LOJ\u0130ST\u0130K VE ULUSLARARASI NAKL\u0130YE T\u0130CARET LTD.\u015eT\u0130.<\/a>\r\n                                <\/li>\r\n                                                <li><i class=\"fa fa-ship\"><\/i>\r\n                    <a href=\"http:\/\/www.cma-cgm.com\/\" target=\"_blank\">CMA CMG Group<\/a>\r\n                                <\/li>\r\n                                                <li><i class=\"fa fa-ship\"><\/i>\r\n                    <a href=\"https:\/\/www.hapag-lloyd.com\/en\/home.html\" target=\"_blank\">CSAV NORASIA<\/a>\r\n                                <\/li>\r\n                                                <li><i class=\"fa fa-ship\"><\/i>\r\n                    <a href=\"http:\/\/www.dardanosshipping.com\/index.html\" target=\"_blank\">DARDANOS SHIPPING & TRANSPORTATION<\/a>\r\n                                <\/li>\r\n                                                <li><i class=\"fa fa-ship\"><\/i>\r\n                    <a href=\"http:\/\/www.ekspreslojistik.com\/denizyolu-nakliyesi\" target=\"_blank\">EKSPRES ULUSLARARASI NAKL\u0130YE DEN\u0130ZC\u0130L\u0130K VE LOJ\u0130ST\u0130K H\u0130ZM.T\u0130C.LTD.\u015eT\u0130.<\/a>\r\n                                <\/li>\r\n                                                <li><i class=\"fa fa-ship\"><\/i>\r\n                    <a href=\"http:\/\/www.elkenz.com\/\" target=\"_blank\">EL KENZ DEN\u0130ZC\u0130L\u0130K NAKL\u0130YAT VE T\u0130CARET LTD.\u015eT\u0130.<\/a>\r\n                                <\/li>\r\n                                                <li><i class=\"fa fa-ship\"><\/i>\r\n                    <a href=\"http:\/\/www.entdenizcilik.com\/\" target=\"_blank\">ENT DEN\u0130ZC\u0130L\u0130K NAKL\u0130YAT KONTEYNER H\u0130ZMETLER\u0130 VE SU \u00dcR\u00dcNLER\u0130 T\u0130CARET LTD. \u015eT\u0130.<\/a>\r\n                                <\/li>\r\n                                                <li><i class=\"fa fa-ship\"><\/i>\r\n                    <a href=\"http:\/\/www.esalco.com\/\" target=\"_blank\">ESALCO LOJ\u0130ST\u0130K VE DI\u015e T\u0130CARET A.\u015e.<\/a>\r\n                                <\/li>\r\n                                                <li><i class=\"fa fa-ship\"><\/i>\r\n                    <a href=\"http:\/\/www.gokbil.com.tr\/\" target=\"_blank\">G\u00d6KB\u0130L NAKL\u0130YAT DEPOLAMA LOJ\u0130ST\u0130K SANAY\u0130 VE DI\u015e T\u0130CARET A.\u015e.<\/a>\r\n                                <\/li>\r\n                                                <li><i class=\"fa fa-ship\"><\/i>\r\n                    <a href=\"http:\/\/guvenlilojistik.com\/deniz-tasimaciligi\/\" target=\"_blank\">G\u00dcVENL\u0130 LOJ\u0130ST\u0130K VE NAKL\u0130YE T\u0130C.LTD.\u015eT\u0130.<\/a>\r\n                                <\/li>\r\n                                                <li><i class=\"fa fa-ship\"><\/i>\r\n                    <a href=\"http:\/\/www.ilkaydenizcilik.com\/\" target=\"_blank\">\u0130LKAY ULUSLARARASI TA\u015eIMACILIK DEN\u0130ZC\u0130L\u0130K VE KONTEYNER H\u0130Z.T\u0130C.A.\u015e.<\/a>\r\n                                <\/li>\r\n                                                <li><i class=\"fa fa-ship\"><\/i>\r\n                    <a href=\"http:\/\/www.italiamarittima.com\/\" target=\"_blank\">ITALIA MARITTIMA S.P.A.<\/a>\r\n                                <\/li>\r\n                                                <li><i class=\"fa fa-ship\"><\/i>\r\n                    <a href=\"http:\/\/www.jms.com.tr\/\" target=\"_blank\">JMS ULUSLARARASI TA\u015eIMACILIK VE DI\u015e T\u0130CARET LTD.\u015eT\u0130.<\/a>\r\n                                <\/li>\r\n                                                <li><i class=\"fa fa-ship\"><\/i>\r\n                    <a href=\"http:\/\/www.turkonholding.com\/\" target=\"_blank\">KA\u015e\u0130F DEN\u0130ZC\u0130L\u0130K A.\u015e.<\/a>\r\n                                <\/li>\r\n                                                <li><i class=\"fa fa-ship\"><\/i>\r\n                    <a href=\"http:\/\/www.kinaygroup.com\/\" target=\"_blank\">KINAY TA\u015eIMACILIK VE LOJ\u0130ST\u0130K A.\u015e.<\/a>\r\n                                <\/li>\r\n                                                <li><i class=\"fa fa-ship\"><\/i>\r\n                    <a href=\"http:\/\/www.kita.com.tr\/\" target=\"_blank\">KITA ULA\u015eTIRMA H\u0130ZMETLER\u0130 T\u0130CARET A.\u015e.<\/a>\r\n                                <\/li>\r\n                                                <li><i class=\"fa fa-ship\"><\/i>\r\n                    <a href=\"http:\/\/koralltransport.com\/\" target=\"_blank\">KORALL ULUSLARARASI TA\u015eIMACILIK VE DI\u015e T\u0130CARET LTD.\u015eT\u0130.<\/a>\r\n                                <\/li>\r\n                                                <li><i class=\"fa fa-ship\"><\/i>\r\n                    <a href=\"http:\/\/www.lam.com.tr\/\" target=\"_blank\">LAM KARA HAVA VE DEN\u0130Z TA\u015eIMACILIK A.\u015e.<\/a>\r\n                                <\/li>\r\n                                                <li><i class=\"fa fa-ship\"><\/i>\r\n                    <a href=\"http:\/\/limden.com.tr\/\" target=\"_blank\">L\u0130MDEN L\u0130MAN H\u0130ZMETLER\u0130 VE DEN\u0130ZC\u0130L\u0130K LTD.\u015eT\u0130.<\/a>\r\n                                <\/li>\r\n                                                <li><i class=\"fa fa-ship\"><\/i>\r\n                    <a href=\"http:\/\/linklogistics.com.tr\/\" target=\"_blank\">L\u0130NK DEN\u0130ZC\u0130L\u0130K VE TA\u015eIMACILIK T\u0130CARET LTD.\u015eT\u0130.<\/a>\r\n                                <\/li>\r\n                                                <li><i class=\"fa fa-ship\"><\/i>\r\n                    <a href=\"http:\/\/www.marelojistik.com.tr\/\" target=\"_blank\">MARE LOJ\u0130ST\u0130K H\u0130ZMETLER\u0130 T\u0130C.A.\u015e.<\/a>\r\n                                <\/li>\r\n                                                <li><i class=\"fa fa-ship\"><\/i>\r\n                    <a href=\"https:\/\/www.martilogistics.com\/#giris\" target=\"_blank\">MARTI KONTEYNER H\u0130ZMETLER\u0130 A.\u015e.<\/a>\r\n                                <\/li>\r\n                                                <li><i class=\"fa fa-ship\"><\/i>\r\n                    <a href=\"https:\/\/www.maersk.com\/\" target=\"_blank\">MAERSK LINE.<\/a>\r\n                                <\/li>\r\n                                                <li><i class=\"fa fa-ship\"><\/i>\r\n                    <a href=\"http:\/\/medkonlines.com\/\" target=\"_blank\">MEDKON HAT \u0130\u015eLETMEC\u0130L\u0130\u011e\u0130 DEN\u0130ZC\u0130L\u0130K VE T\u0130CARET A.\u015e<\/a>\r\n                                <\/li>\r\n                                                <li><i class=\"fa fa-ship\"><\/i>\r\n                    <a href=\"http:\/\/www.meddenshipping.com\/\" target=\"_blank\">MEDDEN DEN\u0130ZC\u0130L\u0130K<\/a>\r\n                                <\/li>\r\n                                                <li><i class=\"fa fa-ship\"><\/i>\r\n                    <a href=\"http:\/\/www.mescargo.com\/index-31.html\" target=\"_blank\">MES KARGO TA\u015eIMACILIK TUR\u0130ZM VE DI\u015e T\u0130CARET LTD.\u015eT\u0130.<\/a>\r\n                                <\/li>\r\n                                                <li><i class=\"fa fa-ship\"><\/i>\r\n                    <a href=\"https:\/\/www.msc.com\/tur\" target=\"_blank\">MEDITERRANEAN SHIPPING COMPANY (MSC).<\/a>\r\n                                <\/li>\r\n                                                <li><i class=\"fa fa-ship\"><\/i>\r\n                    <a href=\"http:\/\/www.medlog.com.tr\/tr\" target=\"_blank\">MEDLOG GEM\u0130C\u0130L\u0130K VE T\u0130CARET A.\u015e.<\/a>\r\n                                <\/li>\r\n                                                <li><i class=\"fa fa-ship\"><\/i>\r\n                    <a href=\"http:\/\/olimpialogistics.com.tr\/\" target=\"_blank\">OL\u0130MP\u0130A LOJ\u0130ST\u0130K H\u0130ZMETLER\u0130 LTD. \u015eT\u0130.<\/a>\r\n                                <\/li>\r\n                                                <li><i class=\"fa fa-ship\"><\/i>\r\n                    <a href=\"https:\/\/www.originlog.com\/sea-transport\" target=\"_blank\">OR\u0130G\u0130N LOJ\u0130ST\u0130K TA\u015e.T\u0130C.A.\u015e.<\/a>\r\n                                <\/li>\r\n                                                <li><i class=\"fa fa-ship\"><\/i>\r\n                    <a href=\"http:\/\/www.orship.com.tr\/\" target=\"_blank\">ORSHIP ULUSLARARASI TA\u015eIMACILIK H\u0130ZMETLER\u0130 VE T\u0130CARET LTD.\u015eT\u0130.<\/a>\r\n                                <\/li>\r\n                                                <li><i class=\"fa fa-ship\"><\/i>\r\n                    <a href=\"http:\/\/www.reks.com.tr\/tr\/ana-sayfa\/\" target=\"_blank\">REKS FR\u0130GO KONTEYNER H\u0130ZMETLER\u0130 T\u0130C.LTD.\u015eT\u0130.<\/a>\r\n                                <\/li>\r\n                                                <li><i class=\"fa fa-ship\"><\/i>\r\n                    <a href=\"http:\/\/rorolojistik.com\/\" target=\"_blank\">RORO DEN\u0130ZC\u0130L\u0130K VE TA\u015eIMACILIK T\u0130C. LTD. \u015eT\u0130.<\/a>\r\n                                <\/li>\r\n                                                <li><i class=\"fa fa-ship\"><\/i>\r\n                    <a href=\"http:\/\/www.slojistik.com.tr\/\" target=\"_blank\">S LOJ\u0130ST\u0130K H\u0130ZMETLER A.\u015e.<\/a>\r\n                                <\/li>\r\n                                                <li><i class=\"fa fa-ship\"><\/i>\r\n                    <a href=\"http:\/\/www.seaworldshipping.com\/swd.asp?lang=tr\" target=\"_blank\">SEA WORLD DEN\u0130ZC\u0130L\u0130K LTD.\u015eT\u0130.<\/a>\r\n                                <\/li>\r\n                                                <li><i class=\"fa fa-ship\"><\/i>\r\n                    <a href=\"http:\/\/www.solibralogistics.com\/\" target=\"_blank\">SOL\u0130BRA LOJ\u0130ST\u0130K H\u0130ZMETLER\u0130 LTD.\u015eT\u0130.<\/a>\r\n                                <\/li>\r\n                                                <li><i class=\"fa fa-ship\"><\/i>\r\n                    <a href=\"https:\/\/turkon.com\/\" target=\"_blank\">TURKON L\u0130NE DEN\u0130ZC\u0130L\u0130K A.\u015e.<\/a>\r\n                                <\/li>\r\n                <\/ul>\r\n<\/div>        <\/div>\r\n    <\/div>\r\n<\/div>\r\n\r\n\r\n<div id=\"column-69e2b95851fe3\" class=\"none  fw-col-md-6      wow \" data-wow-offset=\"120\" data-wow-duration=\"1.5s\" style=\"  \">\r\n        <div class=\"fw-main-row\"  style=\"\">\r\n        <div class=\"fw-col-inner\">\r\n            <div class=\"fw-divider-space \" style=\"margin-bottom:200px;\" ><\/div>\r\n<div class=\"fw-heading head_title fw-heading-h4 fw-heading-center   wow fadeIn\" data-wow-offset=\"120\" data-wow-duration=\"1.5s\">\r\n        <div class=\"\"><h4 class='fw-special-title'  style='color: #09479f'>D\u00d6KME VE KURU Y\u00dcK TA\u015eIMACILI\u011eI F\u0130RMALARI<\/h4><\/div>\r\n\r\n    \r\n\r\n    \r\n            <div class=\"separator_wrap\"> <div class=\"separator\"><\/div><\/div>\r\n        \r\n\r\n<\/div><div class=\"fw-list list-icon list-bordered \">\r\n    <ul>\r\n                                                <li><i class=\"fa fa-ship\"><\/i>\r\n                    <a href=\"http:\/\/www.alfagrup.net\/\" target=\"_blank\">ALFA KARA HAVA VE DEN\u0130Z TA\u015eIMACILI\u011eI LTD.\u015eT\u0130.<\/a>\r\n                                <\/li>\r\n                                                <li><i class=\"fa fa-ship\"><\/i>\r\n                    <a href=\"http:\/\/www.almarshipping.com.tr\/tr\/Almar\/index.php\" target=\"_blank\">ALMAR DEN\u0130ZC\u0130L\u0130K T\u0130CARET LTD.\u015eT\u0130.<\/a>\r\n                                <\/li>\r\n                                                <li><i class=\"fa fa-ship\"><\/i>\r\n                    <a href=\"http:\/\/www.arelshipping.com\/\" target=\"_blank\">AREL DEN\u0130ZC\u0130L\u0130K<\/a>\r\n                                <\/li>\r\n                                                <li><i class=\"fa fa-ship\"><\/i>\r\n                    <a href=\"http:\/\/www.arkaslojistik.com.tr\/\" target=\"_blank\">ARKAS LOJ\u0130ST\u0130K A.\u015e.<\/a>\r\n                                <\/li>\r\n                                                <li><i class=\"fa fa-ship\"><\/i>\r\n                    <a href=\"http:\/\/www.aslandenizcilik.com.tr\/\" target=\"_blank\">ASLAN DEN\u0130ZC\u0130L\u0130K A.\u015e.<\/a>\r\n                                <\/li>\r\n                                                <li><i class=\"fa fa-ship\"><\/i>\r\n                    <a href=\"http:\/\/www.assanlojistik.com.tr\/\" target=\"_blank\">ASSAN LOJ\u0130ST\u0130K ANON\u0130M \u015e\u0130RKET\u0130<\/a>\r\n                                <\/li>\r\n                                                <li><i class=\"fa fa-ship\"><\/i>\r\n                    <a href=\"http:\/\/www.asyanakliyat.com\/\" target=\"_blank\">ASYA NAKL\u0130YAT VE DI\u015e T\u0130CARET A.\u015e.<\/a>\r\n                                <\/li>\r\n                                                <li><i class=\"fa fa-ship\"><\/i>\r\n                    <a href=\"http:\/\/www.cimnak.com.tr\/\" target=\"_blank\">\u00c7\u0130M-NAK TA\u015eIMACILIK LTD.\u015eT\u0130.<\/a>\r\n                                <\/li>\r\n                                                <li><i class=\"fa fa-ship\"><\/i>\r\n                    <a href=\"http:\/\/conmar.com.tr\/\" target=\"_blank\">CONMAR DEN\u0130ZC\u0130L\u0130K VE LOJ\u0130ST\u0130K A.\u015e.<\/a>\r\n                                <\/li>\r\n                                                <li><i class=\"fa fa-ship\"><\/i>\r\n                    <a href=\"http:\/\/www.coskunlar.net\/\" target=\"_blank\">CO\u015eKUN DEN\u0130ZC\u0130L\u0130K LOJ\u0130ST\u0130K PETROL \u00dcR\u00dcNLER\u0130 \u0130N\u015e.SAN.VE T\u0130C.A.\u015e.<\/a>\r\n                                <\/li>\r\n                                                <li><i class=\"fa fa-ship\"><\/i>\r\n                    <a href=\"https:\/\/www.devbulk.com\/\" target=\"_blank\">DEVAL DEN\u0130ZC\u0130L\u0130K<\/a>\r\n                                <\/li>\r\n                                                <li><i class=\"fa fa-ship\"><\/i>\r\n                    <a href=\"http:\/\/dogruyollar.com\/\" target=\"_blank\">DO\u011eRUYOL DEN\u0130Z TA\u015eIMACILI\u011eI<\/a>\r\n                                <\/li>\r\n                                                <li><i class=\"fa fa-ship\"><\/i>\r\n                    <a href=\"http:\/\/tr.erenshipping.com.tr\/index.php\" target=\"_blank\">EREN DEN\u0130ZC\u0130L\u0130K VE NAKL\u0130YAT T\u0130C. LTD. \u015eT\u0130.<\/a>\r\n                                <\/li>\r\n                                                <li><i class=\"fa fa-ship\"><\/i>\r\n                    <a href=\"https:\/\/www.gemline.com.tr\/tr\/ana-sayfa\/\" target=\"_blank\">GEML\u0130NE DEN\u0130ZC\u0130L\u0130K H\u0130Z. SAN. T\u0130C. LTD. \u015eT\u0130.<\/a>\r\n                                <\/li>\r\n                                                <li><i class=\"fa fa-ship\"><\/i>\r\n                    <a href=\"http:\/\/www.gulport.com\/page\/70\/gemi-armatorlugu.html\" target=\"_blank\">G\u00dcLPORT L\u0130MAN H\u0130ZMETLER\u0130 T\u0130CARET A.\u015e.<\/a>\r\n                                <\/li>\r\n                                                <li><i class=\"fa fa-ship\"><\/i>\r\n                    <a href=\"http:\/\/www.gumustas.com.tr\/\" target=\"_blank\">G\u00dcM\u00dc\u015eTA\u015e DEN\u0130ZC\u0130L\u0130K NAKL\u0130YAT T\u0130CARET A.\u015e.<\/a>\r\n                                <\/li>\r\n                                                <li><i class=\"fa fa-ship\"><\/i>\r\n                    <a href=\"http:\/\/www.adakentshipping.com\/\" target=\"_blank\">G\u00dcNTRANS DEN\u0130ZC\u0130L\u0130K SAN. VE T\u0130C.LTD.\u015eT\u0130.<\/a>\r\n                                <\/li>\r\n                                                <li><i class=\"fa fa-ship\"><\/i>\r\n                    <a href=\"http:\/\/www.gundemshipping.com\/\" target=\"_blank\">G\u00dcNDEM DEN\u0130ZC\u0130L\u0130K T\u0130CARET VE SANAY\u0130 A.\u015e.<\/a>\r\n                                <\/li>\r\n                                                <li><i class=\"fa fa-ship\"><\/i>\r\n                    <a href=\"http:\/\/www.kaptanoglu.com\/\" target=\"_blank\">HACI \u0130SMA\u0130L KAPTANO\u011eLU GEM\u0130 \u0130\u015eLETMEC\u0130L\u0130\u011e\u0130 VE T\u0130CARET LTD.\u015eT\u0130.<\/a>\r\n                                <\/li>\r\n                                                <li><i class=\"fa fa-ship\"><\/i>\r\n                    <a href=\"http:\/\/www.ilhantransport.com\/\" target=\"_blank\">\u0130LHAN ULUSLARARASI TA\u015eIMACILIK VE METAL T\u0130CARET\u0130 LTD.\u015eT\u0130.<\/a>\r\n                                <\/li>\r\n                                                <li><i class=\"fa fa-ship\"><\/i>\r\n                    <a href=\"http:\/\/www.iskeledenizcilik.com.tr\/\" target=\"_blank\">\u0130SKELE DEN\u0130ZC\u0130L\u0130K T\u0130CARET LTD.\u015eT\u0130.<\/a>\r\n                                <\/li>\r\n                                                <li><i class=\"fa fa-ship\"><\/i>\r\n                    <a href=\"http:\/\/www.iskenderunship.com\/\" target=\"_blank\">\u0130SKENDERUN GEM\u0130 \u0130\u015eLETMEC\u0130L\u0130\u011e\u0130 LTD.\u015eT\u0130.<\/a>\r\n                                <\/li>\r\n                                                <li><i class=\"fa fa-ship\"><\/i>\r\n                    <a href=\"http:\/\/limtasinsaat.com\/\" target=\"_blank\">L\u0130MTA\u015e DEN\u0130ZC\u0130L\u0130K TA\u015eIMA VE \u0130N\u015eAAT SAN. T\u0130C.A.\u015e.<\/a>\r\n                                <\/li>\r\n                                                <li><i class=\"fa fa-ship\"><\/i>\r\n                    <a href=\"http:\/\/www.naklet.com\/\" target=\"_blank\">NAKLET DEN\u0130ZC\u0130L\u0130K VE T\u0130CARET A.\u015e.<\/a>\r\n                                <\/li>\r\n                                                <li><i class=\"fa fa-ship\"><\/i>\r\n                    <a href=\"http:\/\/www.omsan.com\/\" target=\"_blank\">OMSAN DEN\u0130ZC\u0130L\u0130K A.\u015e.<\/a>\r\n                                <\/li>\r\n                                                <li><i class=\"fa fa-ship\"><\/i>\r\n                    <a href=\"http:\/\/www.raykonlojistik.com\/\" target=\"_blank\">RAYKON LOJ\u0130ST\u0130K VE DEN\u0130Z TA\u015eIMACILI\u011eI T\u0130C.LTD.\u015eT\u0130.<\/a>\r\n                                <\/li>\r\n                                                <li><i class=\"fa fa-ship\"><\/i>\r\n                    <a href=\"http:\/\/www.astasshipyard.com\/\" target=\"_blank\">SELTA\u015e DEN\u0130ZC\u0130L\u0130K SANAY\u0130 VE T\u0130CARET A.\u015e.<\/a>\r\n                                <\/li>\r\n                                                <li><i class=\"fa fa-ship\"><\/i>\r\n                    <a href=\"http:\/\/sema-marine.com\/\" target=\"_blank\">SEMA MAR\u0130NE DEN\u0130ZC\u0130L\u0130K VE T\u0130C. LTD. \u015eT\u0130.<\/a>\r\n                                <\/li>\r\n                                                <li><i class=\"fa fa-ship\"><\/i>\r\n                    <a href=\"http:\/\/sigmalogistx.com\/\" target=\"_blank\">S\u0130GMA DEN\u0130ZC\u0130L\u0130K KONTEYNER VE LOJ\u0130ST\u0130K SAN.T\u0130C.LTD.\u015eT\u0130.<\/a>\r\n                                <\/li>\r\n                                                <li><i class=\"fa fa-ship\"><\/i>\r\n                    <a href=\"http:\/\/www.smnakliyat.com.tr\/\" target=\"_blank\">SM TA\u015eIMACILIK LTD.\u015eT\u0130.<\/a>\r\n                                <\/li>\r\n                                                <li><i class=\"fa fa-ship\"><\/i>\r\n                    <a href=\"http:\/\/www.uni-trans.com.tr\/\" target=\"_blank\">UN\u0130 TRANS LOJ\u0130ST\u0130K H\u0130ZMETLER\u0130 \u0130\u00c7 VE DI\u015e T\u0130C.LTD.\u015eT\u0130.<\/a>\r\n                                <\/li>\r\n                                                <li><i class=\"fa fa-ship\"><\/i>\r\n                    <a href=\"http:\/\/vodashipping.com\/\" target=\"_blank\">VODA GEM\u0130 \u0130\u015eLETMEC\u0130L\u0130\u011e\u0130 A.\u015e.<\/a>\r\n                                <\/li>\r\n                <\/ul>\r\n<\/div>        <\/div>\r\n    <\/div>\r\n<\/div><\/div>\n\n        <\/div>\r\n    <\/div>\r\n<\/section>\r\n\n","protected":false},"excerpt":{"rendered":"<p>KONTEYNER TA\u015eIMACILI\u011eI F\u0130RMALARI ATLANTIC CONTAINER LINE(ACS) ADMIRAL CONTAINER LINE AM\u0130RAL GEM\u0130 VE DEN\u0130Z ACENTEL\u0130\u011e\u0130 LTD.\u015eT\u0130. AMERICAN PRESIDENT LINE(APL) ANTOINE MAKZUME INTERNATIOANAL TRANSPORT AND TRADING LTD. CO. ARKAS HOLD\u0130NG AVE LOJ\u0130ST\u0130K VE ULUSLARARASI NAKL\u0130YE T\u0130CARET LTD.\u015eT\u0130. ..<a href=\"https:\/\/shortsea.org.tr\/tr_tr\/hizmet-saglayicilar\/\" class=\"btn btn-default readmore-btn\" >Read More<\/a><\/p>\n","protected":false},"author":1,"featured_media":0,"parent":0,"menu_order":0,"comment_status":"closed","ping_status":"closed","template":"template\/template-homepage_multi.php","meta":{"footnotes":""},"class_list":["post-2168","page","type-page","status-publish","hentry"],"_links":{"self":[{"href":"https:\/\/shortsea.org.tr\/tr_tr\/wp-json\/wp\/v2\/pages\/2168","targetHints":{"allow":["GET"]}}],"collection":[{"href":"https:\/\/shortsea.org.tr\/tr_tr\/wp-json\/wp\/v2\/pages"}],"about":[{"href":"https:\/\/shortsea.org.tr\/tr_tr\/wp-json\/wp\/v2\/types\/page"}],"author":[{"embeddable":true,"href":"https:\/\/shortsea.org.tr\/tr_tr\/wp-json\/wp\/v2\/users\/1"}],"replies":[{"embeddable":true,"href":"https:\/\/shortsea.org.tr\/tr_tr\/wp-json\/wp\/v2\/comments?post=2168"}],"version-history":[{"count":66,"href":"https:\/\/shortsea.org.tr\/tr_tr\/wp-json\/wp\/v2\/pages\/2168\/revisions"}],"predecessor-version":[{"id":10918,"href":"https:\/\/shortsea.org.tr\/tr_tr\/wp-json\/wp\/v2\/pages\/2168\/revisions\/10918"}],"wp:attachment":[{"href":"https:\/\/shortsea.org.tr\/tr_tr\/wp-json\/wp\/v2\/media?parent=2168"}],"curies":[{"name":"wp","href":"https:\/\/api.w.org\/{rel}","templated":true}]}}