{"id":2893,"date":"2019-03-17T18:20:10","date_gmt":"2019-03-17T15:20:10","guid":{"rendered":"http:\/\/shortsea.org.tr\/?page_id=2893"},"modified":"2025-10-18T17:33:43","modified_gmt":"2025-10-18T14:33:43","slug":"kanunlar","status":"publish","type":"page","link":"https:\/\/shortsea.org.tr\/tr_tr\/kanunlar\/","title":{"rendered":"Kanunlar"},"content":{"rendered":"<div class=\"brz-root__container brz-reset-all\">\n<section data-brz-uid=\"itahpgocdd\" id=\"itahpgocdd\" class=\"brz-section brz-css-wcmlk\">\n<div class=\"brz-section__content brz-section--boxed brz-css-xtmjf brz-css-ypcmg\" data-brz-custom-id=\"ddiparobsc\">\n<div class=\"brz-bg\">\n<div class=\"brz-bg-color\"><\/div>\n<\/div>\n<div class=\"brz-container brz-css-fqivv\">\n<div class=\"brz-row__container brz-css-qzcup\" data-brz-custom-id=\"pcmujbdbrd\">\n<div class=\"brz-bg\"><\/div>\n<div class=\"brz-row brz-css-liisa brz-css-jdhns\">\n<div class=\"brz-columns brz-css-lsjwx brz-css-sgyon\" data-brz-custom-id=\"cyziuaehsi\">\n<div class=\"brz-bg\">\n<div class=\"brz-bg-color\"><\/div>\n<\/div>\n<div class=\"brz-column__items brz-css-hcslw brz-css-yoxmt\">\n<div class=\"brz-row__container brz-css-qzcup\" data-brz-custom-id=\"sxijtwecpd\">\n<div class=\"brz-bg\"><\/div>\n<div class=\"brz-row brz-row--inner brz-css-liisa brz-css-jdhns\">\n<div class=\"brz-columns brz-css-lsjwx brz-css-vmfog\" data-brz-custom-id=\"vkwupigaby\">\n<div class=\"brz-bg\"><\/div>\n<div class=\"brz-column__items brz-css-hcslw brz-css-jghox\">\n<div class=\"brz-wrapper-clone brz-css-gymll\">\n<div class=\"brz-d-xs-flex brz-flex-xs-wrap brz-css-vykuq\">\n<div class=\"brz-wrapper-clone__item\" id=\"jjantqnzsb\">\n<div class=\"brz-icon__container\" data-brz-custom-id=\"jjantqnzsb\"><span class=\"brz-icon brz-span brz-css-ndbam\">   <\/span><\/div>\n<\/div>\n<\/div>\n<\/div>\n<\/div>\n<\/div>\n<div class=\"brz-columns brz-css-lsjwx brz-css-mresr\" data-brz-custom-id=\"rtzbsrnytp\">\n<div class=\"brz-bg\"><\/div>\n<div class=\"brz-column__items brz-css-hcslw\">\n<div id class=\"brz-css-imtvm brz-css-vpfkm brz-wrapper\">\n<div class=\"brz-rich-text brz-rich-text__custom brz-css-gwffx\" data-brz-custom-id=\"wwcfvajuzc\">\n<div data-brz-translate-text=\"1\">\n<h2 class=\"brz-text-xs-center brz-lh-lg-1_3 brz-lh-sm-im-1_3 brz-lh-xs-im-1_3 brz-ls-lg-m_1_5 brz-ls-sm-im-m_0_5 brz-ls-xs-im-m_0_5 brz-ff-montserrat brz-fw-lg-700 brz-fw-sm-im-700 brz-fw-xs-im-700 brz-fs-lg-48 brz-fs-sm-im-41 brz-fs-xs-im-35 brz-css-araqy\"><span class=\"brz-cp-color2\">KANUNLAR <\/span><\/h2>\n<\/div>\n<\/div>\n<\/div>\n<\/div>\n<\/div>\n<\/div>\n<\/div>\n<div id class=\"brz-css-imtvm brz-css-xdffd brz-wrapper\">\n<div class=\"brz-line brz-line-default brz-css-lgywy brz-css-fctho\" data-brz-custom-id=\"wlstwtjqjz\">\n<hr class=\"brz-hr\"><\/div>\n<\/div>\n<div class=\"brz-row__container brz-css-qzcup\" data-brz-custom-id=\"udhqfwvyrs\">\n<div class=\"brz-bg\"><\/div>\n<div class=\"brz-row brz-row--inner brz-css-liisa\">\n<div class=\"brz-columns brz-css-lsjwx brz-css-ccenm\" data-brz-custom-id=\"qqkcihaljw\">\n<div class=\"brz-bg\"><\/div>\n<div class=\"brz-column__items brz-css-hcslw\">\n<div id class=\"brz-css-imtvm brz-wrapper\">\n<div class=\"brz-rich-text brz-rich-text__custom brz-css-gwffx\" data-brz-custom-id=\"lolooqtucv\">\n<div data-brz-translate-text=\"1\">\n<p class=\"brz-fs-xs-im-21 brz-fs-sm-im-21 brz-fs-lg-22 brz-fw-xs-im-300 brz-fw-sm-im-300 brz-fw-lg-300 brz-ff-noto_serif brz-ls-xs-im-0 brz-ls-sm-im-0 brz-ls-lg-0 brz-lh-xs-im-1_6 brz-lh-sm-im-1_6 brz-lh-lg-1_7 brz-css-iuoyt\"><strong class=\"brz-cp-color1\" style=\"background-color: initial\">6331<\/strong><\/p>\n<\/div>\n<\/div>\n<\/div>\n<\/div>\n<\/div>\n<div class=\"brz-columns brz-css-lsjwx brz-css-nevpr\" data-brz-custom-id=\"wnpqmpqefk\">\n<div class=\"brz-bg\"><\/div>\n<div class=\"brz-column__items brz-css-hcslw\">\n<div id class=\"brz-css-imtvm brz-css-dwcxe brz-wrapper\">\n<div class=\"brz-rich-text brz-rich-text__custom brz-css-gwffx\" data-brz-custom-id=\"dkpemaurwk\">\n<div data-brz-translate-text=\"1\">\n<p class=\"brz-mb-lg-5 brz-mt-lg-18 brz-text-lg-justify brz-lh-lg-1_7 brz-lh-sm-im-1_7 brz-lh-xs-im-1_7 brz-ls-lg-2 brz-ls-sm-im-2 brz-ls-xs-im-2 brz-ff-montserrat brz-fw-lg-400 brz-fw-sm-im-400 brz-fw-xs-im-400 brz-fs-lg-22 brz-fs-sm-im-21 brz-fs-xs-im-19 brz-css-ahxpf\"><strong class=\"brz-cp-color3\">   <\/strong><a class=\"link--external brz-cp-color3\" href=\"http:\/\/shortsea.org.tr\/wp-content\/uploads\/2019\/03\/6331.pdf\" data-brz-link-type=\"external\" target=\"_blank\"><strong>\u0130\u015e SA\u011eLI\u011eI VE G\u00dcVENL\u0130\u011e\u0130 KANUNU<\/strong><\/a><strong class=\"brz-cp-color3\"> <\/strong><em class=\"brz-cp-color1\">Resmi Gazete : 30.06.2012 &#8211; 28339<\/em><\/p>\n<\/div>\n<\/div>\n<\/div>\n<\/div>\n<\/div>\n<\/div>\n<\/div>\n<div id class=\"brz-css-imtvm brz-css-ygwie brz-wrapper\">\n<div class=\"brz-line brz-line-default brz-css-lgywy brz-css-qurww\" data-brz-custom-id=\"hpabwphybv\">\n<hr class=\"brz-hr\"><\/div>\n<\/div>\n<div class=\"brz-row__container brz-css-qzcup\" data-brz-custom-id=\"uobmhuqynr\">\n<div class=\"brz-bg\"><\/div>\n<div class=\"brz-row brz-row--inner brz-css-liisa\">\n<div class=\"brz-columns brz-css-lsjwx brz-css-houlb\" data-brz-custom-id=\"wttqmoietd\">\n<div class=\"brz-bg\"><\/div>\n<div class=\"brz-column__items brz-css-hcslw\">\n<div id class=\"brz-css-imtvm brz-wrapper\">\n<div class=\"brz-rich-text brz-rich-text__custom brz-css-gwffx\" data-brz-custom-id=\"gxzaudnlib\">\n<div data-brz-translate-text=\"1\">\n<p class=\"brz-fs-xs-im-21 brz-fs-sm-im-21 brz-fs-lg-22 brz-fw-xs-im-300 brz-fw-sm-im-300 brz-fw-lg-300 brz-ff-noto_serif brz-ls-xs-im-0 brz-ls-sm-im-0 brz-ls-lg-0 brz-lh-xs-im-1_6 brz-lh-sm-im-1_6 brz-lh-lg-1_7 brz-css-chhbk\"><strong class=\"brz-cp-color1\" style=\"background-color: initial\">6331<\/strong><\/p>\n<\/div>\n<\/div>\n<\/div>\n<\/div>\n<\/div>\n<div class=\"brz-columns brz-css-lsjwx brz-css-cjpjq\" data-brz-custom-id=\"gkwpoyrfmf\">\n<div class=\"brz-bg\"><\/div>\n<div class=\"brz-column__items brz-css-hcslw\">\n<div id class=\"brz-css-imtvm brz-css-fxltt brz-wrapper\">\n<div class=\"brz-rich-text brz-rich-text__custom brz-css-gwffx\" data-brz-custom-id=\"walzkqvqyq\">\n<div data-brz-translate-text=\"1\">\n<p class=\"brz-mb-lg-5 brz-mt-lg-18 brz-text-lg-justify brz-lh-lg-1_7 brz-lh-sm-im-1_7 brz-lh-xs-im-1_7 brz-ls-lg-2 brz-ls-sm-im-2 brz-ls-xs-im-2 brz-ff-montserrat brz-fw-lg-400 brz-fw-sm-im-400 brz-fw-xs-im-400 brz-fs-lg-22 brz-fs-sm-im-21 brz-fs-xs-im-19 brz-css-nyvhu\"><strong class=\"brz-cp-color3\">   <\/strong><a class=\"link--external brz-cp-color3\" href=\"http:\/\/shortsea.org.tr\/wp-content\/uploads\/2019\/03\/6331.pdf\" data-brz-link-type=\"external\" target=\"_blank\"><strong>\u0130\u015e SA\u011eLI\u011eI VE G\u00dcVENL\u0130\u011e\u0130 KANUNU<\/strong><\/a><strong class=\"brz-cp-color3\"> <\/strong><em class=\"brz-cp-color1\">Resmi Gazete : 30.06.2012 &#8211; 28339<\/em><\/p>\n<\/div>\n<\/div>\n<\/div>\n<\/div>\n<\/div>\n<\/div>\n<\/div>\n<div id class=\"brz-css-imtvm brz-css-noyuj brz-wrapper\">\n<div class=\"brz-line brz-line-default brz-css-lgywy brz-css-bqzko\" data-brz-custom-id=\"druxhdqnfa\">\n<hr class=\"brz-hr\"><\/div>\n<\/div>\n<div class=\"brz-row__container brz-css-qzcup\" data-brz-custom-id=\"fppkorxpvs\">\n<div class=\"brz-bg\"><\/div>\n<div class=\"brz-row brz-row--inner brz-css-liisa\">\n<div class=\"brz-columns brz-css-lsjwx brz-css-pserc\" data-brz-custom-id=\"nxhkskelrd\">\n<div class=\"brz-bg\"><\/div>\n<div class=\"brz-column__items brz-css-hcslw\">\n<div id class=\"brz-css-imtvm brz-wrapper\">\n<div class=\"brz-rich-text brz-rich-text__custom brz-css-gwffx\" data-brz-custom-id=\"ppicrfycdy\">\n<div data-brz-translate-text=\"1\">\n<p class=\"brz-fs-xs-im-21 brz-fs-sm-im-21 brz-fs-lg-22 brz-fw-xs-im-300 brz-fw-sm-im-300 brz-fw-lg-300 brz-ff-noto_serif brz-ls-xs-im-0 brz-ls-sm-im-0 brz-ls-lg-0 brz-lh-xs-im-1_6 brz-lh-sm-im-1_6 brz-lh-lg-1_7 brz-css-mlpub\"><strong class=\"brz-cp-color1\" style=\"background-color: initial\">6331<\/strong><\/p>\n<\/div>\n<\/div>\n<\/div>\n<\/div>\n<\/div>\n<div class=\"brz-columns brz-css-lsjwx brz-css-tkyry\" data-brz-custom-id=\"hsvhixxtxl\">\n<div class=\"brz-bg\"><\/div>\n<div class=\"brz-column__items brz-css-hcslw\">\n<div id class=\"brz-css-imtvm brz-css-jievn brz-wrapper\">\n<div class=\"brz-rich-text brz-rich-text__custom brz-css-gwffx\" data-brz-custom-id=\"qtrcvczcyh\">\n<div data-brz-translate-text=\"1\">\n<p class=\"brz-mb-lg-5 brz-mt-lg-18 brz-text-lg-justify brz-lh-lg-1_7 brz-lh-sm-im-1_7 brz-lh-xs-im-1_7 brz-ls-lg-2 brz-ls-sm-im-2 brz-ls-xs-im-2 brz-ff-montserrat brz-fw-lg-400 brz-fw-sm-im-400 brz-fw-xs-im-400 brz-fs-lg-22 brz-fs-sm-im-21 brz-fs-xs-im-19 brz-css-hwlsv\"><strong class=\"brz-cp-color3\">   <\/strong><a class=\"link--external brz-cp-color3\" href=\"http:\/\/shortsea.org.tr\/wp-content\/uploads\/2019\/03\/6331.pdf\" data-brz-link-type=\"external\" target=\"_blank\"><strong>\u0130\u015e SA\u011eLI\u011eI VE G\u00dcVENL\u0130\u011e\u0130 KANUNU<\/strong><\/a><strong class=\"brz-cp-color3\"> <\/strong><em class=\"brz-cp-color1\">Resmi Gazete : 30.06.2012 &#8211; 28339<\/em><\/p>\n<\/div>\n<\/div>\n<\/div>\n<\/div>\n<\/div>\n<\/div>\n<\/div>\n<div id class=\"brz-css-imtvm brz-css-olpdl brz-wrapper\">\n<div class=\"brz-line brz-line-default brz-css-lgywy brz-css-qesql\" data-brz-custom-id=\"gtfhvbehmw\">\n<hr class=\"brz-hr\"><\/div>\n<\/div>\n<div class=\"brz-row__container brz-css-qzcup\" data-brz-custom-id=\"gndrbnrisa\">\n<div class=\"brz-bg\"><\/div>\n<div class=\"brz-row brz-row--inner brz-css-liisa\">\n<div class=\"brz-columns brz-css-lsjwx brz-css-wphgz\" data-brz-custom-id=\"jugtdvvymt\">\n<div class=\"brz-bg\"><\/div>\n<div class=\"brz-column__items brz-css-hcslw\">\n<div id class=\"brz-css-imtvm brz-wrapper\">\n<div class=\"brz-rich-text brz-rich-text__custom brz-css-gwffx\" data-brz-custom-id=\"amtletewvq\">\n<div data-brz-translate-text=\"1\">\n<p class=\"brz-fs-xs-im-21 brz-fs-sm-im-21 brz-fs-lg-22 brz-fw-xs-im-300 brz-fw-sm-im-300 brz-fw-lg-300 brz-ff-noto_serif brz-ls-xs-im-0 brz-ls-sm-im-0 brz-ls-lg-0 brz-lh-xs-im-1_6 brz-lh-sm-im-1_6 brz-lh-lg-1_7 brz-css-hpgjf\"><strong class=\"brz-cp-color1\" style=\"background-color: initial\">6331<\/strong><\/p>\n<\/div>\n<\/div>\n<\/div>\n<\/div>\n<\/div>\n<div class=\"brz-columns brz-css-lsjwx brz-css-vpuyp\" data-brz-custom-id=\"bpzrtrbilp\">\n<div class=\"brz-bg\"><\/div>\n<div class=\"brz-column__items brz-css-hcslw\">\n<div id class=\"brz-css-imtvm brz-css-ninjf brz-wrapper\">\n<div class=\"brz-rich-text brz-rich-text__custom brz-css-gwffx\" data-brz-custom-id=\"nyfshqqqev\">\n<div data-brz-translate-text=\"1\">\n<p class=\"brz-mb-lg-5 brz-mt-lg-18 brz-text-lg-justify brz-lh-lg-1_7 brz-lh-sm-im-1_7 brz-lh-xs-im-1_7 brz-ls-lg-2 brz-ls-sm-im-2 brz-ls-xs-im-2 brz-ff-montserrat brz-fw-lg-400 brz-fw-sm-im-400 brz-fw-xs-im-400 brz-fs-lg-22 brz-fs-sm-im-21 brz-fs-xs-im-19 brz-css-sdmqs\"><strong class=\"brz-cp-color3\">   <\/strong><a class=\"link--external brz-cp-color3\" href=\"http:\/\/shortsea.org.tr\/wp-content\/uploads\/2019\/03\/6331.pdf\" data-brz-link-type=\"external\" target=\"_blank\"><strong>\u0130\u015e SA\u011eLI\u011eI VE G\u00dcVENL\u0130\u011e\u0130 KANUNU<\/strong><\/a><strong class=\"brz-cp-color3\"> <\/strong><em class=\"brz-cp-color1\">Resmi Gazete : 30.06.2012 &#8211; 28339<\/em><\/p>\n<\/div>\n<\/div>\n<\/div>\n<\/div>\n<\/div>\n<\/div>\n<\/div>\n<div id class=\"brz-css-imtvm brz-css-gtiwa brz-wrapper\">\n<div class=\"brz-line brz-line-default brz-css-lgywy brz-css-heiif\" data-brz-custom-id=\"gfnslhfqyx\">\n<hr class=\"brz-hr\"><\/div>\n<\/div>\n<div class=\"brz-row__container brz-css-qzcup\" data-brz-custom-id=\"exvatwbkqf\">\n<div class=\"brz-bg\"><\/div>\n<div class=\"brz-row brz-row--inner brz-css-liisa\">\n<div class=\"brz-columns brz-css-lsjwx brz-css-bnhmi\" data-brz-custom-id=\"trbqcievfi\">\n<div class=\"brz-bg\"><\/div>\n<div class=\"brz-column__items brz-css-hcslw\">\n<div id class=\"brz-css-imtvm brz-wrapper\">\n<div class=\"brz-rich-text brz-rich-text__custom brz-css-gwffx\" data-brz-custom-id=\"qfufalajlc\">\n<div data-brz-translate-text=\"1\">\n<p class=\"brz-fs-xs-im-21 brz-fs-sm-im-21 brz-fs-lg-22 brz-fw-xs-im-300 brz-fw-sm-im-300 brz-fw-lg-300 brz-ff-noto_serif brz-ls-xs-im-0 brz-ls-sm-im-0 brz-ls-lg-0 brz-lh-xs-im-1_6 brz-lh-sm-im-1_6 brz-lh-lg-1_7 brz-css-lqqzg\"><strong class=\"brz-cp-color1\" style=\"background-color: initial\">6331<\/strong><\/p>\n<\/div>\n<\/div>\n<\/div>\n<\/div>\n<\/div>\n<div class=\"brz-columns brz-css-lsjwx brz-css-qguhi\" data-brz-custom-id=\"fyxnynepib\">\n<div class=\"brz-bg\"><\/div>\n<div class=\"brz-column__items brz-css-hcslw\">\n<div id class=\"brz-css-imtvm brz-css-fqixy brz-wrapper\">\n<div class=\"brz-rich-text brz-rich-text__custom brz-css-gwffx\" data-brz-custom-id=\"fedhejdkxn\">\n<div data-brz-translate-text=\"1\">\n<p class=\"brz-mb-lg-5 brz-mt-lg-18 brz-text-lg-justify brz-lh-lg-1_7 brz-lh-sm-im-1_7 brz-lh-xs-im-1_7 brz-ls-lg-2 brz-ls-sm-im-2 brz-ls-xs-im-2 brz-ff-montserrat brz-fw-lg-400 brz-fw-sm-im-400 brz-fw-xs-im-400 brz-fs-lg-22 brz-fs-sm-im-21 brz-fs-xs-im-19 brz-css-croaj\"><strong class=\"brz-cp-color3\">   <\/strong><a class=\"link--external brz-cp-color3\" href=\"http:\/\/shortsea.org.tr\/wp-content\/uploads\/2019\/03\/6331.pdf\" data-brz-link-type=\"external\" target=\"_blank\"><strong>\u0130\u015e SA\u011eLI\u011eI VE G\u00dcVENL\u0130\u011e\u0130 KANUNU<\/strong><\/a><strong class=\"brz-cp-color3\"> <\/strong><em class=\"brz-cp-color1\">Resmi Gazete : 30.06.2012 &#8211; 28339<\/em><\/p>\n<\/div>\n<\/div>\n<\/div>\n<\/div>\n<\/div>\n<\/div>\n<\/div>\n<div id class=\"brz-css-imtvm brz-css-ionob brz-wrapper\">\n<div class=\"brz-line brz-line-default brz-css-lgywy brz-css-juqsy\" data-brz-custom-id=\"ggskfzpash\">\n<hr class=\"brz-hr\"><\/div>\n<\/div>\n<div class=\"brz-row__container brz-css-qzcup\" data-brz-custom-id=\"qopywinrix\">\n<div class=\"brz-bg\"><\/div>\n<div class=\"brz-row brz-row--inner brz-css-liisa\">\n<div class=\"brz-columns brz-css-lsjwx brz-css-ruqgx\" data-brz-custom-id=\"gdpukzfhma\">\n<div class=\"brz-bg\"><\/div>\n<div class=\"brz-column__items brz-css-hcslw\">\n<div id class=\"brz-css-imtvm brz-wrapper\">\n<div class=\"brz-rich-text brz-rich-text__custom brz-css-gwffx\" data-brz-custom-id=\"oezhduelux\">\n<div data-brz-translate-text=\"1\">\n<p class=\"brz-fs-xs-im-21 brz-fs-sm-im-21 brz-fs-lg-22 brz-fw-xs-im-300 brz-fw-sm-im-300 brz-fw-lg-300 brz-ff-noto_serif brz-ls-xs-im-0 brz-ls-sm-im-0 brz-ls-lg-0 brz-lh-xs-im-1_6 brz-lh-sm-im-1_6 brz-lh-lg-1_7 brz-css-jzank\"><strong class=\"brz-cp-color1\" style=\"background-color: initial\">6331<\/strong><\/p>\n<\/div>\n<\/div>\n<\/div>\n<\/div>\n<\/div>\n<div class=\"brz-columns brz-css-lsjwx brz-css-jcucb\" data-brz-custom-id=\"nqzwjeahtw\">\n<div class=\"brz-bg\"><\/div>\n<div class=\"brz-column__items brz-css-hcslw\">\n<div id class=\"brz-css-imtvm brz-css-kvlas brz-wrapper\">\n<div class=\"brz-rich-text brz-rich-text__custom brz-css-gwffx\" data-brz-custom-id=\"gzkzjmudgt\">\n<div data-brz-translate-text=\"1\">\n<p class=\"brz-mb-lg-5 brz-mt-lg-18 brz-text-lg-justify brz-lh-lg-1_7 brz-lh-sm-im-1_7 brz-lh-xs-im-1_7 brz-ls-lg-2 brz-ls-sm-im-2 brz-ls-xs-im-2 brz-ff-montserrat brz-fw-lg-400 brz-fw-sm-im-400 brz-fw-xs-im-400 brz-fs-lg-22 brz-fs-sm-im-21 brz-fs-xs-im-19 brz-css-gqzgw\"><strong class=\"brz-cp-color3\">   <\/strong><a class=\"link--external brz-cp-color3\" href=\"http:\/\/shortsea.org.tr\/wp-content\/uploads\/2019\/03\/6331.pdf\" data-brz-link-type=\"external\" target=\"_blank\"><strong>\u0130\u015e SA\u011eLI\u011eI VE G\u00dcVENL\u0130\u011e\u0130 KANUNU<\/strong><\/a><strong class=\"brz-cp-color3\"> <\/strong><em class=\"brz-cp-color1\">Resmi Gazete : 30.06.2012 &#8211; 28339<\/em><\/p>\n<\/div>\n<\/div>\n<\/div>\n<\/div>\n<\/div>\n<\/div>\n<\/div>\n<div id class=\"brz-css-imtvm brz-css-sxyse brz-wrapper\">\n<div class=\"brz-line brz-line-default brz-css-lgywy brz-css-qnbpt\" data-brz-custom-id=\"ntxqgzxpnb\">\n<hr class=\"brz-hr\"><\/div>\n<\/div>\n<div class=\"brz-row__container brz-css-qzcup\" data-brz-custom-id=\"csvfhbvgnu\">\n<div class=\"brz-bg\"><\/div>\n<div class=\"brz-row brz-row--inner brz-css-liisa\">\n<div class=\"brz-columns brz-css-lsjwx brz-css-sempo\" data-brz-custom-id=\"bwpughdqyt\">\n<div class=\"brz-bg\"><\/div>\n<div class=\"brz-column__items brz-css-hcslw\">\n<div id class=\"brz-css-imtvm brz-wrapper\">\n<div class=\"brz-rich-text brz-rich-text__custom brz-css-gwffx\" data-brz-custom-id=\"qitsmpevna\">\n<div data-brz-translate-text=\"1\">\n<p class=\"brz-fs-xs-im-21 brz-fs-sm-im-21 brz-fs-lg-22 brz-fw-xs-im-300 brz-fw-sm-im-300 brz-fw-lg-300 brz-ff-noto_serif brz-ls-xs-im-0 brz-ls-sm-im-0 brz-ls-lg-0 brz-lh-xs-im-1_6 brz-lh-sm-im-1_6 brz-lh-lg-1_7 brz-css-yjcid\"><strong class=\"brz-cp-color1\" style=\"background-color: initial\">6331<\/strong><\/p>\n<\/div>\n<\/div>\n<\/div>\n<\/div>\n<\/div>\n<div class=\"brz-columns brz-css-lsjwx brz-css-keamk\" data-brz-custom-id=\"pttaqpkvkq\">\n<div class=\"brz-bg\"><\/div>\n<div class=\"brz-column__items brz-css-hcslw\">\n<div id class=\"brz-css-imtvm brz-css-tplff brz-wrapper\">\n<div class=\"brz-rich-text brz-rich-text__custom brz-css-gwffx\" data-brz-custom-id=\"bpuxwtqpqn\">\n<div data-brz-translate-text=\"1\">\n<p class=\"brz-mb-lg-5 brz-mt-lg-18 brz-text-lg-justify brz-lh-lg-1_7 brz-lh-sm-im-1_7 brz-lh-xs-im-1_7 brz-ls-lg-2 brz-ls-sm-im-2 brz-ls-xs-im-2 brz-ff-montserrat brz-fw-lg-400 brz-fw-sm-im-400 brz-fw-xs-im-400 brz-fs-lg-22 brz-fs-sm-im-21 brz-fs-xs-im-19 brz-css-eweon\"><strong class=\"brz-cp-color3\">   <\/strong><a class=\"link--external brz-cp-color3\" href=\"http:\/\/shortsea.org.tr\/wp-content\/uploads\/2019\/03\/6331.pdf\" data-brz-link-type=\"external\" target=\"_blank\"><strong>\u0130\u015e SA\u011eLI\u011eI VE G\u00dcVENL\u0130\u011e\u0130 KANUNU<\/strong><\/a><strong class=\"brz-cp-color3\"> <\/strong><em class=\"brz-cp-color1\">Resmi Gazete : 30.06.2012 &#8211; 28339<\/em><\/p>\n<\/div>\n<\/div>\n<\/div>\n<\/div>\n<\/div>\n<\/div>\n<\/div>\n<div id class=\"brz-css-imtvm brz-css-zpuiq brz-wrapper\">\n<div class=\"brz-line brz-line-default brz-css-lgywy brz-css-umypi\" data-brz-custom-id=\"aztepgfjfj\">\n<hr class=\"brz-hr\"><\/div>\n<\/div>\n<div class=\"brz-row__container brz-css-qzcup\" data-brz-custom-id=\"iqcgdzzyfg\">\n<div class=\"brz-bg\"><\/div>\n<div class=\"brz-row brz-row--inner brz-css-liisa\">\n<div class=\"brz-columns brz-css-lsjwx brz-css-pyqke\" data-brz-custom-id=\"ozgjrkzdph\">\n<div class=\"brz-bg\"><\/div>\n<div class=\"brz-column__items brz-css-hcslw\">\n<div id class=\"brz-css-imtvm brz-wrapper\">\n<div class=\"brz-rich-text brz-rich-text__custom brz-css-gwffx\" data-brz-custom-id=\"bjocykusuj\">\n<div data-brz-translate-text=\"1\">\n<p class=\"brz-fs-xs-im-21 brz-fs-sm-im-21 brz-fs-lg-22 brz-fw-xs-im-300 brz-fw-sm-im-300 brz-fw-lg-300 brz-ff-noto_serif brz-ls-xs-im-0 brz-ls-sm-im-0 brz-ls-lg-0 brz-lh-xs-im-1_6 brz-lh-sm-im-1_6 brz-lh-lg-1_7 brz-css-ccozp\"><strong class=\"brz-cp-color1\" style=\"background-color: initial\">6331<\/strong><\/p>\n<\/div>\n<\/div>\n<\/div>\n<\/div>\n<\/div>\n<div class=\"brz-columns brz-css-lsjwx brz-css-kybhc\" data-brz-custom-id=\"llcayajcdj\">\n<div class=\"brz-bg\"><\/div>\n<div class=\"brz-column__items brz-css-hcslw\">\n<div id class=\"brz-css-imtvm brz-css-tyirv brz-wrapper\">\n<div class=\"brz-rich-text brz-rich-text__custom brz-css-gwffx\" data-brz-custom-id=\"pkihqmmacj\">\n<div data-brz-translate-text=\"1\">\n<p class=\"brz-mb-lg-5 brz-mt-lg-18 brz-text-lg-justify brz-lh-lg-1_7 brz-lh-sm-im-1_7 brz-lh-xs-im-1_7 brz-ls-lg-2 brz-ls-sm-im-2 brz-ls-xs-im-2 brz-ff-montserrat brz-fw-lg-400 brz-fw-sm-im-400 brz-fw-xs-im-400 brz-fs-lg-22 brz-fs-sm-im-21 brz-fs-xs-im-19 brz-css-nyvlj\"><strong class=\"brz-cp-color3\">   <\/strong><a class=\"link--external brz-cp-color3\" href=\"http:\/\/shortsea.org.tr\/wp-content\/uploads\/2019\/03\/6331.pdf\" data-brz-link-type=\"external\" target=\"_blank\"><strong>\u0130\u015e SA\u011eLI\u011eI VE G\u00dcVENL\u0130\u011e\u0130 KANUNU<\/strong><\/a><strong class=\"brz-cp-color3\"> <\/strong><em class=\"brz-cp-color1\">Resmi Gazete : 30.06.2012 &#8211; 28339<\/em><\/p>\n<\/div>\n<\/div>\n<\/div>\n<\/div>\n<\/div>\n<\/div>\n<\/div>\n<div id class=\"brz-css-imtvm brz-css-vvjdr brz-wrapper\">\n<div class=\"brz-line brz-line-default brz-css-lgywy brz-css-huhbk\" data-brz-custom-id=\"zlcmcdckvp\">\n<hr class=\"brz-hr\"><\/div>\n<\/div>\n<div class=\"brz-row__container brz-css-qzcup\" data-brz-custom-id=\"zfnjiqkxhy\">\n<div class=\"brz-bg\"><\/div>\n<div class=\"brz-row brz-row--inner brz-css-liisa\">\n<div class=\"brz-columns brz-css-lsjwx brz-css-rqhhi\" data-brz-custom-id=\"txiugsphps\">\n<div class=\"brz-bg\"><\/div>\n<div class=\"brz-column__items brz-css-hcslw\">\n<div id class=\"brz-css-imtvm brz-wrapper\">\n<div class=\"brz-rich-text brz-rich-text__custom brz-css-gwffx\" data-brz-custom-id=\"xrjvvgkbww\">\n<div data-brz-translate-text=\"1\">\n<p class=\"brz-fs-xs-im-21 brz-fs-sm-im-21 brz-fs-lg-22 brz-fw-xs-im-300 brz-fw-sm-im-300 brz-fw-lg-300 brz-ff-noto_serif brz-ls-xs-im-0 brz-ls-sm-im-0 brz-ls-lg-0 brz-lh-xs-im-1_6 brz-lh-sm-im-1_6 brz-lh-lg-1_7 brz-css-aomxl\"><strong class=\"brz-cp-color1\" style=\"background-color: initial\">6331<\/strong><\/p>\n<\/div>\n<\/div>\n<\/div>\n<\/div>\n<\/div>\n<div class=\"brz-columns brz-css-lsjwx brz-css-lowmg\" data-brz-custom-id=\"xxlfebqwzg\">\n<div class=\"brz-bg\"><\/div>\n<div class=\"brz-column__items brz-css-hcslw\">\n<div id class=\"brz-css-imtvm brz-css-ynlah brz-wrapper\">\n<div class=\"brz-rich-text brz-rich-text__custom brz-css-gwffx\" data-brz-custom-id=\"thvpzzmcel\">\n<div data-brz-translate-text=\"1\">\n<p class=\"brz-mb-lg-5 brz-mt-lg-18 brz-text-lg-justify brz-lh-lg-1_7 brz-lh-sm-im-1_7 brz-lh-xs-im-1_7 brz-ls-lg-2 brz-ls-sm-im-2 brz-ls-xs-im-2 brz-ff-montserrat brz-fw-lg-400 brz-fw-sm-im-400 brz-fw-xs-im-400 brz-fs-lg-22 brz-fs-sm-im-21 brz-fs-xs-im-19 brz-css-nrimy\"><strong class=\"brz-cp-color3\">   <\/strong><a class=\"link--external brz-cp-color3\" href=\"http:\/\/shortsea.org.tr\/wp-content\/uploads\/2019\/03\/6331.pdf\" data-brz-link-type=\"external\" target=\"_blank\"><strong>\u0130\u015e SA\u011eLI\u011eI VE G\u00dcVENL\u0130\u011e\u0130 KANUNU<\/strong><\/a><strong class=\"brz-cp-color3\"> <\/strong><em class=\"brz-cp-color1\">Resmi Gazete : 30.06.2012 &#8211; 28339<\/em><\/p>\n<\/div>\n<\/div>\n<\/div>\n<\/div>\n<\/div>\n<\/div>\n<\/div>\n<div id class=\"brz-css-imtvm brz-css-pyqqr brz-wrapper\">\n<div class=\"brz-line brz-line-default brz-css-lgywy brz-css-viksu\" data-brz-custom-id=\"tvfbkqpbil\">\n<hr class=\"brz-hr\"><\/div>\n<\/div>\n<div id class=\"brz-css-imtvm brz-css-qzccy brz-wrapper\">\n<div class=\"brz-line brz-line-default brz-css-lgywy brz-css-sxhdi\" data-brz-custom-id=\"yzhhetsace\">\n<hr class=\"brz-hr\"><\/div>\n<\/div>\n<div id class=\"brz-css-imtvm brz-css-cuwxp brz-wrapper\">\n<div class=\"brz-line brz-line-default brz-css-lgywy brz-css-skcdr\" data-brz-custom-id=\"qrytitxvxm\">\n<hr class=\"brz-hr\"><\/div>\n<\/div>\n<div id class=\"brz-css-imtvm brz-css-qbwrx brz-wrapper\">\n<div class=\"brz-line brz-line-default brz-css-lgywy brz-css-gitfr\" data-brz-custom-id=\"iycxreavyy\">\n<hr class=\"brz-hr\"><\/div>\n<\/div>\n<div id class=\"brz-css-imtvm brz-css-fjmoy brz-wrapper\">\n<div class=\"brz-line brz-line-default brz-css-lgywy brz-css-uipgm\" data-brz-custom-id=\"ynwnxzxxrx\">\n<hr class=\"brz-hr\"><\/div>\n<\/div>\n<div id class=\"brz-css-imtvm brz-css-jevry brz-wrapper\">\n<div class=\"brz-line brz-line-default brz-css-lgywy brz-css-gifur\" data-brz-custom-id=\"dqsjzgzcwz\">\n<hr class=\"brz-hr\"><\/div>\n<\/div>\n<div class=\"brz-wrapper-clone brz-css-gymll brz-css-xwnnl\">\n<div class=\"brz-d-xs-flex brz-flex-xs-wrap brz-css-vykuq\">\n<div class=\"brz-wrapper-clone__item\" id=\"ngitmvlghe\"><a class=\"brz-a brz-btn brz-css-vsnkf brz-css-tcpoc\" href target=\"_self\" rel=\"noopener\" data-brz-link-type=\"external\" data-brz-custom-id=\"ngitmvlghe\"><span data-brz-translate-text=\"1\" class=\"brz-span brz-text__editor\">BUY THIS PLAN<\/span><\/a><\/div>\n<\/div>\n<\/div>\n<\/div>\n<\/div>\n<\/div>\n<\/div>\n<\/div>\n<\/div>\n<\/section>\n<\/div>\n<p>    <!-- version:1760798022 --><\/p>\n","protected":false},"excerpt":{"rendered":"<p>KANUNLAR 6331 \u0130\u015e SA\u011eLI\u011eI VE G\u00dcVENL\u0130\u011e\u0130 KANUNU Resmi Gazete : 30.06.2012 &#8211; 28339 6331 \u0130\u015e SA\u011eLI\u011eI VE G\u00dcVENL\u0130\u011e\u0130 KANUNU Resmi Gazete : 30.06.2012 &#8211; 28339 6331 \u0130\u015e SA\u011eLI\u011eI VE G\u00dcVENL\u0130\u011e\u0130 KANUNU Resmi Gazete : 30.06.2012 ..<a href=\"https:\/\/shortsea.org.tr\/tr_tr\/kanunlar\/\" class=\"btn btn-default readmore-btn\" >Read More<\/a><\/p>\n","protected":false},"author":1,"featured_media":0,"parent":0,"menu_order":0,"comment_status":"closed","ping_status":"closed","template":"brizy-blank-template.php","meta":{"footnotes":""},"class_list":["post-2893","page","type-page","status-publish","hentry"],"_links":{"self":[{"href":"https:\/\/shortsea.org.tr\/tr_tr\/wp-json\/wp\/v2\/pages\/2893","targetHints":{"allow":["GET"]}}],"collection":[{"href":"https:\/\/shortsea.org.tr\/tr_tr\/wp-json\/wp\/v2\/pages"}],"about":[{"href":"https:\/\/shortsea.org.tr\/tr_tr\/wp-json\/wp\/v2\/types\/page"}],"author":[{"embeddable":true,"href":"https:\/\/shortsea.org.tr\/tr_tr\/wp-json\/wp\/v2\/users\/1"}],"replies":[{"embeddable":true,"href":"https:\/\/shortsea.org.tr\/tr_tr\/wp-json\/wp\/v2\/comments?post=2893"}],"version-history":[{"count":21,"href":"https:\/\/shortsea.org.tr\/tr_tr\/wp-json\/wp\/v2\/pages\/2893\/revisions"}],"predecessor-version":[{"id":10181,"href":"https:\/\/shortsea.org.tr\/tr_tr\/wp-json\/wp\/v2\/pages\/2893\/revisions\/10181"}],"wp:attachment":[{"href":"https:\/\/shortsea.org.tr\/tr_tr\/wp-json\/wp\/v2\/media?parent=2893"}],"curies":[{"name":"wp","href":"https:\/\/api.w.org\/{rel}","templated":true}]}}